{"id":19258,"date":"2025-05-11T14:26:12","date_gmt":"2025-05-11T12:26:12","guid":{"rendered":"https:\/\/tramasconsulting.com\/accesibilidad\/"},"modified":"2025-05-11T14:26:12","modified_gmt":"2025-05-11T12:26:12","slug":"accesibilidad","status":"publish","type":"page","link":"https:\/\/tramasconsulting.com\/es\/accesibilidad\/","title":{"rendered":"Accesibilidad"},"content":{"rendered":"<h2>Declaraci\u00f3n de accesibilidad<\/h2>\n<p>tramasconsulting.com se compromete a que su sitio web sea accesible cumpliendo con el Nivel AA seg\u00fan la norma UNE 301549:2020 (WCAG 2.1), basada en las Pautas de Accesibilidad al Contenido Web 2.0 del W3C.<\/p>\n<p>Esta declaraci\u00f3n de accesibilidad aplica al sitio web https:\/\/tramasconsulting.com.<\/p>\n<p>Por estos motivos, se han adoptado una serie de medidas en el sitio web para garantizar la accesibilidad del contenido, con el fin de:<\/p>\n<p>Facilitar el acceso a los usuarios independientemente de sus capacidades o entorno.<br \/>\nPermitir el acceso con diferentes agentes de usuario.<br \/>\nIncluir contenido claro y bien estructurado.<br \/>\nMejorar la navegaci\u00f3n y la experiencia del usuario.<br \/>\nMedidas adoptadas<\/p>\n<p>Se han adoptado las siguientes medidas:<\/p>\n<p>Separaci\u00f3n de contenido y presentaci\u00f3n: Uso de hojas de estilo (CSS) para la presentaci\u00f3n de la informaci\u00f3n y c\u00f3digo HTML para una correcta estructuraci\u00f3n. El dise\u00f1o se adapta correctamente a los agentes de usuario m\u00e1s comunes y los tama\u00f1os de fuente se definen en unidades relativas para permitir su redimensionamiento. Alternativas para elementos no textuales: Para cada elemento no textual, se han incluido las alternativas necesarias para que el usuario no tenga problemas de acceso al contenido.<br \/>\nMecanismos de navegaci\u00f3n adecuados: Los enlaces proporcionan detalles sobre la funci\u00f3n o el destino del hiperv\u00ednculo. Se proporcionan mecanismos de interacci\u00f3n para ayudar a los usuarios a localizar informaci\u00f3n y navegar por el sitio.<br \/>\nUso correcto de est\u00e1ndares: Los documentos web se crean seg\u00fan las especificaciones del W3C, el organismo que establece los est\u00e1ndares internacionales para la web. Los documentos son v\u00e1lidos y proporcionan el marcado adecuado para cada tipo de contenido.<br \/>\nObjetos programados: No se utilizan objetos programados para presentar informaci\u00f3n ni ofrecer funcionalidades importantes. Esto permite la navegaci\u00f3n por el sitio independientemente de las tecnolog\u00edas disponibles en el agente de usuario.<br \/>\nAccesibilidad de PDF: Algunos PDF publicados en nuestro sitio web no tienen una estructura accesible debido a limitaciones t\u00e9cnicas. En tales casos, si lo necesita, puede contactarnos a trav\u00e9s de la secci\u00f3n de contacto y solicitar el documento.<br \/>\nContacto<\/p>\n<p>Cualquier queja, consulta o sugerencia para mejorar la accesibilidad del sitio web puede enviarse a trav\u00e9s de cualquiera de los m\u00e9todos de contacto disponibles en la secci\u00f3n de contacto del sitio web.<\/p>\n<p>Estado de Cumplimiento<\/p>\n<p>Este sitio web cumple parcialmente con el Real Decreto 1112\/2018, de 7 de septiembre, debido al incumplimiento de los aspectos que se indican a continuaci\u00f3n.<\/p>\n<p>Contenido No Accesible<\/p>\n<p>El siguiente contenido no es accesible debido a:<\/p>\n<p>El uso de un sistema de gesti\u00f3n de contenido no garantiza que todos los usuarios que editan contenido cumplan con los est\u00e1ndares de accesibilidad, por lo que no se puede garantizar el cumplimiento de las WCAG 2.1 para todo el contenido. No obstante, nos comprometemos a resolver cualquier problema notificado.<br \/>\nCarga desproporcionada: No aplicable.<br \/>\nContenido fuera del \u00e1mbito de aplicaci\u00f3n de la legislaci\u00f3n aplicable.<br \/>\nArchivos de Office en PDF u otros formatos, as\u00ed como aplicaciones publicadas antes del 20 de septiembre de 2018, que no cumplan plenamente todos los requisitos de accesibilidad.<br \/>\nContenido multimedia en directo.<br \/>\nContenido multimedia pregrabado basado en el tiempo o publicado antes de la entrada en vigor del Real Decreto.<br \/>\nServicios de mapas y cartograf\u00eda en l\u00ednea.<br \/>\nContenido de terceros no financiado ni desarrollado por tramasconsulting.com. Preparaci\u00f3n de esta Declaraci\u00f3n de Accesibilidad<\/p>\n<p>Esta declaraci\u00f3n se elabor\u00f3 el 1 de junio de 2025.<\/p>\n<p>El m\u00e9todo empleado para elaborar esta declaraci\u00f3n fue una autoevaluaci\u00f3n del sitio web por parte de tramasconsulting.com y t\u00e9cnicos del departamento de desarrollo web mediante an\u00e1lisis manuales de accesibilidad, complementados con diversas herramientas semiautom\u00e1ticas, agentes de usuario y tecnolog\u00edas de asistencia.<\/p>\n<p>Comentarios e informaci\u00f3n de contacto<\/p>\n<p>Puede comunicarse sobre los requisitos de accesibilidad (Art\u00edculo 10.2.a) del Real Decreto 1112\/2018, de 7 de septiembre), tales como:<\/p>\n<p>Informar sobre cualquier posible incumplimiento de este sitio web.<\/p>\n<p>Informar sobre otras dificultades de acceso al contenido.<\/p>\n<p>Realizar cualquier otra consulta o sugerencia para mejorar la accesibilidad del sitio web.<\/p>\n<p>A trav\u00e9s de los siguientes canales:<\/p>\n<p>A trav\u00e9s del formulario de sugerencias que pone a su disposici\u00f3n tramasconsulting.com.<\/p>\n<p>Correo electr\u00f3nico: info@tramasconsulting.com<\/p>\n<p>Presencialmente en las oficinas de tramasconsulting.com.<\/p>\n<p>Las comunicaciones ser\u00e1n recibidas y tramitadas por la Unidad de Accesibilidad del sitio web tramasconsulting.com, responsable de la accesibilidad de los contenidos de este sitio web.<\/p>\n<p>Solicitudes de informaci\u00f3n accesible y quejas<\/p>\n<p>Las solicitudes de informaci\u00f3n accesible y quejas pueden presentarse a trav\u00e9s del formulario de sugerencias que pone a su disposici\u00f3n tramasconsulting.com.<br \/>\nCorreo electr\u00f3nico: info@tramasconsulting.com<\/p>\n","protected":false},"excerpt":{"rendered":"<p>Declaraci\u00f3n de accesibilidad tramasconsulting.com se compromete a que su sitio&hellip; <a class=\"continue\" href=\"https:\/\/tramasconsulting.com\/es\/accesibilidad\/\">Continuar<span> Accesibilidad<\/span><\/a><\/p>\n","protected":false},"author":1,"featured_media":0,"parent":0,"menu_order":0,"comment_status":"closed","ping_status":"closed","template":"100-width.php","meta":{"footnotes":""},"class_list":["post-19258","page","type-page","status-publish","hentry"],"yoast_head":"<!-- This site is optimized with the Yoast SEO plugin v27.4 - https:\/\/yoast.com\/product\/yoast-seo-wordpress\/ -->\n<title>Compromiso de Accesibilidad \u2013 Acceso Inclusivo y sin Barreras<\/title>\n<meta name=\"description\" content=\"Descubra nuestro compromiso con la accesibilidad. Nos esforzamos por garantizar que nuestro sitio web, nuestros servicios y nuestras comunicaciones sean inclusivos, f\u00e1ciles de usar y accesibles para todos, independientemente de su capacidad o tecnolog\u00eda.\" \/>\n<meta name=\"robots\" content=\"index, follow, max-snippet:-1, max-image-preview:large, max-video-preview:-1\" \/>\n<link rel=\"canonical\" href=\"https:\/\/tramasconsulting.com\/accessibility\/\" \/>\n<meta property=\"og:locale\" content=\"es_ES\" \/>\n<meta property=\"og:type\" content=\"article\" \/>\n<meta property=\"og:title\" content=\"Compromiso de Accesibilidad \u2013 Acceso Inclusivo y sin Barreras\" \/>\n<meta property=\"og:description\" content=\"Descubra nuestro compromiso con la accesibilidad. Nos esforzamos por garantizar que nuestro sitio web, nuestros servicios y nuestras comunicaciones sean inclusivos, f\u00e1ciles de usar y accesibles para todos, independientemente de su capacidad o tecnolog\u00eda.\" \/>\n<meta property=\"og:url\" content=\"https:\/\/tramasconsulting.com\/accessibility\/\" \/>\n<meta property=\"og:site_name\" content=\"Amalia Carmen Romero Pe\u00f1alver\" \/>\n<meta name=\"twitter:card\" content=\"summary_large_image\" \/>\n<meta name=\"twitter:label1\" content=\"Tiempo de lectura\" \/>\n\t<meta name=\"twitter:data1\" content=\"4 minutos\" \/>\n<script type=\"application\/ld+json\" class=\"yoast-schema-graph\">{\"@context\":\"https:\\\/\\\/schema.org\",\"@graph\":[{\"@type\":\"WebPage\",\"@id\":\"https:\\\/\\\/tramasconsulting.com\\\/accessibility\\\/\",\"url\":\"https:\\\/\\\/tramasconsulting.com\\\/accessibility\\\/\",\"name\":\"Compromiso de Accesibilidad \u2013 Acceso Inclusivo y sin Barreras\",\"isPartOf\":{\"@id\":\"https:\\\/\\\/tramasconsulting.com\\\/#website\"},\"datePublished\":\"2025-05-11T12:26:12+00:00\",\"description\":\"Descubra nuestro compromiso con la accesibilidad. Nos esforzamos por garantizar que nuestro sitio web, nuestros servicios y nuestras comunicaciones sean inclusivos, f\u00e1ciles de usar y accesibles para todos, independientemente de su capacidad o tecnolog\u00eda.\",\"breadcrumb\":{\"@id\":\"https:\\\/\\\/tramasconsulting.com\\\/accessibility\\\/#breadcrumb\"},\"inLanguage\":\"es\",\"potentialAction\":[{\"@type\":\"ReadAction\",\"target\":[\"https:\\\/\\\/tramasconsulting.com\\\/accessibility\\\/\"]}]},{\"@type\":\"BreadcrumbList\",\"@id\":\"https:\\\/\\\/tramasconsulting.com\\\/accessibility\\\/#breadcrumb\",\"itemListElement\":[{\"@type\":\"ListItem\",\"position\":1,\"name\":\"Portada\",\"item\":\"https:\\\/\\\/tramasconsulting.com\\\/es\\\/\"},{\"@type\":\"ListItem\",\"position\":2,\"name\":\"Accesibilidad\"}]},{\"@type\":\"WebSite\",\"@id\":\"https:\\\/\\\/tramasconsulting.com\\\/#website\",\"url\":\"https:\\\/\\\/tramasconsulting.com\\\/\",\"name\":\"Amalia Carmen Romero Pe\u00f1alver\",\"description\":\"Social and Health Consulting\",\"potentialAction\":[{\"@type\":\"SearchAction\",\"target\":{\"@type\":\"EntryPoint\",\"urlTemplate\":\"https:\\\/\\\/tramasconsulting.com\\\/?s={search_term_string}\"},\"query-input\":{\"@type\":\"PropertyValueSpecification\",\"valueRequired\":true,\"valueName\":\"search_term_string\"}}],\"inLanguage\":\"es\"},{\"@type\":\"ImageObject\",\"inLanguage\":\"es\",\"@id\":\"https:\\\/\\\/tramasconsulting.com\\\/accessibility\\\/#local-main-organization-logo\",\"url\":\"\",\"contentUrl\":\"\",\"caption\":\"Amalia Carmen Romero Pe\u00f1alver\"}]}<\/script>\n<!-- \/ Yoast SEO plugin. -->","yoast_head_json":{"title":"Compromiso de Accesibilidad \u2013 Acceso Inclusivo y sin Barreras","description":"Descubra nuestro compromiso con la accesibilidad. Nos esforzamos por garantizar que nuestro sitio web, nuestros servicios y nuestras comunicaciones sean inclusivos, f\u00e1ciles de usar y accesibles para todos, independientemente de su capacidad o tecnolog\u00eda.","robots":{"index":"index","follow":"follow","max-snippet":"max-snippet:-1","max-image-preview":"max-image-preview:large","max-video-preview":"max-video-preview:-1"},"canonical":"https:\/\/tramasconsulting.com\/accessibility\/","og_locale":"es_ES","og_type":"article","og_title":"Compromiso de Accesibilidad \u2013 Acceso Inclusivo y sin Barreras","og_description":"Descubra nuestro compromiso con la accesibilidad. Nos esforzamos por garantizar que nuestro sitio web, nuestros servicios y nuestras comunicaciones sean inclusivos, f\u00e1ciles de usar y accesibles para todos, independientemente de su capacidad o tecnolog\u00eda.","og_url":"https:\/\/tramasconsulting.com\/accessibility\/","og_site_name":"Amalia Carmen Romero Pe\u00f1alver","twitter_card":"summary_large_image","twitter_misc":{"Tiempo de lectura":"4 minutos"},"schema":{"@context":"https:\/\/schema.org","@graph":[{"@type":"WebPage","@id":"https:\/\/tramasconsulting.com\/accessibility\/","url":"https:\/\/tramasconsulting.com\/accessibility\/","name":"Compromiso de Accesibilidad \u2013 Acceso Inclusivo y sin Barreras","isPartOf":{"@id":"https:\/\/tramasconsulting.com\/#website"},"datePublished":"2025-05-11T12:26:12+00:00","description":"Descubra nuestro compromiso con la accesibilidad. Nos esforzamos por garantizar que nuestro sitio web, nuestros servicios y nuestras comunicaciones sean inclusivos, f\u00e1ciles de usar y accesibles para todos, independientemente de su capacidad o tecnolog\u00eda.","breadcrumb":{"@id":"https:\/\/tramasconsulting.com\/accessibility\/#breadcrumb"},"inLanguage":"es","potentialAction":[{"@type":"ReadAction","target":["https:\/\/tramasconsulting.com\/accessibility\/"]}]},{"@type":"BreadcrumbList","@id":"https:\/\/tramasconsulting.com\/accessibility\/#breadcrumb","itemListElement":[{"@type":"ListItem","position":1,"name":"Portada","item":"https:\/\/tramasconsulting.com\/es\/"},{"@type":"ListItem","position":2,"name":"Accesibilidad"}]},{"@type":"WebSite","@id":"https:\/\/tramasconsulting.com\/#website","url":"https:\/\/tramasconsulting.com\/","name":"Amalia Carmen Romero Pe\u00f1alver","description":"Social and Health Consulting","potentialAction":[{"@type":"SearchAction","target":{"@type":"EntryPoint","urlTemplate":"https:\/\/tramasconsulting.com\/?s={search_term_string}"},"query-input":{"@type":"PropertyValueSpecification","valueRequired":true,"valueName":"search_term_string"}}],"inLanguage":"es"},{"@type":"ImageObject","inLanguage":"es","@id":"https:\/\/tramasconsulting.com\/accessibility\/#local-main-organization-logo","url":"","contentUrl":"","caption":"Amalia Carmen Romero Pe\u00f1alver"}]}},"_links":{"self":[{"href":"https:\/\/tramasconsulting.com\/es\/wp-json\/wp\/v2\/pages\/19258","targetHints":{"allow":["GET"]}}],"collection":[{"href":"https:\/\/tramasconsulting.com\/es\/wp-json\/wp\/v2\/pages"}],"about":[{"href":"https:\/\/tramasconsulting.com\/es\/wp-json\/wp\/v2\/types\/page"}],"author":[{"embeddable":true,"href":"https:\/\/tramasconsulting.com\/es\/wp-json\/wp\/v2\/users\/1"}],"replies":[{"embeddable":true,"href":"https:\/\/tramasconsulting.com\/es\/wp-json\/wp\/v2\/comments?post=19258"}],"version-history":[{"count":0,"href":"https:\/\/tramasconsulting.com\/es\/wp-json\/wp\/v2\/pages\/19258\/revisions"}],"wp:attachment":[{"href":"https:\/\/tramasconsulting.com\/es\/wp-json\/wp\/v2\/media?parent=19258"}],"curies":[{"name":"wp","href":"https:\/\/api.w.org\/{rel}","templated":true}]}}