{"id":19259,"date":"2025-05-10T11:14:41","date_gmt":"2025-05-10T09:14:41","guid":{"rendered":"https:\/\/tramasconsulting.com\/blog\/"},"modified":"2025-09-09T09:46:45","modified_gmt":"2025-09-09T07:46:45","slug":"blog","status":"publish","type":"page","link":"https:\/\/tramasconsulting.com\/es\/blog\/","title":{"rendered":"Blog"},"content":{"rendered":"<div class=\"fusion-fullwidth fullwidth-box fusion-builder-row-1 fusion-flex-container has-pattern-background has-mask-background nonhundred-percent-fullwidth non-hundred-percent-height-scrolling\" style=\"--awb-border-radius-top-left:0px;--awb-border-radius-top-right:0px;--awb-border-radius-bottom-right:0px;--awb-border-radius-bottom-left:0px;--awb-padding-top:20px;--awb-background-color:var(--awb-color6);--awb-flex-wrap:wrap;\" ><div class=\"fusion-builder-row fusion-row fusion-flex-align-items-flex-start fusion-flex-content-wrap\" style=\"max-width:1144px;margin-left: calc(-4% \/ 2 );margin-right: calc(-4% \/ 2 );\"><div class=\"fusion-layout-column fusion_builder_column fusion-builder-column-0 fusion_builder_column_1_1 1_1 fusion-flex-column\" style=\"--awb-bg-size:cover;--awb-width-large:100%;--awb-margin-top-large:0px;--awb-spacing-right-large:1.92%;--awb-margin-bottom-large:20px;--awb-spacing-left-large:1.92%;--awb-width-medium:100%;--awb-order-medium:0;--awb-spacing-right-medium:1.92%;--awb-spacing-left-medium:1.92%;--awb-width-small:100%;--awb-order-small:0;--awb-spacing-right-small:1.92%;--awb-spacing-left-small:1.92%;\"><div class=\"fusion-column-wrapper fusion-column-has-shadow fusion-flex-justify-content-flex-start fusion-content-layout-column\"><div class=\"fusion-recent-posts fusion-recent-posts-1 avada-container layout-default layout-columns-3 fusion-recent-posts-infinite fusion-recent-posts-load-more\" data-pages=\"1\"><section class=\"fusion-columns columns fusion-columns-3 columns-3\"><article class=\"post fusion-column column col col-lg-4 col-md-4 col-sm-4\"><div class=\"fusion-flexslider fusion-flexslider-loading flexslider flexslider-hover-type-none\"><ul class=\"slides\"><li><a href=\"https:\/\/tramasconsulting.com\/es\/fortalecimiento-de-la-salud-publica-mediante-la-consultoria-social\/\" aria-label=\"Fortalecimiento de la salud p\u00fablica mediante la consultor\u00eda social\" class=\"hover-type-none\"><img decoding=\"async\" width=\"700\" height=\"441\" src=\"https:\/\/tramasconsulting.com\/wp-content\/uploads\/2025\/09\/IMG_20250916_204843-700x441.jpg\" class=\"attachment-recent-posts size-recent-posts\" alt=\"\" srcset=\"https:\/\/tramasconsulting.com\/wp-content\/uploads\/2025\/09\/IMG_20250916_204843-320x202.jpg 320w, https:\/\/tramasconsulting.com\/wp-content\/uploads\/2025\/09\/IMG_20250916_204843-700x441.jpg 700w\" sizes=\"(max-width: 700px) 100vw, 700px\" \/><\/a><\/li><\/ul><\/div><div class=\"recent-posts-content\"><span class=\"vcard\" style=\"display: none;\"><span class=\"fn\"><a href=\"https:\/\/tramasconsulting.com\/es\/author\/zndw\/\" title=\"Entradas de admin\" rel=\"author\">admin<\/a><\/span><\/span><span class=\"updated\" style=\"display:none;\">2025-09-22T16:25:32+02:00<\/span><h4 class=\"entry-title\"><a href=\"https:\/\/tramasconsulting.com\/es\/fortalecimiento-de-la-salud-publica-mediante-la-consultoria-social\/\">Fortalecimiento de la salud p\u00fablica mediante la consultor\u00eda social<\/a><\/h4><p class=\"meta\"><span class=\"vcard\" style=\"display: none;\"><span class=\"fn\"><a href=\"https:\/\/tramasconsulting.com\/es\/author\/zndw\/\" title=\"Entradas de admin\" rel=\"author\">admin<\/a><\/span><\/span><span class=\"updated\" style=\"display:none;\">2025-09-22T16:25:32+02:00<\/span><\/p><p>C\u00f3mo la consultor\u00eda conecta los sistemas de salud con las comunidades para lograr un impacto duradero En los \u00faltimos a\u00f1os, los desaf\u00edos de la salud p\u00fablica se han vuelto m\u00e1s complejos, influenciados no solo por [...]<\/p><\/div><\/article><article class=\"post fusion-column column col col-lg-4 col-md-4 col-sm-4\"><div class=\"fusion-flexslider fusion-flexslider-loading flexslider flexslider-hover-type-none\"><ul class=\"slides\"><li><a href=\"https:\/\/tramasconsulting.com\/es\/el-papel-de-la-consultoria-en-la-reduccion-de-las-desigualdades-en-salud\/\" aria-label=\"El papel de la consultor\u00eda en la reducci\u00f3n de las desigualdades en salud\" class=\"hover-type-none\"><img decoding=\"async\" width=\"700\" height=\"441\" src=\"https:\/\/tramasconsulting.com\/wp-content\/uploads\/2025\/09\/IMG_20220909_165600-700x441.jpg\" class=\"attachment-recent-posts size-recent-posts\" alt=\"\" srcset=\"https:\/\/tramasconsulting.com\/wp-content\/uploads\/2025\/09\/IMG_20220909_165600-320x202.jpg 320w, https:\/\/tramasconsulting.com\/wp-content\/uploads\/2025\/09\/IMG_20220909_165600-700x441.jpg 700w\" sizes=\"(max-width: 700px) 100vw, 700px\" \/><\/a><\/li><\/ul><\/div><div class=\"recent-posts-content\"><span class=\"vcard\" style=\"display: none;\"><span class=\"fn\"><a href=\"https:\/\/tramasconsulting.com\/es\/author\/zndw\/\" title=\"Entradas de admin\" rel=\"author\">admin<\/a><\/span><\/span><span class=\"updated\" style=\"display:none;\">2025-08-18T09:54:43+02:00<\/span><h4 class=\"entry-title\"><a href=\"https:\/\/tramasconsulting.com\/es\/el-papel-de-la-consultoria-en-la-reduccion-de-las-desigualdades-en-salud\/\">El papel de la consultor\u00eda en la reducci\u00f3n de las desigualdades en salud<\/a><\/h4><p class=\"meta\"><span class=\"vcard\" style=\"display: none;\"><span class=\"fn\"><a href=\"https:\/\/tramasconsulting.com\/es\/author\/zndw\/\" title=\"Entradas de admin\" rel=\"author\">admin<\/a><\/span><\/span><span class=\"updated\" style=\"display:none;\">2025-08-18T09:54:43+02:00<\/span><\/p><p>Por qu\u00e9 la evidencia, la participaci\u00f3n y la equidad son importantes en las estrategias de atenci\u00f3n m\u00e9dica actuales Las desigualdades en salud no son nuevas, pero las crisis recientes, desde pandemias hasta oleadas migratorias, las [...]<\/p><\/div><\/article><article class=\"post fusion-column column col col-lg-4 col-md-4 col-sm-4\"><div class=\"fusion-flexslider fusion-flexslider-loading flexslider flexslider-hover-type-none\"><ul class=\"slides\"><li><a href=\"https:\/\/tramasconsulting.com\/es\/de-los-datos-a-la-accion-como-la-consultoria-transforma-la-investigacion-sanitaria\/\" aria-label=\"De los datos a la acci\u00f3n: c\u00f3mo la consultor\u00eda transforma la investigaci\u00f3n sanitaria\" class=\"hover-type-none\"><img decoding=\"async\" width=\"700\" height=\"441\" src=\"https:\/\/tramasconsulting.com\/wp-content\/uploads\/2025\/09\/WhatsApp-Image-2025-09-10-at-12.19.16-1-700x441.jpeg\" class=\"attachment-recent-posts size-recent-posts\" alt=\"\" srcset=\"https:\/\/tramasconsulting.com\/wp-content\/uploads\/2025\/09\/WhatsApp-Image-2025-09-10-at-12.19.16-1-320x202.jpeg 320w, https:\/\/tramasconsulting.com\/wp-content\/uploads\/2025\/09\/WhatsApp-Image-2025-09-10-at-12.19.16-1-700x441.jpeg 700w\" sizes=\"(max-width: 700px) 100vw, 700px\" \/><\/a><\/li><\/ul><\/div><div class=\"recent-posts-content\"><span class=\"vcard\" style=\"display: none;\"><span class=\"fn\"><a href=\"https:\/\/tramasconsulting.com\/es\/author\/zndw\/\" title=\"Entradas de admin\" rel=\"author\">admin<\/a><\/span><\/span><span class=\"updated\" style=\"display:none;\">2025-08-18T09:56:41+02:00<\/span><h4 class=\"entry-title\"><a href=\"https:\/\/tramasconsulting.com\/es\/de-los-datos-a-la-accion-como-la-consultoria-transforma-la-investigacion-sanitaria\/\">De los datos a la acci\u00f3n: c\u00f3mo la consultor\u00eda transforma la investigaci\u00f3n sanitaria<\/a><\/h4><p class=\"meta\"><span class=\"vcard\" style=\"display: none;\"><span class=\"fn\"><a href=\"https:\/\/tramasconsulting.com\/es\/author\/zndw\/\" title=\"Entradas de admin\" rel=\"author\">admin<\/a><\/span><\/span><span class=\"updated\" style=\"display:none;\">2025-08-18T09:56:41+02:00<\/span><\/p><p>Convertir la evidencia en estrategias pr\u00e1cticas para las comunidades y los responsables de las pol\u00edticas En el mundo interconectado actual, el acceso a datos fiables ya no es el principal reto; lo que importa es [...]<\/p><\/div><\/article><\/section><\/div><\/div><\/div><\/div><\/div>\n","protected":false},"excerpt":{"rendered":"","protected":false},"author":1,"featured_media":0,"parent":0,"menu_order":0,"comment_status":"closed","ping_status":"closed","template":"100-width.php","meta":{"footnotes":""},"class_list":["post-19259","page","type-page","status-publish","hentry"],"yoast_head":"<!-- This site is optimized with the Yoast SEO plugin v27.4 - https:\/\/yoast.com\/product\/yoast-seo-wordpress\/ -->\n<title>Perspectivas, reflexiones y recursos sobre evaluaci\u00f3n, desarrollo y cambio social<\/title>\n<meta name=\"description\" content=\"Explore art\u00edculos, an\u00e1lisis y recursos pr\u00e1cticos sobre evaluaci\u00f3n, cooperaci\u00f3n internacional, investigaci\u00f3n social y desarrollo de capacidades.\" \/>\n<meta name=\"robots\" content=\"index, follow, max-snippet:-1, max-image-preview:large, max-video-preview:-1\" \/>\n<link rel=\"canonical\" href=\"https:\/\/tramasconsulting.com\/es\/blog\/\" \/>\n<meta property=\"og:locale\" content=\"es_ES\" \/>\n<meta property=\"og:type\" content=\"article\" \/>\n<meta property=\"og:title\" content=\"Perspectivas, reflexiones y recursos sobre evaluaci\u00f3n, desarrollo y cambio social\" \/>\n<meta property=\"og:description\" content=\"Explore art\u00edculos, an\u00e1lisis y recursos pr\u00e1cticos sobre evaluaci\u00f3n, cooperaci\u00f3n internacional, investigaci\u00f3n social y desarrollo de capacidades.\" \/>\n<meta property=\"og:url\" content=\"https:\/\/tramasconsulting.com\/es\/blog\/\" \/>\n<meta property=\"og:site_name\" content=\"Amalia Carmen Romero Pe\u00f1alver\" \/>\n<meta property=\"article:modified_time\" content=\"2025-09-09T07:46:45+00:00\" \/>\n<meta name=\"twitter:card\" content=\"summary_large_image\" \/>\n<meta name=\"twitter:label1\" content=\"Tiempo de lectura\" \/>\n\t<meta name=\"twitter:data1\" content=\"2 minutos\" \/>\n<script type=\"application\/ld+json\" class=\"yoast-schema-graph\">{\"@context\":\"https:\\\/\\\/schema.org\",\"@graph\":[{\"@type\":\"WebPage\",\"@id\":\"https:\\\/\\\/tramasconsulting.com\\\/es\\\/blog\\\/\",\"url\":\"https:\\\/\\\/tramasconsulting.com\\\/es\\\/blog\\\/\",\"name\":\"Perspectivas, reflexiones y recursos sobre evaluaci\u00f3n, desarrollo y cambio social\",\"isPartOf\":{\"@id\":\"https:\\\/\\\/tramasconsulting.com\\\/#website\"},\"datePublished\":\"2025-05-10T09:14:41+00:00\",\"dateModified\":\"2025-09-09T07:46:45+00:00\",\"description\":\"Explore art\u00edculos, an\u00e1lisis y recursos pr\u00e1cticos sobre evaluaci\u00f3n, cooperaci\u00f3n internacional, investigaci\u00f3n social y desarrollo de capacidades.\",\"breadcrumb\":{\"@id\":\"https:\\\/\\\/tramasconsulting.com\\\/es\\\/blog\\\/#breadcrumb\"},\"inLanguage\":\"es\",\"potentialAction\":[{\"@type\":\"ReadAction\",\"target\":[\"https:\\\/\\\/tramasconsulting.com\\\/es\\\/blog\\\/\"]}]},{\"@type\":\"BreadcrumbList\",\"@id\":\"https:\\\/\\\/tramasconsulting.com\\\/es\\\/blog\\\/#breadcrumb\",\"itemListElement\":[{\"@type\":\"ListItem\",\"position\":1,\"name\":\"Portada\",\"item\":\"https:\\\/\\\/tramasconsulting.com\\\/es\\\/\"},{\"@type\":\"ListItem\",\"position\":2,\"name\":\"Blog\"}]},{\"@type\":\"WebSite\",\"@id\":\"https:\\\/\\\/tramasconsulting.com\\\/#website\",\"url\":\"https:\\\/\\\/tramasconsulting.com\\\/\",\"name\":\"Amalia Carmen Romero Pe\u00f1alver\",\"description\":\"Social and Health Consulting\",\"potentialAction\":[{\"@type\":\"SearchAction\",\"target\":{\"@type\":\"EntryPoint\",\"urlTemplate\":\"https:\\\/\\\/tramasconsulting.com\\\/?s={search_term_string}\"},\"query-input\":{\"@type\":\"PropertyValueSpecification\",\"valueRequired\":true,\"valueName\":\"search_term_string\"}}],\"inLanguage\":\"es\"},{\"@type\":\"ImageObject\",\"inLanguage\":\"es\",\"@id\":\"https:\\\/\\\/tramasconsulting.com\\\/es\\\/blog\\\/#local-main-organization-logo\",\"url\":\"\",\"contentUrl\":\"\",\"caption\":\"Amalia Carmen Romero Pe\u00f1alver\"}]}<\/script>\n<!-- \/ Yoast SEO plugin. -->","yoast_head_json":{"title":"Perspectivas, reflexiones y recursos sobre evaluaci\u00f3n, desarrollo y cambio social","description":"Explore art\u00edculos, an\u00e1lisis y recursos pr\u00e1cticos sobre evaluaci\u00f3n, cooperaci\u00f3n internacional, investigaci\u00f3n social y desarrollo de capacidades.","robots":{"index":"index","follow":"follow","max-snippet":"max-snippet:-1","max-image-preview":"max-image-preview:large","max-video-preview":"max-video-preview:-1"},"canonical":"https:\/\/tramasconsulting.com\/es\/blog\/","og_locale":"es_ES","og_type":"article","og_title":"Perspectivas, reflexiones y recursos sobre evaluaci\u00f3n, desarrollo y cambio social","og_description":"Explore art\u00edculos, an\u00e1lisis y recursos pr\u00e1cticos sobre evaluaci\u00f3n, cooperaci\u00f3n internacional, investigaci\u00f3n social y desarrollo de capacidades.","og_url":"https:\/\/tramasconsulting.com\/es\/blog\/","og_site_name":"Amalia Carmen Romero Pe\u00f1alver","article_modified_time":"2025-09-09T07:46:45+00:00","twitter_card":"summary_large_image","twitter_misc":{"Tiempo de lectura":"2 minutos"},"schema":{"@context":"https:\/\/schema.org","@graph":[{"@type":"WebPage","@id":"https:\/\/tramasconsulting.com\/es\/blog\/","url":"https:\/\/tramasconsulting.com\/es\/blog\/","name":"Perspectivas, reflexiones y recursos sobre evaluaci\u00f3n, desarrollo y cambio social","isPartOf":{"@id":"https:\/\/tramasconsulting.com\/#website"},"datePublished":"2025-05-10T09:14:41+00:00","dateModified":"2025-09-09T07:46:45+00:00","description":"Explore art\u00edculos, an\u00e1lisis y recursos pr\u00e1cticos sobre evaluaci\u00f3n, cooperaci\u00f3n internacional, investigaci\u00f3n social y desarrollo de capacidades.","breadcrumb":{"@id":"https:\/\/tramasconsulting.com\/es\/blog\/#breadcrumb"},"inLanguage":"es","potentialAction":[{"@type":"ReadAction","target":["https:\/\/tramasconsulting.com\/es\/blog\/"]}]},{"@type":"BreadcrumbList","@id":"https:\/\/tramasconsulting.com\/es\/blog\/#breadcrumb","itemListElement":[{"@type":"ListItem","position":1,"name":"Portada","item":"https:\/\/tramasconsulting.com\/es\/"},{"@type":"ListItem","position":2,"name":"Blog"}]},{"@type":"WebSite","@id":"https:\/\/tramasconsulting.com\/#website","url":"https:\/\/tramasconsulting.com\/","name":"Amalia Carmen Romero Pe\u00f1alver","description":"Social and Health Consulting","potentialAction":[{"@type":"SearchAction","target":{"@type":"EntryPoint","urlTemplate":"https:\/\/tramasconsulting.com\/?s={search_term_string}"},"query-input":{"@type":"PropertyValueSpecification","valueRequired":true,"valueName":"search_term_string"}}],"inLanguage":"es"},{"@type":"ImageObject","inLanguage":"es","@id":"https:\/\/tramasconsulting.com\/es\/blog\/#local-main-organization-logo","url":"","contentUrl":"","caption":"Amalia Carmen Romero Pe\u00f1alver"}]}},"_links":{"self":[{"href":"https:\/\/tramasconsulting.com\/es\/wp-json\/wp\/v2\/pages\/19259","targetHints":{"allow":["GET"]}}],"collection":[{"href":"https:\/\/tramasconsulting.com\/es\/wp-json\/wp\/v2\/pages"}],"about":[{"href":"https:\/\/tramasconsulting.com\/es\/wp-json\/wp\/v2\/types\/page"}],"author":[{"embeddable":true,"href":"https:\/\/tramasconsulting.com\/es\/wp-json\/wp\/v2\/users\/1"}],"replies":[{"embeddable":true,"href":"https:\/\/tramasconsulting.com\/es\/wp-json\/wp\/v2\/comments?post=19259"}],"version-history":[{"count":2,"href":"https:\/\/tramasconsulting.com\/es\/wp-json\/wp\/v2\/pages\/19259\/revisions"}],"predecessor-version":[{"id":19546,"href":"https:\/\/tramasconsulting.com\/es\/wp-json\/wp\/v2\/pages\/19259\/revisions\/19546"}],"wp:attachment":[{"href":"https:\/\/tramasconsulting.com\/es\/wp-json\/wp\/v2\/media?parent=19259"}],"curies":[{"name":"wp","href":"https:\/\/api.w.org\/{rel}","templated":true}]}}