{"id":19261,"date":"2025-05-15T11:39:20","date_gmt":"2025-05-15T09:39:20","guid":{"rendered":"https:\/\/tramasconsulting.com\/?page_id=19261"},"modified":"2025-09-09T09:48:16","modified_gmt":"2025-09-09T07:48:16","slug":"contacto","status":"publish","type":"page","link":"https:\/\/tramasconsulting.com\/es\/contacto\/","title":{"rendered":"Contacto"},"content":{"rendered":"<p><div class=\"fusion-fullwidth fullwidth-box fusion-builder-row-1 fusion-flex-container has-pattern-background has-mask-background nonhundred-percent-fullwidth non-hundred-percent-height-scrolling\" style=\"--awb-border-radius-top-left:0px;--awb-border-radius-top-right:0px;--awb-border-radius-bottom-right:0px;--awb-border-radius-bottom-left:0px;--awb-padding-top:20px;--awb-background-color:var(--awb-color6);--awb-flex-wrap:wrap;\" ><div class=\"fusion-builder-row fusion-row fusion-flex-align-items-flex-start fusion-flex-content-wrap\" style=\"max-width:1144px;margin-left: calc(-4% \/ 2 );margin-right: calc(-4% \/ 2 );\"><div class=\"fusion-layout-column fusion_builder_column fusion-builder-column-0 fusion_builder_column_1_1 1_1 fusion-flex-column\" style=\"--awb-bg-size:cover;--awb-width-large:100%;--awb-margin-top-large:0px;--awb-spacing-right-large:50px;--awb-margin-bottom-large:20px;--awb-spacing-left-large:1.92%;--awb-width-medium:100%;--awb-order-medium:0;--awb-spacing-right-medium:50px;--awb-spacing-left-medium:1.92%;--awb-width-small:100%;--awb-order-small:0;--awb-spacing-right-small:1.92%;--awb-spacing-left-small:1.92%;\" data-scroll-devices=\"small-visibility,medium-visibility,large-visibility\"><div class=\"fusion-column-wrapper fusion-column-has-shadow fusion-flex-justify-content-flex-start fusion-content-layout-column\"><iframe src=\"https:\/\/www.google.com\/maps\/embed?pb=!1m18!1m12!1m3!1d13330187.983670024!2d-17.565702690856376!3d35.344714691546066!2m3!1f0!2f0!3f0!3m2!1i1024!2i768!4f13.1!3m3!1m2!1s0xc42e3783261bc8b%3A0xa6ec2c940768a3ec!2zRXNwYcOxYQ!5e0!3m2!1ses!2ses!4v1754472688544!5m2!1ses!2ses\" width=\"1150\" height=\"350\" style=\"border:0;\" allowfullscreen=\"\" loading=\"lazy\" referrerpolicy=\"no-referrer-when-downgrade\"><\/iframe><\/div><\/div><\/div><\/div><div class=\"fusion-fullwidth fullwidth-box fusion-builder-row-2 fusion-flex-container has-pattern-background has-mask-background nonhundred-percent-fullwidth non-hundred-percent-height-scrolling\" style=\"--awb-border-radius-top-left:0px;--awb-border-radius-top-right:0px;--awb-border-radius-bottom-right:0px;--awb-border-radius-bottom-left:0px;--awb-padding-top:20px;--awb-background-color:var(--awb-color6);--awb-flex-wrap:wrap;\" ><div class=\"fusion-builder-row fusion-row fusion-flex-align-items-flex-start fusion-flex-content-wrap\" style=\"max-width:1144px;margin-left: calc(-4% \/ 2 );margin-right: calc(-4% \/ 2 );\"><div class=\"fusion-layout-column fusion_builder_column fusion-builder-column-1 fusion_builder_column_1_2 1_2 fusion-flex-column\" style=\"--awb-bg-size:cover;--awb-width-large:50%;--awb-margin-top-large:0px;--awb-spacing-right-large:50px;--awb-margin-bottom-large:20px;--awb-spacing-left-large:3.84%;--awb-width-medium:50%;--awb-order-medium:0;--awb-spacing-right-medium:50px;--awb-spacing-left-medium:3.84%;--awb-width-small:100%;--awb-order-small:0;--awb-spacing-right-small:1.92%;--awb-spacing-left-small:1.92%;\" data-scroll-devices=\"small-visibility,medium-visibility,large-visibility\"><div class=\"fusion-column-wrapper fusion-column-has-shadow fusion-flex-justify-content-flex-start fusion-content-layout-column\"><div class=\"fusion-title title fusion-title-1 fusion-sep-none fusion-title-text fusion-title-size-two\"><h2 class=\"fusion-title-heading title-heading-left\" style=\"margin:0;\">Informaci\u00f3n del contacto<\/h2><\/div><ul style=\"--awb-margin-bottom:30px;--awb-line-height:27.2px;--awb-icon-width:27.2px;--awb-icon-height:27.2px;--awb-icon-margin:11.2px;--awb-content-margin:38.4px;--awb-circlecolor:var(--awb-color4);--awb-circle-yes-font-size:14.08px;\" class=\"fusion-checklist fusion-checklist-1 fusion-checklist-default type-icons\"><li class=\"fusion-li-item\" style=\"\"><span class=\"icon-wrapper circle-yes\"><i class=\"fusion-li-icon fa-envelope fas\" aria-hidden=\"true\"><\/i><\/span><div class=\"fusion-li-item-content\">\n<p>info@tramasconsulting.com<\/p>\n<\/div><\/li><li class=\"fusion-li-item\" style=\"\"><span class=\"icon-wrapper circle-yes\"><i class=\"fusion-li-icon fa-phone-alt fas\" aria-hidden=\"true\"><\/i><\/span><div class=\"fusion-li-item-content\">\n<p>618 24 36 88<\/p>\n<\/div><\/li><\/ul><\/div><\/div><div class=\"fusion-layout-column fusion_builder_column fusion-builder-column-2 fusion_builder_column_1_2 1_2 fusion-flex-column\" style=\"--awb-bg-size:cover;--awb-width-large:50%;--awb-margin-top-large:0px;--awb-spacing-right-large:3.84%;--awb-margin-bottom-large:20px;--awb-spacing-left-large:50px;--awb-width-medium:50%;--awb-order-medium:0;--awb-spacing-right-medium:3.84%;--awb-spacing-left-medium:50px;--awb-width-small:100%;--awb-order-small:0;--awb-spacing-right-small:1.92%;--awb-spacing-left-small:1.92%;\" data-scroll-devices=\"small-visibility,medium-visibility,large-visibility\"><div class=\"fusion-column-wrapper fusion-column-has-shadow fusion-flex-justify-content-flex-start fusion-content-layout-column\">\n<div class=\"wpcf7 no-js\" id=\"wpcf7-f19265-o1\" lang=\"es-ES\" dir=\"ltr\" data-wpcf7-id=\"19265\">\n<div class=\"screen-reader-response\"><p role=\"status\" aria-live=\"polite\" aria-atomic=\"true\"><\/p> <ul><\/ul><\/div>\n<form action=\"\/es\/wp-json\/wp\/v2\/pages\/19261#wpcf7-f19265-o1\" method=\"post\" class=\"wpcf7-form init\" aria-label=\"Formulario de contacto\" novalidate=\"novalidate\" data-status=\"init\">\n<fieldset class=\"hidden-fields-container\"><input type=\"hidden\" name=\"_wpcf7\" value=\"19265\" \/><input type=\"hidden\" name=\"_wpcf7_version\" value=\"6.1.1\" \/><input type=\"hidden\" name=\"_wpcf7_locale\" value=\"es_ES\" \/><input type=\"hidden\" name=\"_wpcf7_unit_tag\" value=\"wpcf7-f19265-o1\" \/><input type=\"hidden\" name=\"_wpcf7_container_post\" value=\"0\" \/><input type=\"hidden\" name=\"_wpcf7_posted_data_hash\" value=\"\" \/>\n<\/fieldset>\n<p><label for=\"your-name\">Tu nombre (obligatorio)<\/label>\n<\/p>\n<p><span class=\"wpcf7-form-control-wrap\" data-name=\"your-name\"><input size=\"40\" maxlength=\"400\" class=\"wpcf7-form-control wpcf7-text wpcf7-validates-as-required\" id=\"your-name\" aria-required=\"true\" aria-invalid=\"false\" value=\"\" type=\"text\" name=\"your-name\" \/><\/span>\n<\/p>\n<p><label for=\"your-phone\">Tu tel\u00e9fono (obligatorio)<\/label>\n<\/p>\n<p><span class=\"wpcf7-form-control-wrap\" data-name=\"your-phone\"><input size=\"40\" maxlength=\"400\" class=\"wpcf7-form-control wpcf7-text wpcf7-validates-as-required\" id=\"your-phone\" aria-required=\"true\" aria-invalid=\"false\" value=\"\" type=\"text\" name=\"your-phone\" \/><\/span>\n<\/p>\n<p><label for=\"your-mail\">Tu correo (obligatorio)<\/label>\n<\/p>\n<p><span class=\"wpcf7-form-control-wrap\" data-name=\"your-mail\"><input size=\"40\" maxlength=\"400\" class=\"wpcf7-form-control wpcf7-text wpcf7-validates-as-required\" id=\"your-mail\" aria-required=\"true\" aria-invalid=\"false\" value=\"\" type=\"text\" name=\"your-mail\" \/><\/span>\n<\/p>\n<p><label for=\"your-message\">Tu mensaje<\/label>\n<\/p>\n<p><span class=\"wpcf7-form-control-wrap\" data-name=\"your-message\"><textarea cols=\"40\" rows=\"10\" maxlength=\"2000\" class=\"wpcf7-form-control wpcf7-textarea\" id=\"your-message\" aria-invalid=\"false\" name=\"your-message\"><\/textarea><\/span>\n<\/p>\n\n<!-- POL\u00cdTICA DE PRIVACIDAD -->\n<p><label for=\"your-pr\"><\/label><span class=\"wpcf7-form-control-wrap\" data-name=\"accept-658\"><span class=\"wpcf7-form-control wpcf7-acceptance\"><span class=\"wpcf7-list-item\"><input type=\"checkbox\" name=\"accept-658\" value=\"1\" id=\"your-pr\" aria-invalid=\"false\" \/><\/span><\/span><\/span> He le\u00eddo y acepto la <a href=\"\/privacy-policy\/\">Pol\u00edtica de privacidad<\/a>\n<\/p>\n<p style=\"font-size: 13px;line-height: 19px;\">Al hacer clic en ENVIAR, nos proporciona sus datos, inform\u00e1ndole de que el Responsable del Tratamiento es tramasconsulting.com. Finalidad: responder a su consulta y enviarle la informaci\u00f3n solicitada. Base jur\u00eddica: su consentimiento. Destinatarios: sus datos se almacenan en una base de datos en nuestra web hasta que se resuelva la consulta. Puede ejercer sus derechos de acceso, rectificaci\u00f3n, limitaci\u00f3n o supresi\u00f3n contactando con info@tramasconsulting.com. Para m\u00e1s informaci\u00f3n, consulte nuestra <a href=\"\/privacy-policy\/\">Pol\u00edtica de privacidad<\/a>.\n<\/p>\n<p><input class=\"wpcf7-form-control wpcf7-submit has-spinner\" type=\"submit\" value=\"Enviar\" \/>\n<\/p><div class=\"fusion-alert alert custom alert-custom fusion-alert-center wpcf7-response-output awb-alert-native-link-color alert-dismissable awb-alert-close-boxed\" style=\"--awb-border-size:1px;--awb-border-top-left-radius:0px;--awb-border-top-right-radius:0px;--awb-border-bottom-left-radius:0px;--awb-border-bottom-right-radius:0px;\" role=\"alert\"><div class=\"fusion-alert-content-wrapper\"><span class=\"fusion-alert-content\"><\/span><\/div><button type=\"button\" class=\"close toggle-alert\" data-dismiss=\"alert\" aria-label=\"Close\">&times;<\/button><\/div>\n<\/form>\n<\/div>\n<\/div><\/div><\/div><\/div><\/p>\n","protected":false},"excerpt":{"rendered":"","protected":false},"author":1,"featured_media":0,"parent":0,"menu_order":0,"comment_status":"closed","ping_status":"closed","template":"100-width.php","meta":{"footnotes":""},"class_list":["post-19261","page","type-page","status-publish","hentry"],"yoast_head":"<!-- This site is optimized with the Yoast SEO plugin v27.4 - https:\/\/yoast.com\/product\/yoast-seo-wordpress\/ -->\n<title>Cont\u00e1ctenos \u2013 Contacte a nuestro equipo para obtener colaboraci\u00f3n y apoyo<\/title>\n<meta name=\"description\" content=\"\u00bfTiene preguntas o desea colaborar? Cont\u00e1ctenos para obtener m\u00e1s informaci\u00f3n sobre nuestros servicios de evaluaci\u00f3n, investigaci\u00f3n y asistencia t\u00e9cnica.\" \/>\n<meta name=\"robots\" content=\"index, follow, max-snippet:-1, max-image-preview:large, max-video-preview:-1\" \/>\n<link rel=\"canonical\" href=\"https:\/\/tramasconsulting.com\/es\/contacto\/\" \/>\n<meta property=\"og:locale\" content=\"es_ES\" \/>\n<meta property=\"og:type\" content=\"article\" \/>\n<meta property=\"og:title\" content=\"Cont\u00e1ctenos \u2013 Contacte a nuestro equipo para obtener colaboraci\u00f3n y apoyo\" \/>\n<meta property=\"og:description\" content=\"\u00bfTiene preguntas o desea colaborar? Cont\u00e1ctenos para obtener m\u00e1s informaci\u00f3n sobre nuestros servicios de evaluaci\u00f3n, investigaci\u00f3n y asistencia t\u00e9cnica.\" \/>\n<meta property=\"og:url\" content=\"https:\/\/tramasconsulting.com\/es\/contacto\/\" \/>\n<meta property=\"og:site_name\" content=\"Amalia Carmen Romero Pe\u00f1alver\" \/>\n<meta property=\"article:modified_time\" content=\"2025-09-09T07:48:16+00:00\" \/>\n<meta name=\"twitter:card\" content=\"summary_large_image\" \/>\n<meta name=\"twitter:label1\" content=\"Tiempo de lectura\" \/>\n\t<meta name=\"twitter:data1\" content=\"1 minuto\" \/>\n<script type=\"application\/ld+json\" class=\"yoast-schema-graph\">{\"@context\":\"https:\\\/\\\/schema.org\",\"@graph\":[{\"@type\":\"WebPage\",\"@id\":\"https:\\\/\\\/tramasconsulting.com\\\/es\\\/contacto\\\/\",\"url\":\"https:\\\/\\\/tramasconsulting.com\\\/es\\\/contacto\\\/\",\"name\":\"Cont\u00e1ctenos \u2013 Contacte a nuestro equipo para obtener colaboraci\u00f3n y apoyo\",\"isPartOf\":{\"@id\":\"https:\\\/\\\/tramasconsulting.com\\\/#website\"},\"datePublished\":\"2025-05-15T09:39:20+00:00\",\"dateModified\":\"2025-09-09T07:48:16+00:00\",\"description\":\"\u00bfTiene preguntas o desea colaborar? Cont\u00e1ctenos para obtener m\u00e1s informaci\u00f3n sobre nuestros servicios de evaluaci\u00f3n, investigaci\u00f3n y asistencia t\u00e9cnica.\",\"breadcrumb\":{\"@id\":\"https:\\\/\\\/tramasconsulting.com\\\/es\\\/contacto\\\/#breadcrumb\"},\"inLanguage\":\"es\",\"potentialAction\":[{\"@type\":\"ReadAction\",\"target\":[\"https:\\\/\\\/tramasconsulting.com\\\/es\\\/contacto\\\/\"]}]},{\"@type\":\"BreadcrumbList\",\"@id\":\"https:\\\/\\\/tramasconsulting.com\\\/es\\\/contacto\\\/#breadcrumb\",\"itemListElement\":[{\"@type\":\"ListItem\",\"position\":1,\"name\":\"Portada\",\"item\":\"https:\\\/\\\/tramasconsulting.com\\\/es\\\/\"},{\"@type\":\"ListItem\",\"position\":2,\"name\":\"Contacto\"}]},{\"@type\":\"WebSite\",\"@id\":\"https:\\\/\\\/tramasconsulting.com\\\/#website\",\"url\":\"https:\\\/\\\/tramasconsulting.com\\\/\",\"name\":\"Amalia Carmen Romero Pe\u00f1alver\",\"description\":\"Social and Health Consulting\",\"potentialAction\":[{\"@type\":\"SearchAction\",\"target\":{\"@type\":\"EntryPoint\",\"urlTemplate\":\"https:\\\/\\\/tramasconsulting.com\\\/?s={search_term_string}\"},\"query-input\":{\"@type\":\"PropertyValueSpecification\",\"valueRequired\":true,\"valueName\":\"search_term_string\"}}],\"inLanguage\":\"es\"},{\"@type\":\"ImageObject\",\"inLanguage\":\"es\",\"@id\":\"https:\\\/\\\/tramasconsulting.com\\\/es\\\/contacto\\\/#local-main-organization-logo\",\"url\":\"\",\"contentUrl\":\"\",\"caption\":\"Amalia Carmen Romero Pe\u00f1alver\"}]}<\/script>\n<!-- \/ Yoast SEO plugin. -->","yoast_head_json":{"title":"Cont\u00e1ctenos \u2013 Contacte a nuestro equipo para obtener colaboraci\u00f3n y apoyo","description":"\u00bfTiene preguntas o desea colaborar? Cont\u00e1ctenos para obtener m\u00e1s informaci\u00f3n sobre nuestros servicios de evaluaci\u00f3n, investigaci\u00f3n y asistencia t\u00e9cnica.","robots":{"index":"index","follow":"follow","max-snippet":"max-snippet:-1","max-image-preview":"max-image-preview:large","max-video-preview":"max-video-preview:-1"},"canonical":"https:\/\/tramasconsulting.com\/es\/contacto\/","og_locale":"es_ES","og_type":"article","og_title":"Cont\u00e1ctenos \u2013 Contacte a nuestro equipo para obtener colaboraci\u00f3n y apoyo","og_description":"\u00bfTiene preguntas o desea colaborar? Cont\u00e1ctenos para obtener m\u00e1s informaci\u00f3n sobre nuestros servicios de evaluaci\u00f3n, investigaci\u00f3n y asistencia t\u00e9cnica.","og_url":"https:\/\/tramasconsulting.com\/es\/contacto\/","og_site_name":"Amalia Carmen Romero Pe\u00f1alver","article_modified_time":"2025-09-09T07:48:16+00:00","twitter_card":"summary_large_image","twitter_misc":{"Tiempo de lectura":"1 minuto"},"schema":{"@context":"https:\/\/schema.org","@graph":[{"@type":"WebPage","@id":"https:\/\/tramasconsulting.com\/es\/contacto\/","url":"https:\/\/tramasconsulting.com\/es\/contacto\/","name":"Cont\u00e1ctenos \u2013 Contacte a nuestro equipo para obtener colaboraci\u00f3n y apoyo","isPartOf":{"@id":"https:\/\/tramasconsulting.com\/#website"},"datePublished":"2025-05-15T09:39:20+00:00","dateModified":"2025-09-09T07:48:16+00:00","description":"\u00bfTiene preguntas o desea colaborar? Cont\u00e1ctenos para obtener m\u00e1s informaci\u00f3n sobre nuestros servicios de evaluaci\u00f3n, investigaci\u00f3n y asistencia t\u00e9cnica.","breadcrumb":{"@id":"https:\/\/tramasconsulting.com\/es\/contacto\/#breadcrumb"},"inLanguage":"es","potentialAction":[{"@type":"ReadAction","target":["https:\/\/tramasconsulting.com\/es\/contacto\/"]}]},{"@type":"BreadcrumbList","@id":"https:\/\/tramasconsulting.com\/es\/contacto\/#breadcrumb","itemListElement":[{"@type":"ListItem","position":1,"name":"Portada","item":"https:\/\/tramasconsulting.com\/es\/"},{"@type":"ListItem","position":2,"name":"Contacto"}]},{"@type":"WebSite","@id":"https:\/\/tramasconsulting.com\/#website","url":"https:\/\/tramasconsulting.com\/","name":"Amalia Carmen Romero Pe\u00f1alver","description":"Social and Health Consulting","potentialAction":[{"@type":"SearchAction","target":{"@type":"EntryPoint","urlTemplate":"https:\/\/tramasconsulting.com\/?s={search_term_string}"},"query-input":{"@type":"PropertyValueSpecification","valueRequired":true,"valueName":"search_term_string"}}],"inLanguage":"es"},{"@type":"ImageObject","inLanguage":"es","@id":"https:\/\/tramasconsulting.com\/es\/contacto\/#local-main-organization-logo","url":"","contentUrl":"","caption":"Amalia Carmen Romero Pe\u00f1alver"}]}},"_links":{"self":[{"href":"https:\/\/tramasconsulting.com\/es\/wp-json\/wp\/v2\/pages\/19261","targetHints":{"allow":["GET"]}}],"collection":[{"href":"https:\/\/tramasconsulting.com\/es\/wp-json\/wp\/v2\/pages"}],"about":[{"href":"https:\/\/tramasconsulting.com\/es\/wp-json\/wp\/v2\/types\/page"}],"author":[{"embeddable":true,"href":"https:\/\/tramasconsulting.com\/es\/wp-json\/wp\/v2\/users\/1"}],"replies":[{"embeddable":true,"href":"https:\/\/tramasconsulting.com\/es\/wp-json\/wp\/v2\/comments?post=19261"}],"version-history":[{"count":9,"href":"https:\/\/tramasconsulting.com\/es\/wp-json\/wp\/v2\/pages\/19261\/revisions"}],"predecessor-version":[{"id":19548,"href":"https:\/\/tramasconsulting.com\/es\/wp-json\/wp\/v2\/pages\/19261\/revisions\/19548"}],"wp:attachment":[{"href":"https:\/\/tramasconsulting.com\/es\/wp-json\/wp\/v2\/media?parent=19261"}],"curies":[{"name":"wp","href":"https:\/\/api.w.org\/{rel}","templated":true}]}}