{"id":19270,"date":"2025-05-20T07:32:41","date_gmt":"2025-05-20T05:32:41","guid":{"rendered":"https:\/\/tramasconsulting.com\/ley-de-cookies\/"},"modified":"2025-05-20T07:32:41","modified_gmt":"2025-05-20T05:32:41","slug":"ley-de-cookies","status":"publish","type":"page","link":"https:\/\/tramasconsulting.com\/es\/ley-de-cookies\/","title":{"rendered":"Ley de cookies"},"content":{"rendered":"<div class=\"entry-content\">\n<h2>POL\u00cdTICA DE COOKIES<\/h2>\n<p>Debido a la entrada en vigor de la modificaci\u00f3n de la Ley de Servicios de la Sociedad de la Informaci\u00f3n (LSSICE) establecida por el Real Decreto 13\/2012, es obligatorio obtener el consentimiento expreso de los usuarios de todos los sitios web que utilizan cookies no esenciales antes de que naveguen por ellos.<\/p>\n<h2><span id=\"%C2%BFQUE_SON_LAS_COOKIES\" class=\"ez-toc-section\"><\/span>\u00bfQU\u00c9 SON LAS COOKIES?<\/h2>\n<p>Las cookies y tecnolog\u00edas similares, como los objetos locales compartidos, las cookies de Flash o los p\u00edxeles, son herramientas empleadas por los servidores web para almacenar y recuperar informaci\u00f3n acerca de sus visitantes, as\u00ed como para garantizar el correcto funcionamiento del sitio.<\/p>\n<p>Al utilizar estos dispositivos, el servidor web puede recordar algunos datos del usuario, como sus preferencias de visualizaci\u00f3n de las p\u00e1ginas de ese servidor, nombre de usuario y contrase\u00f1a, productos de inter\u00e9s, etc.<\/p>\n<h2><span id=\"COOKIES_AFECTADAS_POR_LA_NORMATIVA_Y_COOKIES_EXCEPTUADAS\" class=\"ez-toc-section\"><\/span><em>COOKIES<\/em> AFECTADAS POR LA NORMATIVA Y COOKIES EXENTAS<\/h2>\n<p>Seg\u00fan la directiva de la UE, las cookies que requieren el consentimiento informado del usuario son las de anal\u00edtica y las de publicidad\/afiliaci\u00f3n, quedando exceptuadas las cookies t\u00e9cnicas y las necesarias para el funcionamiento del sitio web o para la prestaci\u00f3n de servicios expresamente solicitados por el usuario.<\/p>\n<h2><span id=\"%C2%BFQUE_TIPOS_DE_COOKIES_EXISTEN\" class=\"ez-toc-section\"><\/span>\u00bfQU\u00c9 TIPOS DE COOKIES EXISTEN?<\/h2>\n<h3><span id=\"SEGUN_LA_FINALIDAD\" class=\"ez-toc-section\"><\/span><strong>SEG\u00daN LA FINALIDAD<\/strong><\/h3>\n<ul>\n<li><strong>Cookies t\u00e9cnicas y funcionales<\/strong>: permiten al usuario la navegaci\u00f3n a trav\u00e9s de una p\u00e1gina web, plataforma o aplicaci\u00f3n y la utilizaci\u00f3n de las diferentes opciones o servicios que ofrece.<\/li>\n<li><strong>Cookies anal\u00edticas<\/strong>: permiten al responsable del sitio web el seguimiento y an\u00e1lisis del comportamiento de los usuarios de los sitios web enlazados. La informaci\u00f3n recopilada con estas cookies se utiliza para medir la actividad del sitio web y crear perfiles de navegaci\u00f3n para mejorar los servicios.Cookies publicitarias: gestionan los espacios publicitarios incluidos en un sitio web, aplicaci\u00f3n o plataforma para optimizar su eficacia en funci\u00f3n del contenido o la frecuencia de los anuncios.<br \/>\nCookies de publicidad comportamental: recopilan informaci\u00f3n sobre las preferencias del usuario (retargeting) para gestionar los espacios publicitarios de forma m\u00e1s eficaz.<br \/>\nCookies sociales: las configuran las plataformas de redes sociales para permitir compartir contenido con amigos y redes. Estas plataformas podr\u00edan rastrear tu actividad en l\u00ednea fuera de los servicios.<\/li>\n<li><strong>Cookies de afiliados: rastrean las visitas desde otros sitios web que tienen un contrato de afiliaci\u00f3n con el sitio.<\/strong><\/li>\n<li><strong>Cookies de seguridad: almacenan informaci\u00f3n cifrada para evitar que los datos sean vulnerables a ataques maliciosos de terceros.<\/strong><\/li>\n<\/ul>\n<h3><span id=\"SEGUN_LA_PROPIEDAD\" class=\"ez-toc-section\"><\/span>SEG\u00daN LA PROPIEDAD<\/h3>\n<ul>\n<li><strong>Cookies propias: se env\u00edan al dispositivo del usuario desde un dominio gestionado por el editor del sitio que presta el servicio solicitado.<\/strong><\/li>\n<li><strong>Cookies de terceros: se env\u00edan desde un dominio no gestionado por el editor, sino por otra entidad que procesa los datos. Recopilados.<\/strong><\/li>\n<\/ul>\n<h3><span id=\"SEGUN_EL_PLAZO_DE_CONSERVACION\" class=\"ez-toc-section\"><\/span>SEG\u00daN EL PERIODO DE CONSERVACI\u00d3N<\/h3>\n<ul>\n<li><strong>Cookies de sesi\u00f3n: dise\u00f1adas para recopilar y almacenar datos \u00fanicamente mientras el usuario accede a un sitio web.<\/strong><\/li>\n<li><strong>Cookies persistentes: los datos permanecen almacenados en el dispositivo y se puede acceder a ellos durante un periodo definido por el responsable de la cookie, que puede ir desde minutos hasta varios a\u00f1os.<\/strong><\/li>\n<\/ul>\n<h2><span id=\"COOKIES_UTILIZADAS_EN_ESTE_SITIO_WEB\" class=\"ez-toc-section\"><\/span><em>COOKIES<\/em> UTILIZADAS EN ESTE SITIO WEB<\/h2>\n<h3><span id=\"COOKIES_CONTROLADAS_POR_EL_EDITOR\" class=\"ez-toc-section\"><\/span><em>COOKIES<\/em> CONTROLADAS POR EL EDITOR<\/h3>\n<h4><span id=\"T\u00e9cnicas_y_funcionales\" class=\"ez-toc-section\"><\/span><strong>T\u00e9cnicas y funcionales<\/strong><\/h4>\n<figure class=\"wp-block-table is-style-regular\">\n<table class=\"has-fixed-layout\">\n<thead>\n<tr>\n<th><strong>Propietario<\/strong><\/th>\n<th><strong><em>Cookie<\/em><\/strong><\/th>\n<th><strong>Finalidad<\/strong><\/th>\n<th><strong>Duraci\u00f3n<\/strong><\/th>\n<\/tr>\n<\/thead>\n<tbody>\n<tr>\n<td>tramasconsulting.com<\/td>\n<td><strong>cmplz_marketing<\/strong><\/td>\n<td>Cookie necesaria para el uso de las opciones y servicios del sitio web<\/td>\n<td>un a\u00f1o<\/td>\n<\/tr>\n<tr>\n<td>tramasconsulting.com<\/td>\n<td><strong>complianz_consent_status<\/strong><\/td>\n<td>Cookie necesaria para el uso de Opciones y servicios del sitio web<\/td>\n<td>Un a\u00f1o<\/td>\n<\/tr>\n<tr>\n<td>tramasconsulting.com<\/td>\n<td><strong>complianz_policy_id<\/strong><\/td>\n<td>Cookie necesaria para el uso de las opciones y servicios del sitio web<\/td>\n<td>Un a\u00f1o<\/td>\n<\/tr>\n<tr>\n<td>tramasconsultants.com<\/td>\n<td><strong>tocplus_hideto<br \/>\nc<\/strong><\/td>\n<td>Cookie necesaria para el uso de las opciones y servicios del sitio web<\/td>\n<td>un mes<\/td>\n<\/tr>\n<\/tbody>\n<\/table>\n<\/figure>\n<h4><span id=\"Analiticas\" class=\"ez-toc-section\"><\/span><strong>Anal\u00edticas<\/strong><\/h4>\n<figure class=\"wp-block-table\">\n<table class=\"has-fixed-layout\">\n<thead>\n<tr>\n<th><strong>Propietario<\/strong><\/th>\n<th><strong><em>Cookie<\/em><\/strong><\/th>\n<th><strong>Finalidad<\/strong><\/th>\n<th><strong>Duraci\u00f3n<\/strong><\/th>\n<\/tr>\n<\/thead>\n<tbody>\n<tr>\n<td>tramasconsulting.com<\/td>\n<td><strong>_ga<\/strong><\/td>\n<td>ID utilizado para identificar a los usuarios<\/td>\n<td>2 a\u00f1os<\/td>\n<\/tr>\n<tr>\n<td>tramasconsulting.com<\/td>\n<td><strong>_gat<\/strong><\/td>\n<td>Se utiliza para monitorizar el n\u00famero de solicitudes al servidor de Google Analytics al usar la etiqueta de Google Administrador<\/td>\n<td>sesi\u00f3n<\/td>\n<\/tr>\n<tr>\n<td>tramasconsulting.com<\/td>\n<td><strong>_gid<\/strong><\/td>\n<td>ID utilizado para identificar a los usuarios durante 24 horas despu\u00e9s de la \u00faltima actividad<\/td>\n<td>22 horas<\/td>\n<\/tr>\n<\/tbody>\n<\/table>\n<\/figure>\n<h3><span id=\"COOKIES_DE_TERCEROS\" class=\"ez-toc-section\"><\/span>COOKIES DE TERCEROS<br \/>\nLos servicios de terceros est\u00e1n fuera del control del editor. Los proveedores pueden cambiar las condiciones de servicio, los prop\u00f3sitos y el uso de las cookies en cualquier momento.<\/h3>\n<h4><span id=\"Proveedores_externos_de_este_sitio_web\" class=\"ez-toc-section\"><\/span><strong>Proveedores externos de este sitio web:<\/strong><\/h4>\n<figure class=\"wp-block-table\">\n<span id=\"REVOCACION_DEL_CONSENTIMIENTO_PARA_INSTALAR_COOKIES\" class=\"ez-toc-section\"><\/span>REVOCACI\u00d3N DEL CONSENTIMIENTO PARA INSTALAR <em>COOKIES<\/em><strong>Puedes seguir estas instrucciones para revocar las <em><a href=\"https:\/\/www.excavacionesvalencia\/politica-de-cookies\/\" target=\"_blank\" rel=\"noreferrer noopener\">Cookies<\/a><\/em>.<\/strong><span id=\"COMO_GESTIONAR_LAS_COOKIES_DESDE_EL_NAVEGADOR\" class=\"ez-toc-section\"><\/span>C\u00d3MO ADMINISTRAR LAS <em>COOKIES<\/em> DESDE SU NAVEGADOR<\/p>\n<ul>\n<li><strong>Eliminar las <em>cookies<\/em> de su dispositivo<\/strong>: Las <em>cookies<\/em> que ya est\u00e1n en un dispositivo se pueden eliminar borrando el historial del navegador, lo que elimina las cookies de todos los sitios visitados. Sin embargo, es posible que se pierda cierta informaci\u00f3n almacenada (por ejemplo, datos de inicio de sesi\u00f3n o preferencias del sitio web).<\/li>\n<li><strong>Administrar las <em>cookies<\/em><\/strong> espec\u00edficas del sitio: Para un control m\u00e1s preciso, los usuarios pueden ajustar la configuraci\u00f3n de privacidad y cookies en el navegador.<\/li>\n<li><strong>Bloquear las <em>cookies<\/em><\/strong>: La mayor\u00eda de los navegadores modernos pueden configurarse para bloquear el almacenamiento de <em>cookies<\/em> en los dispositivos, pero esto puede requerir el ajuste manual de ciertas preferencias en cada visita. Es posible que algunos servicios o funciones no funcionen correctamente (por ejemplo, inicios de sesi\u00f3n con perfil).<\/li>\n<\/ul>\n<p><span id=\"COMO_ELIMINAR_LAS_COOKIES_DE_LOS_NAVEGADORES_MAS_COMUNES\" class=\"ez-toc-section\"><\/span>C\u00d3MO ELIMINAR LAS <em>COOKIES<\/em> DE LOS NAVEGADORES M\u00c1S COMUNES<span id=\"Chrome\" class=\"ez-toc-section\"><\/span>Chrome1. Selecciona el icono Herramientas.<br \/>\n2. Haz clic en Configuraci\u00f3n.<br \/>\n3. Haz clic en Mostrar configuraci\u00f3n avanzada.<br \/>\n4. En la secci\u00f3n &#8220;Privacidad&#8221;, haz clic en Configuraci\u00f3n de contenido.<br \/>\n\u2022 Para eliminar las cookies: Haz clic en Todas las cookies y datos de sitios\u2026<br \/>\n\u2022 Para bloquear las cookies: Selecciona &#8220;No permitir que ning\u00fan sitio guarde datos&#8221;.<br \/>\n5. Haz clic en Borrar datos de navegaci\u00f3n (borrar cach\u00e9).<br \/>\n6. Cierra y reinicia el navegador.Para obtener m\u00e1s informaci\u00f3n sobre Chrome, haz clic aqu\u00ed: <a href=\"http:\/\/support.google.com\/chrome\/answer\/95647?hl=es\" target=\"_blank\" rel=\"noreferrer noopener nofollow\">http:\/\/support.google.com\/chrome\/answer\/95647?hl=es<\/a><span id=\"Internet_Explorer\" class=\"ez-toc-section\"><\/span>Internet Explorer (Versi\u00f3n 11)1. Haz clic en Herramientas y selecciona Opciones de Internet.<br \/>\n2. Selecciona la pesta\u00f1a General.<br \/>\n3. En Historial de navegaci\u00f3n, selecciona la casilla &#8220;Eliminar el historial de navegaci\u00f3n al salir&#8221;.<br \/>\n4. Haz clic en Eliminar archivos.<br \/>\n5. Selecciona Eliminar cookies.<br \/>\n6. Haz clic en Eliminar.<br \/>\n7. Haz clic en Aceptar.<br \/>\n8. Reinicia el navegador.Para obtener m\u00e1s informaci\u00f3n sobre Internet Explorer, haga clic aqu\u00ed: <a href=\"https:\/\/support.microsoft.com\/en-us\/help\/278835\/how-to-delete-cookie-files-in-internet-explorer\" target=\"_blank\" rel=\"noreferrer noopener nofollow\">https:\/\/support.microsoft.com\/en-us\/help\/278835\/how-to-delete-cookie-files-in-internet-explorer<\/a><span id=\"Mozilla_Firefox\" class=\"ez-toc-section\"><\/span>Mozilla Firefox (versi\u00f3n 18)1. En el men\u00fa de Firefox, haga clic en Historial y luego en Borrar historial reciente.<br \/>\n2. Expanda Detalles y seleccione Cookies, Cach\u00e9 e Inicios de sesi\u00f3n activos.<br \/>\n3. En el men\u00fa desplegable &#8220;Intervalo de tiempo para borrar&#8221;, seleccione Todo.<br \/>\n4. Haga clic en Borrar ahora.<br \/>\n5. Reinicie el navegador. Para aceptar o rechazar cookies individuales, vaya aPreferencias &gt; Historial &gt; Privacidad.Para m\u00e1s informaci\u00f3n sobre Mozilla Firefox, haz clic aqu\u00ed: <a href=\"https:\/\/www.mozilla.org\/en-US\/privacy\/websites\/#cookies\" target=\"_blank\" rel=\"noreferrer noopener nofollow\">https:\/\/www.mozilla.org\/en-US\/privacy\/websites\/#cookies<\/a><span id=\"Safari\" class=\"ez-toc-section\"><\/span>Safari (Versi\u00f3n 5.1)1. En el men\u00fa Safari\/Editar, haz clic en Restaurar Safari.<br \/>\n2. Selecciona Borrar historial y eliminar datos de sitios web.<br \/>\n3. Haz clic en Restablecer.<br \/>\n4. Reinicia el navegador.Para obtener m\u00e1s informaci\u00f3n sobre Safari, haz clic aqu\u00ed: <a href=\"https:\/\/www.apple.com\/legal\/privacy\/en-ww\/cookies\/\" target=\"_blank\" rel=\"noreferrer noopener nofollow\">https:\/\/www.apple.com\/legal\/privacy\/en-ww\/cookies\/<\/a><span id=\"Opera\" class=\"ez-toc-section\"><\/span>OperaVe a Opciones &gt; Avanzado &gt; Cookies para controlar la aceptaci\u00f3n o el rechazo de cookies.Para m\u00e1s informaci\u00f3n sobre Opera, haz clic aqu\u00ed: <a href=\"https:\/\/help.opera.com\/en\/latest\/security-and-privacy\/#clearBrowsingData\" target=\"_blank\" rel=\"noreferrer noopener nofollow\">https:\/\/help.opera.com\/en\/latest\/security-and-privacy\/#clearBrowsingData<\/a><span id=\"Otros_navegadores\" class=\"ez-toc-section\"><\/span>Otros navegadoresConsulta la documentaci\u00f3n oficial de tu navegador.<a href=\"http:\/\/support.google.com\/chrome\/bin\/answer.py?hl=es-ES&amp;answer=95647\" target=\"_blank\" rel=\"noreferrer noopener nofollow\">Google Chrome<\/a><br \/>\n<a href=\"https:\/\/support.microsoft.com\/es-es\/help\/17442\/windows-internet-explorer-delete-manage-cookies\" target=\"_blank\" rel=\"noreferrer noopener nofollow\">Internet Explorer<\/a><br \/>\n<a href=\"https:\/\/www.excavacionesvalencia\/politica-de-cookies\/#cookies-mozilla-firefox-enable-disable\" target=\"_blank\" rel=\"noreferrer noopener nofollow\">Mozilla Firefox<\/a><br \/>\n<a href=\"https:\/\/www.apple.com\/legal\/privacy\/es-es\/cookies\/\" target=\"_blank\" rel=\"noreferrer noopener nofollow\">Safari de Apple<\/a><\/p>\n<table class=\"has-fixed-layout\">\n<thead>\n<tr>\n<th>Proveedor<\/th>\n<th>Pol\u00edtica de Privacidad<\/th>\n<\/tr>\n<\/thead>\n<tbody>\n<tr>\n<td>Google Analytics<\/td>\n<td><a href=\"https:\/\/privacy.google.com\/take-control.html\" target=\"_blank\" rel=\"noreferrer noopener nofollow\">https:\/\/privacy.google.com\/take-control.html<\/a><\/td>\n<\/tr>\n<tr>\n<td>Redes Sociales<\/td>\n<td><a href=\"https:\/\/www.facebook.com\/policies\/cookies\/\" target=\"_blank\" rel=\"noreferrer noopener nofollow\">Facebook<\/a><\/td>\n<\/tr>\n<\/tbody>\n<\/table>\n<\/figure>\n<\/div>\n","protected":false},"excerpt":{"rendered":"<p>POL\u00cdTICA DE COOKIES Debido a la entrada en vigor de&hellip; <a class=\"continue\" href=\"https:\/\/tramasconsulting.com\/es\/ley-de-cookies\/\">Continuar<span> Ley de cookies<\/span><\/a><\/p>\n","protected":false},"author":1,"featured_media":0,"parent":0,"menu_order":0,"comment_status":"closed","ping_status":"closed","template":"","meta":{"footnotes":""},"class_list":["post-19270","page","type-page","status-publish","hentry"],"yoast_head":"<!-- This site is optimized with the Yoast SEO plugin v27.4 - https:\/\/yoast.com\/product\/yoast-seo-wordpress\/ -->\n<title>Pol\u00edtica de cookies: c\u00f3mo usamos las cookies para una mejor experiencia<\/title>\n<meta name=\"description\" content=\"Descubra c\u00f3mo utilizamos las cookies para mejorar su experiencia de navegaci\u00f3n, analizar el tr\u00e1fico del sitio y garantizar el correcto funcionamiento de nuestros servicios. Lea nuestra Pol\u00edtica de Cookies para obtener m\u00e1s informaci\u00f3n.\" \/>\n<meta name=\"robots\" content=\"index, follow, max-snippet:-1, max-image-preview:large, max-video-preview:-1\" \/>\n<link rel=\"canonical\" href=\"https:\/\/tramasconsulting.com\/cookie-law\/\" \/>\n<meta property=\"og:locale\" content=\"es_ES\" \/>\n<meta property=\"og:type\" content=\"article\" \/>\n<meta property=\"og:title\" content=\"Pol\u00edtica de cookies: c\u00f3mo usamos las cookies para una mejor experiencia\" \/>\n<meta property=\"og:description\" content=\"Descubra c\u00f3mo utilizamos las cookies para mejorar su experiencia de navegaci\u00f3n, analizar el tr\u00e1fico del sitio y garantizar el correcto funcionamiento de nuestros servicios. Lea nuestra Pol\u00edtica de Cookies para obtener m\u00e1s informaci\u00f3n.\" \/>\n<meta property=\"og:url\" content=\"https:\/\/tramasconsulting.com\/cookie-law\/\" \/>\n<meta property=\"og:site_name\" content=\"Amalia Carmen Romero Pe\u00f1alver\" \/>\n<meta name=\"twitter:card\" content=\"summary_large_image\" \/>\n<meta name=\"twitter:label1\" content=\"Tiempo de lectura\" \/>\n\t<meta name=\"twitter:data1\" content=\"6 minutos\" \/>\n<script type=\"application\/ld+json\" class=\"yoast-schema-graph\">{\"@context\":\"https:\\\/\\\/schema.org\",\"@graph\":[{\"@type\":\"WebPage\",\"@id\":\"https:\\\/\\\/tramasconsulting.com\\\/cookie-law\\\/\",\"url\":\"https:\\\/\\\/tramasconsulting.com\\\/cookie-law\\\/\",\"name\":\"Pol\u00edtica de cookies: c\u00f3mo usamos las cookies para una mejor experiencia\",\"isPartOf\":{\"@id\":\"https:\\\/\\\/tramasconsulting.com\\\/#website\"},\"datePublished\":\"2025-05-20T05:32:41+00:00\",\"description\":\"Descubra c\u00f3mo utilizamos las cookies para mejorar su experiencia de navegaci\u00f3n, analizar el tr\u00e1fico del sitio y garantizar el correcto funcionamiento de nuestros servicios. Lea nuestra Pol\u00edtica de Cookies para obtener m\u00e1s informaci\u00f3n.\",\"breadcrumb\":{\"@id\":\"https:\\\/\\\/tramasconsulting.com\\\/cookie-law\\\/#breadcrumb\"},\"inLanguage\":\"es\",\"potentialAction\":[{\"@type\":\"ReadAction\",\"target\":[\"https:\\\/\\\/tramasconsulting.com\\\/cookie-law\\\/\"]}]},{\"@type\":\"BreadcrumbList\",\"@id\":\"https:\\\/\\\/tramasconsulting.com\\\/cookie-law\\\/#breadcrumb\",\"itemListElement\":[{\"@type\":\"ListItem\",\"position\":1,\"name\":\"Portada\",\"item\":\"https:\\\/\\\/tramasconsulting.com\\\/es\\\/\"},{\"@type\":\"ListItem\",\"position\":2,\"name\":\"Ley de cookies\"}]},{\"@type\":\"WebSite\",\"@id\":\"https:\\\/\\\/tramasconsulting.com\\\/#website\",\"url\":\"https:\\\/\\\/tramasconsulting.com\\\/\",\"name\":\"Amalia Carmen Romero Pe\u00f1alver\",\"description\":\"Social and Health Consulting\",\"potentialAction\":[{\"@type\":\"SearchAction\",\"target\":{\"@type\":\"EntryPoint\",\"urlTemplate\":\"https:\\\/\\\/tramasconsulting.com\\\/?s={search_term_string}\"},\"query-input\":{\"@type\":\"PropertyValueSpecification\",\"valueRequired\":true,\"valueName\":\"search_term_string\"}}],\"inLanguage\":\"es\"},{\"@type\":\"ImageObject\",\"inLanguage\":\"es\",\"@id\":\"https:\\\/\\\/tramasconsulting.com\\\/cookie-law\\\/#local-main-organization-logo\",\"url\":\"\",\"contentUrl\":\"\",\"caption\":\"Amalia Carmen Romero Pe\u00f1alver\"}]}<\/script>\n<!-- \/ Yoast SEO plugin. -->","yoast_head_json":{"title":"Pol\u00edtica de cookies: c\u00f3mo usamos las cookies para una mejor experiencia","description":"Descubra c\u00f3mo utilizamos las cookies para mejorar su experiencia de navegaci\u00f3n, analizar el tr\u00e1fico del sitio y garantizar el correcto funcionamiento de nuestros servicios. Lea nuestra Pol\u00edtica de Cookies para obtener m\u00e1s informaci\u00f3n.","robots":{"index":"index","follow":"follow","max-snippet":"max-snippet:-1","max-image-preview":"max-image-preview:large","max-video-preview":"max-video-preview:-1"},"canonical":"https:\/\/tramasconsulting.com\/cookie-law\/","og_locale":"es_ES","og_type":"article","og_title":"Pol\u00edtica de cookies: c\u00f3mo usamos las cookies para una mejor experiencia","og_description":"Descubra c\u00f3mo utilizamos las cookies para mejorar su experiencia de navegaci\u00f3n, analizar el tr\u00e1fico del sitio y garantizar el correcto funcionamiento de nuestros servicios. Lea nuestra Pol\u00edtica de Cookies para obtener m\u00e1s informaci\u00f3n.","og_url":"https:\/\/tramasconsulting.com\/cookie-law\/","og_site_name":"Amalia Carmen Romero Pe\u00f1alver","twitter_card":"summary_large_image","twitter_misc":{"Tiempo de lectura":"6 minutos"},"schema":{"@context":"https:\/\/schema.org","@graph":[{"@type":"WebPage","@id":"https:\/\/tramasconsulting.com\/cookie-law\/","url":"https:\/\/tramasconsulting.com\/cookie-law\/","name":"Pol\u00edtica de cookies: c\u00f3mo usamos las cookies para una mejor experiencia","isPartOf":{"@id":"https:\/\/tramasconsulting.com\/#website"},"datePublished":"2025-05-20T05:32:41+00:00","description":"Descubra c\u00f3mo utilizamos las cookies para mejorar su experiencia de navegaci\u00f3n, analizar el tr\u00e1fico del sitio y garantizar el correcto funcionamiento de nuestros servicios. Lea nuestra Pol\u00edtica de Cookies para obtener m\u00e1s informaci\u00f3n.","breadcrumb":{"@id":"https:\/\/tramasconsulting.com\/cookie-law\/#breadcrumb"},"inLanguage":"es","potentialAction":[{"@type":"ReadAction","target":["https:\/\/tramasconsulting.com\/cookie-law\/"]}]},{"@type":"BreadcrumbList","@id":"https:\/\/tramasconsulting.com\/cookie-law\/#breadcrumb","itemListElement":[{"@type":"ListItem","position":1,"name":"Portada","item":"https:\/\/tramasconsulting.com\/es\/"},{"@type":"ListItem","position":2,"name":"Ley de cookies"}]},{"@type":"WebSite","@id":"https:\/\/tramasconsulting.com\/#website","url":"https:\/\/tramasconsulting.com\/","name":"Amalia Carmen Romero Pe\u00f1alver","description":"Social and Health Consulting","potentialAction":[{"@type":"SearchAction","target":{"@type":"EntryPoint","urlTemplate":"https:\/\/tramasconsulting.com\/?s={search_term_string}"},"query-input":{"@type":"PropertyValueSpecification","valueRequired":true,"valueName":"search_term_string"}}],"inLanguage":"es"},{"@type":"ImageObject","inLanguage":"es","@id":"https:\/\/tramasconsulting.com\/cookie-law\/#local-main-organization-logo","url":"","contentUrl":"","caption":"Amalia Carmen Romero Pe\u00f1alver"}]}},"_links":{"self":[{"href":"https:\/\/tramasconsulting.com\/es\/wp-json\/wp\/v2\/pages\/19270","targetHints":{"allow":["GET"]}}],"collection":[{"href":"https:\/\/tramasconsulting.com\/es\/wp-json\/wp\/v2\/pages"}],"about":[{"href":"https:\/\/tramasconsulting.com\/es\/wp-json\/wp\/v2\/types\/page"}],"author":[{"embeddable":true,"href":"https:\/\/tramasconsulting.com\/es\/wp-json\/wp\/v2\/users\/1"}],"replies":[{"embeddable":true,"href":"https:\/\/tramasconsulting.com\/es\/wp-json\/wp\/v2\/comments?post=19270"}],"version-history":[{"count":0,"href":"https:\/\/tramasconsulting.com\/es\/wp-json\/wp\/v2\/pages\/19270\/revisions"}],"wp:attachment":[{"href":"https:\/\/tramasconsulting.com\/es\/wp-json\/wp\/v2\/media?parent=19270"}],"curies":[{"name":"wp","href":"https:\/\/api.w.org\/{rel}","templated":true}]}}