{"id":19282,"date":"2025-05-30T13:43:36","date_gmt":"2025-05-30T11:43:36","guid":{"rendered":"https:\/\/tramasconsulting.com\/?page_id=19282"},"modified":"2025-09-22T14:55:48","modified_gmt":"2025-09-22T12:55:48","slug":"principales-areas-de-trabajo","status":"publish","type":"page","link":"https:\/\/tramasconsulting.com\/es\/principales-areas-de-trabajo\/","title":{"rendered":"Principales \u00e1reas de trabajo"},"content":{"rendered":"<p><div class=\"fusion-fullwidth fullwidth-box fusion-builder-row-1 fusion-flex-container has-pattern-background has-mask-background nonhundred-percent-fullwidth non-hundred-percent-height-scrolling\" style=\"--awb-border-radius-top-left:0px;--awb-border-radius-top-right:0px;--awb-border-radius-bottom-right:0px;--awb-border-radius-bottom-left:0px;--awb-padding-top:24px;--awb-padding-bottom:24px;--awb-background-color:var(--awb-color6);--awb-flex-wrap:wrap;\" ><div class=\"fusion-builder-row fusion-row fusion-flex-align-items-stretch fusion-flex-content-wrap\" style=\"max-width:1144px;margin-left: calc(-4% \/ 2 );margin-right: calc(-4% \/ 2 );\"><div class=\"fusion-layout-column fusion_builder_column fusion-builder-column-0 fusion_builder_column_1_2 1_2 fusion-flex-column fusion-flex-align-self-stretch fusion-animated\" style=\"--awb-bg-image:url(&#039;https:\/\/tramasconsulting.com\/wp-content\/uploads\/2025\/06\/4.jpg&#039;);--awb-bg-position:center center;--awb-bg-size:cover;--awb-width-large:50%;--awb-margin-top-large:0px;--awb-spacing-right-large:3.84%;--awb-margin-bottom-large:20px;--awb-spacing-left-large:3.84%;--awb-width-medium:50%;--awb-order-medium:0;--awb-spacing-right-medium:3.84%;--awb-spacing-left-medium:3.84%;--awb-width-small:100%;--awb-order-small:0;--awb-spacing-right-small:1.92%;--awb-spacing-left-small:1.92%;\" data-animationType=\"slideInLeft\" data-animationDuration=\"0.3\" data-animationOffset=\"top-into-view\" data-scroll-devices=\"small-visibility,medium-visibility,large-visibility\"><div class=\"fusion-column-wrapper fusion-column-has-shadow fusion-flex-justify-content-center fusion-content-layout-column fusion-empty-column-bg-image fusion-column-has-bg-image\" data-bg-url=\"https:\/\/tramasconsulting.com\/wp-content\/uploads\/2025\/06\/4.jpg\"><img decoding=\"async\" class=\"fusion-empty-dims-img-placeholder fusion-no-large-visibility fusion-no-medium-visibility\" aria-label=\"4\" src=\"data:image\/svg+xml,%3Csvg%20xmlns%3D%27http%3A%2F%2Fwww.w3.org%2F2000%2Fsvg%27%20width%3D%271536%27%20height%3D%272048%27%20viewBox%3D%270%200%201536%202048%27%3E%3Crect%20width%3D%271536%27%20height%3D%272048%27%20fill-opacity%3D%220%22%2F%3E%3C%2Fsvg%3E\"><\/div><\/div><div class=\"fusion-layout-column fusion_builder_column fusion-builder-column-1 fusion_builder_column_1_2 1_2 fusion-flex-column fusion-flex-align-self-center\" style=\"--awb-bg-size:cover;--awb-width-large:50%;--awb-margin-top-large:0px;--awb-spacing-right-large:3.84%;--awb-margin-bottom-large:20px;--awb-spacing-left-large:3.84%;--awb-width-medium:50%;--awb-order-medium:0;--awb-spacing-right-medium:3.84%;--awb-spacing-left-medium:3.84%;--awb-width-small:100%;--awb-order-small:0;--awb-spacing-right-small:1.92%;--awb-spacing-left-small:1.92%;\" data-scroll-devices=\"small-visibility,medium-visibility,large-visibility\"><div class=\"fusion-column-wrapper fusion-column-has-shadow fusion-flex-justify-content-center fusion-content-layout-column\"><div class=\"fusion-title title fusion-title-1 fusion-sep-none fusion-title-text fusion-title-size-three\"><h3 class=\"fusion-title-heading title-heading-left\" style=\"margin:0;\">Panorama social y desarrollo<\/h3><\/div><div class=\"fusion-text fusion-text-1\"><p>Dise\u00f1o y desarrollo de investigaci\u00f3n social orientada a comprender y transformar realidades sociales complejas. Trabajamos con rigor metodol\u00f3gico, combinando t\u00e9cnicas cuantitativas y cualitativas para garantizar un an\u00e1lisis exhaustivo y preciso. Nuestros procesos se adaptan cuidadosamente a los contextos y necesidades espec\u00edficas de cada proyecto, garantizando su relevancia e impacto.<\/p>\n<p>Contamos con amplia experiencia colaborando con instituciones p\u00fablicas, universidades y organizaciones sociales en la elaboraci\u00f3n de diagn\u00f3sticos, estudios de caso, informes t\u00e9cnicos, informes de pol\u00edticas y otros materiales informativos dise\u00f1ados para apoyar la toma de decisiones y el cambio social.<\/p>\n<\/div><\/div><\/div><\/div><\/div><div class=\"fusion-fullwidth fullwidth-box fusion-builder-row-2 fusion-flex-container has-pattern-background has-mask-background nonhundred-percent-fullwidth non-hundred-percent-height-scrolling\" style=\"--awb-border-radius-top-left:0px;--awb-border-radius-top-right:0px;--awb-border-radius-bottom-right:0px;--awb-border-radius-bottom-left:0px;--awb-padding-top:24px;--awb-padding-bottom:24px;--awb-background-color:var(--awb-color8);--awb-flex-wrap:wrap;\" ><div class=\"fusion-builder-row fusion-row fusion-flex-align-items-stretch fusion-flex-content-wrap\" style=\"max-width:1144px;margin-left: calc(-4% \/ 2 );margin-right: calc(-4% \/ 2 );\"><div class=\"fusion-layout-column fusion_builder_column fusion-builder-column-2 fusion_builder_column_1_2 1_2 fusion-flex-column fusion-flex-align-self-center\" style=\"--awb-bg-size:cover;--awb-width-large:50%;--awb-margin-top-large:0px;--awb-spacing-right-large:3.84%;--awb-margin-bottom-large:20px;--awb-spacing-left-large:3.84%;--awb-width-medium:50%;--awb-order-medium:0;--awb-spacing-right-medium:3.84%;--awb-spacing-left-medium:3.84%;--awb-width-small:100%;--awb-order-small:0;--awb-spacing-right-small:1.92%;--awb-spacing-left-small:1.92%;\" data-scroll-devices=\"small-visibility,medium-visibility,large-visibility\"><div class=\"fusion-column-wrapper fusion-column-has-shadow fusion-flex-justify-content-center fusion-content-layout-column\"><div class=\"fusion-title title fusion-title-2 fusion-sep-none fusion-title-text fusion-title-size-three\" style=\"--awb-text-color:var(--awb-color6);\"><h3 class=\"fusion-title-heading title-heading-left\" style=\"margin:0;\">Salud P\u00fablica<\/h3><\/div><div class=\"fusion-text fusion-text-2\" style=\"--awb-text-color:#000000;\"><p>Desde la vigilancia epidemiol\u00f3gica hasta el estudio de las desigualdades en salud y los determinantes que las configuran, abordamos la salud como una responsabilidad colectiva y social. Nuestra perspectiva combina el rigor cient\u00edfico con un firme compromiso con la equidad, buscando siempre conectar los datos y la evidencia con acciones concretas que mejoren la vida de las personas.<\/p>\n<p>Entendemos la salud p\u00fablica no solo como la prevenci\u00f3n y el control de enfermedades, sino tambi\u00e9n como la promoci\u00f3n de entornos m\u00e1s saludables y justos. Por ello, nuestros proyectos integran perspectivas comunitarias, enfoques de g\u00e9nero e interseccionalidad, y una atenci\u00f3n especial a las \u201ccausas de las causas\u201d, garantizando que la investigaci\u00f3n y la pr\u00e1ctica contribuyan a sistemas de salud m\u00e1s resilientes e inclusivos.<\/p>\n<\/div><\/div><\/div><div class=\"fusion-layout-column fusion_builder_column fusion-builder-column-3 fusion_builder_column_1_2 1_2 fusion-flex-column fusion-flex-align-self-stretch fusion-animated\" style=\"--awb-bg-image:url(&#039;https:\/\/tramasconsulting.com\/wp-content\/uploads\/2025\/09\/IMG_20250829_124236-scaled.jpg&#039;);--awb-bg-position:center center;--awb-bg-size:cover;--awb-width-large:50%;--awb-margin-top-large:0px;--awb-spacing-right-large:3.84%;--awb-margin-bottom-large:20px;--awb-spacing-left-large:3.84%;--awb-width-medium:50%;--awb-order-medium:0;--awb-spacing-right-medium:3.84%;--awb-spacing-left-medium:3.84%;--awb-width-small:100%;--awb-order-small:0;--awb-spacing-right-small:1.92%;--awb-spacing-left-small:1.92%;\" data-animationType=\"slideInLeft\" data-animationDuration=\"0.3\" data-animationOffset=\"top-into-view\" data-scroll-devices=\"small-visibility,medium-visibility,large-visibility\"><div class=\"fusion-column-wrapper fusion-column-has-shadow fusion-flex-justify-content-center fusion-content-layout-column fusion-empty-column-bg-image fusion-column-has-bg-image\" data-bg-url=\"https:\/\/tramasconsulting.com\/wp-content\/uploads\/2025\/09\/IMG_20250829_124236-scaled.jpg\"><img decoding=\"async\" class=\"fusion-empty-dims-img-placeholder fusion-no-large-visibility fusion-no-medium-visibility\" aria-label=\"IMG_20250829_124236\" src=\"data:image\/svg+xml,%3Csvg%20xmlns%3D%27http%3A%2F%2Fwww.w3.org%2F2000%2Fsvg%27%20width%3D%271920%27%20height%3D%272560%27%20viewBox%3D%270%200%201920%202560%27%3E%3Crect%20width%3D%271920%27%20height%3D%272560%27%20fill-opacity%3D%220%22%2F%3E%3C%2Fsvg%3E\"><\/div><\/div><\/div><\/div><\/p>\n","protected":false},"excerpt":{"rendered":"","protected":false},"author":1,"featured_media":0,"parent":0,"menu_order":0,"comment_status":"closed","ping_status":"closed","template":"100-width.php","meta":{"footnotes":""},"class_list":["post-19282","page","type-page","status-publish","hentry"],"yoast_head":"<!-- This site is optimized with the Yoast SEO plugin v27.4 - https:\/\/yoast.com\/product\/yoast-seo-wordpress\/ -->\n<title>\u00c1reas de trabajo principales | Consultor\u00eda Sociosanitaria de TramAS<\/title>\n<meta name=\"description\" content=\"Descubra las principales \u00e1reas de trabajo de TramAS, como migraci\u00f3n, educaci\u00f3n, salud p\u00fablica y equidad social. Descubra c\u00f3mo nuestros servicios de investigaci\u00f3n y consultor\u00eda a medida impulsan un cambio social positivo.\" \/>\n<meta name=\"robots\" content=\"index, follow, max-snippet:-1, max-image-preview:large, max-video-preview:-1\" \/>\n<link rel=\"canonical\" href=\"https:\/\/tramasconsulting.com\/es\/principales-areas-de-trabajo\/\" \/>\n<meta property=\"og:locale\" content=\"es_ES\" \/>\n<meta property=\"og:type\" content=\"article\" \/>\n<meta property=\"og:title\" content=\"\u00c1reas de trabajo principales | Consultor\u00eda Sociosanitaria de TramAS\" \/>\n<meta property=\"og:description\" content=\"Descubra las principales \u00e1reas de trabajo de TramAS, como migraci\u00f3n, educaci\u00f3n, salud p\u00fablica y equidad social. Descubra c\u00f3mo nuestros servicios de investigaci\u00f3n y consultor\u00eda a medida impulsan un cambio social positivo.\" \/>\n<meta property=\"og:url\" content=\"https:\/\/tramasconsulting.com\/es\/principales-areas-de-trabajo\/\" \/>\n<meta property=\"og:site_name\" content=\"Amalia Carmen Romero Pe\u00f1alver\" \/>\n<meta property=\"article:modified_time\" content=\"2025-09-22T12:55:48+00:00\" \/>\n<meta name=\"twitter:card\" content=\"summary_large_image\" \/>\n<meta name=\"twitter:label1\" content=\"Tiempo de lectura\" \/>\n\t<meta name=\"twitter:data1\" content=\"2 minutos\" \/>\n<script type=\"application\/ld+json\" class=\"yoast-schema-graph\">{\"@context\":\"https:\\\/\\\/schema.org\",\"@graph\":[{\"@type\":\"WebPage\",\"@id\":\"https:\\\/\\\/tramasconsulting.com\\\/es\\\/principales-areas-de-trabajo\\\/\",\"url\":\"https:\\\/\\\/tramasconsulting.com\\\/es\\\/principales-areas-de-trabajo\\\/\",\"name\":\"\u00c1reas de trabajo principales | Consultor\u00eda Sociosanitaria de TramAS\",\"isPartOf\":{\"@id\":\"https:\\\/\\\/tramasconsulting.com\\\/#website\"},\"datePublished\":\"2025-05-30T11:43:36+00:00\",\"dateModified\":\"2025-09-22T12:55:48+00:00\",\"description\":\"Descubra las principales \u00e1reas de trabajo de TramAS, como migraci\u00f3n, educaci\u00f3n, salud p\u00fablica y equidad social. Descubra c\u00f3mo nuestros servicios de investigaci\u00f3n y consultor\u00eda a medida impulsan un cambio social positivo.\",\"breadcrumb\":{\"@id\":\"https:\\\/\\\/tramasconsulting.com\\\/es\\\/principales-areas-de-trabajo\\\/#breadcrumb\"},\"inLanguage\":\"es\",\"potentialAction\":[{\"@type\":\"ReadAction\",\"target\":[\"https:\\\/\\\/tramasconsulting.com\\\/es\\\/principales-areas-de-trabajo\\\/\"]}]},{\"@type\":\"BreadcrumbList\",\"@id\":\"https:\\\/\\\/tramasconsulting.com\\\/es\\\/principales-areas-de-trabajo\\\/#breadcrumb\",\"itemListElement\":[{\"@type\":\"ListItem\",\"position\":1,\"name\":\"Portada\",\"item\":\"https:\\\/\\\/tramasconsulting.com\\\/es\\\/\"},{\"@type\":\"ListItem\",\"position\":2,\"name\":\"Principales \u00e1reas de trabajo\"}]},{\"@type\":\"WebSite\",\"@id\":\"https:\\\/\\\/tramasconsulting.com\\\/#website\",\"url\":\"https:\\\/\\\/tramasconsulting.com\\\/\",\"name\":\"Amalia Carmen Romero Pe\u00f1alver\",\"description\":\"Social and Health Consulting\",\"potentialAction\":[{\"@type\":\"SearchAction\",\"target\":{\"@type\":\"EntryPoint\",\"urlTemplate\":\"https:\\\/\\\/tramasconsulting.com\\\/?s={search_term_string}\"},\"query-input\":{\"@type\":\"PropertyValueSpecification\",\"valueRequired\":true,\"valueName\":\"search_term_string\"}}],\"inLanguage\":\"es\"},{\"@type\":\"ImageObject\",\"inLanguage\":\"es\",\"@id\":\"https:\\\/\\\/tramasconsulting.com\\\/es\\\/principales-areas-de-trabajo\\\/#local-main-organization-logo\",\"url\":\"\",\"contentUrl\":\"\",\"caption\":\"Amalia Carmen Romero Pe\u00f1alver\"}]}<\/script>\n<!-- \/ Yoast SEO plugin. -->","yoast_head_json":{"title":"\u00c1reas de trabajo principales | Consultor\u00eda Sociosanitaria de TramAS","description":"Descubra las principales \u00e1reas de trabajo de TramAS, como migraci\u00f3n, educaci\u00f3n, salud p\u00fablica y equidad social. Descubra c\u00f3mo nuestros servicios de investigaci\u00f3n y consultor\u00eda a medida impulsan un cambio social positivo.","robots":{"index":"index","follow":"follow","max-snippet":"max-snippet:-1","max-image-preview":"max-image-preview:large","max-video-preview":"max-video-preview:-1"},"canonical":"https:\/\/tramasconsulting.com\/es\/principales-areas-de-trabajo\/","og_locale":"es_ES","og_type":"article","og_title":"\u00c1reas de trabajo principales | Consultor\u00eda Sociosanitaria de TramAS","og_description":"Descubra las principales \u00e1reas de trabajo de TramAS, como migraci\u00f3n, educaci\u00f3n, salud p\u00fablica y equidad social. Descubra c\u00f3mo nuestros servicios de investigaci\u00f3n y consultor\u00eda a medida impulsan un cambio social positivo.","og_url":"https:\/\/tramasconsulting.com\/es\/principales-areas-de-trabajo\/","og_site_name":"Amalia Carmen Romero Pe\u00f1alver","article_modified_time":"2025-09-22T12:55:48+00:00","twitter_card":"summary_large_image","twitter_misc":{"Tiempo de lectura":"2 minutos"},"schema":{"@context":"https:\/\/schema.org","@graph":[{"@type":"WebPage","@id":"https:\/\/tramasconsulting.com\/es\/principales-areas-de-trabajo\/","url":"https:\/\/tramasconsulting.com\/es\/principales-areas-de-trabajo\/","name":"\u00c1reas de trabajo principales | Consultor\u00eda Sociosanitaria de TramAS","isPartOf":{"@id":"https:\/\/tramasconsulting.com\/#website"},"datePublished":"2025-05-30T11:43:36+00:00","dateModified":"2025-09-22T12:55:48+00:00","description":"Descubra las principales \u00e1reas de trabajo de TramAS, como migraci\u00f3n, educaci\u00f3n, salud p\u00fablica y equidad social. Descubra c\u00f3mo nuestros servicios de investigaci\u00f3n y consultor\u00eda a medida impulsan un cambio social positivo.","breadcrumb":{"@id":"https:\/\/tramasconsulting.com\/es\/principales-areas-de-trabajo\/#breadcrumb"},"inLanguage":"es","potentialAction":[{"@type":"ReadAction","target":["https:\/\/tramasconsulting.com\/es\/principales-areas-de-trabajo\/"]}]},{"@type":"BreadcrumbList","@id":"https:\/\/tramasconsulting.com\/es\/principales-areas-de-trabajo\/#breadcrumb","itemListElement":[{"@type":"ListItem","position":1,"name":"Portada","item":"https:\/\/tramasconsulting.com\/es\/"},{"@type":"ListItem","position":2,"name":"Principales \u00e1reas de trabajo"}]},{"@type":"WebSite","@id":"https:\/\/tramasconsulting.com\/#website","url":"https:\/\/tramasconsulting.com\/","name":"Amalia Carmen Romero Pe\u00f1alver","description":"Social and Health Consulting","potentialAction":[{"@type":"SearchAction","target":{"@type":"EntryPoint","urlTemplate":"https:\/\/tramasconsulting.com\/?s={search_term_string}"},"query-input":{"@type":"PropertyValueSpecification","valueRequired":true,"valueName":"search_term_string"}}],"inLanguage":"es"},{"@type":"ImageObject","inLanguage":"es","@id":"https:\/\/tramasconsulting.com\/es\/principales-areas-de-trabajo\/#local-main-organization-logo","url":"","contentUrl":"","caption":"Amalia Carmen Romero Pe\u00f1alver"}]}},"_links":{"self":[{"href":"https:\/\/tramasconsulting.com\/es\/wp-json\/wp\/v2\/pages\/19282","targetHints":{"allow":["GET"]}}],"collection":[{"href":"https:\/\/tramasconsulting.com\/es\/wp-json\/wp\/v2\/pages"}],"about":[{"href":"https:\/\/tramasconsulting.com\/es\/wp-json\/wp\/v2\/types\/page"}],"author":[{"embeddable":true,"href":"https:\/\/tramasconsulting.com\/es\/wp-json\/wp\/v2\/users\/1"}],"replies":[{"embeddable":true,"href":"https:\/\/tramasconsulting.com\/es\/wp-json\/wp\/v2\/comments?post=19282"}],"version-history":[{"count":6,"href":"https:\/\/tramasconsulting.com\/es\/wp-json\/wp\/v2\/pages\/19282\/revisions"}],"predecessor-version":[{"id":19707,"href":"https:\/\/tramasconsulting.com\/es\/wp-json\/wp\/v2\/pages\/19282\/revisions\/19707"}],"wp:attachment":[{"href":"https:\/\/tramasconsulting.com\/es\/wp-json\/wp\/v2\/media?parent=19282"}],"curies":[{"name":"wp","href":"https:\/\/api.w.org\/{rel}","templated":true}]}}