{"id":19287,"date":"2025-06-04T16:46:41","date_gmt":"2025-06-04T14:46:41","guid":{"rendered":"https:\/\/tramasconsulting.com\/our-services\/"},"modified":"2025-09-22T15:24:26","modified_gmt":"2025-09-22T13:24:26","slug":"nuestros-servicios","status":"publish","type":"page","link":"https:\/\/tramasconsulting.com\/es\/nuestros-servicios\/","title":{"rendered":"Nuestros servicios"},"content":{"rendered":"<p><div class=\"fusion-fullwidth fullwidth-box fusion-builder-row-1 fusion-flex-container has-pattern-background has-mask-background nonhundred-percent-fullwidth non-hundred-percent-height-scrolling\" style=\"--awb-border-radius-top-left:0px;--awb-border-radius-top-right:0px;--awb-border-radius-bottom-right:0px;--awb-border-radius-bottom-left:0px;--awb-background-color:var(--awb-color6);--awb-flex-wrap:wrap;\" ><div class=\"fusion-builder-row fusion-row fusion-flex-align-items-flex-start fusion-flex-content-wrap\" style=\"max-width:1144px;margin-left: calc(-4% \/ 2 );margin-right: calc(-4% \/ 2 );\"><div class=\"fusion-layout-column fusion_builder_column fusion-builder-column-0 fusion_builder_column_1_1 1_1 fusion-flex-column\" style=\"--awb-bg-size:cover;--awb-width-large:100%;--awb-margin-top-large:0px;--awb-spacing-right-large:1.92%;--awb-margin-bottom-large:20px;--awb-spacing-left-large:1.92%;--awb-width-medium:100%;--awb-order-medium:0;--awb-spacing-right-medium:1.92%;--awb-spacing-left-medium:1.92%;--awb-width-small:100%;--awb-order-small:0;--awb-spacing-right-small:1.92%;--awb-spacing-left-small:1.92%;\"><div class=\"fusion-column-wrapper fusion-column-has-shadow fusion-flex-justify-content-flex-start fusion-content-layout-column\"><div class=\"fusion-title title fusion-title-1 fusion-sep-none fusion-title-text fusion-title-size-two\" style=\"--awb-text-color:var(--awb-color5);\"><h2 class=\"fusion-title-heading title-heading-left\" style=\"margin:0;\"><p style=\"text-align: center;\">Servicios de consultor\u00eda experta para comprender, evaluar y transformar las realidades sociales y de salud<\/p><\/h2><\/div><\/div><\/div><\/div><\/div><div class=\"fusion-fullwidth fullwidth-box fusion-builder-row-2 fusion-flex-container has-pattern-background has-mask-background nonhundred-percent-fullwidth non-hundred-percent-height-scrolling\" style=\"--awb-border-radius-top-left:0px;--awb-border-radius-top-right:0px;--awb-border-radius-bottom-right:0px;--awb-border-radius-bottom-left:0px;--awb-padding-top:10px;--awb-padding-bottom:10px;--awb-background-color:var(--awb-color6);--awb-flex-wrap:wrap;\" ><div class=\"fusion-builder-row fusion-row fusion-flex-align-items-stretch fusion-flex-content-wrap\" style=\"max-width:1144px;margin-left: calc(-4% \/ 2 );margin-right: calc(-4% \/ 2 );\"><div class=\"fusion-layout-column fusion_builder_column fusion-builder-column-1 fusion_builder_column_1_2 1_2 fusion-flex-column fusion-flex-align-self-center\" style=\"--awb-bg-size:cover;--awb-width-large:50%;--awb-margin-top-large:0px;--awb-spacing-right-large:3.84%;--awb-margin-bottom-large:20px;--awb-spacing-left-large:3.84%;--awb-width-medium:50%;--awb-order-medium:0;--awb-spacing-right-medium:3.84%;--awb-spacing-left-medium:3.84%;--awb-width-small:100%;--awb-order-small:0;--awb-spacing-right-small:1.92%;--awb-spacing-left-small:1.92%;\" data-scroll-devices=\"small-visibility,medium-visibility,large-visibility\"><div class=\"fusion-column-wrapper fusion-column-has-shadow fusion-flex-justify-content-center fusion-content-layout-column\"><div class=\"fusion-title title fusion-title-2 fusion-sep-none fusion-title-text fusion-title-size-three\"><h3 class=\"fusion-title-heading title-heading-left\" style=\"margin:0;\">Principales \u00e1reas de trabajo<\/h3><\/div><div class=\"fusion-text fusion-text-1\"><p data-start=\"401\" data-end=\"884\"><strong data-start=\"401\" data-end=\"435\">Panorama social y desarrollo<\/strong><br data-start=\"435\" data-end=\"438\" \/>Ofrecemos servicios de investigaci\u00f3n y consultor\u00eda que ayudan a las organizaciones a comprender din\u00e1micas sociales complejas y dise\u00f1ar respuestas efectivas. Combinamos metodolog\u00edas rigurosas con un enfoque sensible al contexto para generar conocimiento que respalde decisiones basadas en evidencia y promueva transformaciones sociales significativas.<\/p>\n<p data-start=\"886\" data-end=\"1192\"><strong data-start=\"886\" data-end=\"903\">Salud P\u00fablica<\/strong><br data-start=\"903\" data-end=\"906\" \/>Apoyamos a instituciones y comunidades en la respuesta a los retos de salud mediante investigaci\u00f3n epidemiol\u00f3gica y estrategias orientadas a la equidad. Nuestro trabajo conecta los datos con la acci\u00f3n, fomentando sistemas y entornos de salud m\u00e1s justos a trav\u00e9s de la integraci\u00f3n de las voces comunitarias, las perspectivas de g\u00e9nero y un enfoque en las causas fundamentales de la salud y la enfermedad.<\/p>\n<\/div><div ><a class=\"fusion-button button-flat fusion-button-default-size button-default fusion-button-default button-1 fusion-button-default-span fusion-button-default-type\" target=\"_self\" href=\"https:\/\/tramasconsulting.com\/es\/principales-areas-de-trabajo\/\"><span class=\"fusion-button-text awb-button__text awb-button__text--default\">Saber m\u00e1s<\/span><\/a><\/div><\/div><\/div><div class=\"fusion-layout-column fusion_builder_column fusion-builder-column-2 fusion_builder_column_1_2 1_2 fusion-flex-column fusion-flex-align-self-stretch\" style=\"--awb-bg-image:url(&#039;https:\/\/tramasconsulting.com\/wp-content\/uploads\/2025\/06\/3.jpg&#039;);--awb-bg-size:cover;--awb-width-large:50%;--awb-margin-top-large:0px;--awb-spacing-right-large:3.84%;--awb-margin-bottom-large:20px;--awb-spacing-left-large:3.84%;--awb-width-medium:50%;--awb-order-medium:0;--awb-spacing-right-medium:3.84%;--awb-spacing-left-medium:3.84%;--awb-width-small:100%;--awb-order-small:0;--awb-spacing-right-small:1.92%;--awb-spacing-left-small:1.92%;\" data-scroll-devices=\"small-visibility,medium-visibility,large-visibility\"><div class=\"fusion-column-wrapper fusion-column-has-shadow fusion-flex-justify-content-flex-start fusion-content-layout-column fusion-empty-column-bg-image fusion-column-has-bg-image\" data-bg-url=\"https:\/\/tramasconsulting.com\/wp-content\/uploads\/2025\/06\/3.jpg\"><img decoding=\"async\" class=\"fusion-empty-dims-img-placeholder fusion-no-large-visibility fusion-no-medium-visibility\" aria-label=\"3\" src=\"data:image\/svg+xml,%3Csvg%20xmlns%3D%27http%3A%2F%2Fwww.w3.org%2F2000%2Fsvg%27%20width%3D%271536%27%20height%3D%272048%27%20viewBox%3D%270%200%201536%202048%27%3E%3Crect%20width%3D%271536%27%20height%3D%272048%27%20fill-opacity%3D%220%22%2F%3E%3C%2Fsvg%3E\"><\/div><\/div><\/div><\/div><div class=\"fusion-fullwidth fullwidth-box fusion-builder-row-3 fusion-flex-container has-pattern-background has-mask-background nonhundred-percent-fullwidth non-hundred-percent-height-scrolling\" style=\"--awb-border-radius-top-left:0px;--awb-border-radius-top-right:0px;--awb-border-radius-bottom-right:0px;--awb-border-radius-bottom-left:0px;--awb-padding-top:10px;--awb-padding-bottom:10px;--awb-background-color:var(--awb-color6);--awb-flex-wrap:wrap;\" ><div class=\"fusion-builder-row fusion-row fusion-flex-align-items-stretch fusion-flex-content-wrap\" style=\"max-width:1144px;margin-left: calc(-4% \/ 2 );margin-right: calc(-4% \/ 2 );\"><div class=\"fusion-layout-column fusion_builder_column fusion-builder-column-3 fusion_builder_column_1_2 1_2 fusion-flex-column fusion-flex-align-self-center\" style=\"--awb-bg-size:cover;--awb-width-large:50%;--awb-margin-top-large:0px;--awb-spacing-right-large:3.84%;--awb-margin-bottom-large:20px;--awb-spacing-left-large:3.84%;--awb-width-medium:50%;--awb-order-medium:0;--awb-spacing-right-medium:3.84%;--awb-spacing-left-medium:3.84%;--awb-width-small:100%;--awb-order-small:0;--awb-spacing-right-small:1.92%;--awb-spacing-left-small:1.92%;\" data-scroll-devices=\"small-visibility,medium-visibility,large-visibility\"><div class=\"fusion-column-wrapper fusion-column-has-shadow fusion-flex-justify-content-center fusion-content-layout-column\"><div class=\"fusion-title title fusion-title-3 fusion-sep-none fusion-title-text fusion-title-size-three\"><h3 class=\"fusion-title-heading title-heading-left\" style=\"margin:0;\">Qu\u00e9 hacemos<\/h3><\/div><div class=\"fusion-text fusion-text-2\"><p data-start=\"1475\" data-end=\"1763\"><strong data-start=\"1475\" data-end=\"1506\">Dise\u00f1o de proyectos e investigaci\u00f3n<\/strong><br data-start=\"1506\" data-end=\"1509\" \/>Asistimos en la elaboraci\u00f3n de protocolos de investigaci\u00f3n, propuestas de proyectos y marcos metodol\u00f3gicos adaptados a diferentes sectores. Ayudamos a definir las preguntas de investigaci\u00f3n, seleccionar dise\u00f1os de estudio adecuados e implementar estrategias de gesti\u00f3n de datos y aseguramiento de la calidad.<\/p>\n<p data-start=\"1765\" data-end=\"2065\"><strong data-start=\"1765\" data-end=\"1797\">Recopilaci\u00f3n y an\u00e1lisis de datos<\/strong><br data-start=\"1797\" data-end=\"1800\" \/>Coordinamos la recopilaci\u00f3n de datos cuantitativos y cualitativos mediante enfoques \u00e9ticos y participativos, que incluyen encuestas, entrevistas y grupos focales. Nuestro equipo analiza datos con herramientas avanzadas (R, SPSS, ATLAS.ti, NVivo, Shiny) para proporcionar informaci\u00f3n \u00fatil.<\/p>\n<\/div><\/div><\/div><div class=\"fusion-layout-column fusion_builder_column fusion-builder-column-4 fusion_builder_column_1_2 1_2 fusion-flex-column fusion-flex-align-self-stretch\" style=\"--awb-bg-image:url(&#039;https:\/\/tramasconsulting.com\/wp-content\/uploads\/2025\/09\/IMG_20220909_165600-scaled.jpg&#039;);--awb-bg-position:center center;--awb-bg-size:cover;--awb-width-large:50%;--awb-margin-top-large:0px;--awb-spacing-right-large:3.84%;--awb-margin-bottom-large:20px;--awb-spacing-left-large:3.84%;--awb-width-medium:50%;--awb-order-medium:0;--awb-spacing-right-medium:3.84%;--awb-spacing-left-medium:3.84%;--awb-width-small:100%;--awb-order-small:0;--awb-spacing-right-small:1.92%;--awb-spacing-left-small:1.92%;\" data-scroll-devices=\"small-visibility,medium-visibility,large-visibility\"><div class=\"fusion-column-wrapper fusion-column-has-shadow fusion-flex-justify-content-flex-start fusion-content-layout-column fusion-empty-column-bg-image fusion-column-has-bg-image\" data-bg-url=\"https:\/\/tramasconsulting.com\/wp-content\/uploads\/2025\/09\/IMG_20220909_165600-scaled.jpg\"><img decoding=\"async\" class=\"fusion-empty-dims-img-placeholder fusion-no-large-visibility fusion-no-medium-visibility\" aria-label=\"IMG_20220909_165600\" src=\"data:image\/svg+xml,%3Csvg%20xmlns%3D%27http%3A%2F%2Fwww.w3.org%2F2000%2Fsvg%27%20width%3D%271182%27%20height%3D%272560%27%20viewBox%3D%270%200%201182%202560%27%3E%3Crect%20width%3D%271182%27%20height%3D%272560%27%20fill-opacity%3D%220%22%2F%3E%3C%2Fsvg%3E\"><\/div><\/div><\/div><\/div><div class=\"fusion-fullwidth fullwidth-box fusion-builder-row-4 fusion-flex-container has-pattern-background has-mask-background nonhundred-percent-fullwidth non-hundred-percent-height-scrolling\" style=\"--awb-border-radius-top-left:0px;--awb-border-radius-top-right:0px;--awb-border-radius-bottom-right:0px;--awb-border-radius-bottom-left:0px;--awb-padding-bottom:10px;--awb-background-color:var(--awb-color6);--awb-flex-wrap:wrap;\" ><div class=\"fusion-builder-row fusion-row fusion-flex-align-items-stretch fusion-flex-content-wrap\" style=\"max-width:1144px;margin-left: calc(-4% \/ 2 );margin-right: calc(-4% \/ 2 );\"><div class=\"fusion-layout-column fusion_builder_column fusion-builder-column-5 fusion_builder_column_1_2 1_2 fusion-flex-column fusion-flex-align-self-center\" style=\"--awb-bg-size:cover;--awb-width-large:50%;--awb-margin-top-large:-30px;--awb-spacing-right-large:3.84%;--awb-margin-bottom-large:20px;--awb-spacing-left-large:3.84%;--awb-width-medium:50%;--awb-order-medium:0;--awb-spacing-right-medium:3.84%;--awb-spacing-left-medium:3.84%;--awb-width-small:100%;--awb-order-small:0;--awb-spacing-right-small:1.92%;--awb-spacing-left-small:1.92%;\" data-scroll-devices=\"small-visibility,medium-visibility,large-visibility\"><div class=\"fusion-column-wrapper fusion-column-has-shadow fusion-flex-justify-content-center fusion-content-layout-column\"><div class=\"fusion-text fusion-text-3\"><p data-start=\"2067\" data-end=\"2333\"><strong data-start=\"2067\" data-end=\"2100\">Evaluaci\u00f3n de impacto y proyectos<\/strong><br data-start=\"2100\" data-end=\"2103\" \/>Nuestras evaluaciones promueven el aprendizaje, la rendici\u00f3n de cuentas y la mejora estrat\u00e9gica. Aplicamos metodolog\u00edas participativas, te\u00f3ricas y con enfoque en la equidad para proyectos de cooperaci\u00f3n internacional, pol\u00edticas p\u00fablicas y campa\u00f1as de incidencia.<\/p>\n<p data-start=\"2335\" data-end=\"2657\"><strong data-start=\"2335\" data-end=\"2381\">Transferencia de conocimiento y generaci\u00f3n de evidencia<\/strong><br data-start=\"2381\" data-end=\"2384\" \/>Traducimos la investigaci\u00f3n a formatos accesibles (informes de pol\u00edticas, informes t\u00e9cnicos, art\u00edculos acad\u00e9micos y herramientas interactivas) para apoyar la toma de decisiones informada. Tambi\u00e9n realizamos talleres y estrategias de comunicaci\u00f3n personalizadas para fortalecer las capacidades y facilitar el intercambio de conocimientos.<\/p>\n<\/div><div ><a class=\"fusion-button button-flat fusion-button-default-size button-default fusion-button-default button-2 fusion-button-default-span fusion-button-default-type\" target=\"_self\" href=\"https:\/\/tramasconsulting.com\/es\/que-hacemos\/\"><span class=\"fusion-button-text awb-button__text awb-button__text--default\">Saber m\u00e1s<\/span><\/a><\/div><\/div><\/div><div class=\"fusion-layout-column fusion_builder_column fusion-builder-column-6 fusion_builder_column_1_2 1_2 fusion-flex-column fusion-flex-align-self-stretch\" style=\"--awb-bg-image:url(&#039;https:\/\/tramasconsulting.com\/wp-content\/uploads\/2025\/09\/IMG_20250902_191158-scaled.jpg&#039;);--awb-bg-position:center center;--awb-bg-size:cover;--awb-width-large:50%;--awb-margin-top-large:10px;--awb-spacing-right-large:3.84%;--awb-margin-bottom-large:20px;--awb-spacing-left-large:3.84%;--awb-width-medium:50%;--awb-order-medium:0;--awb-spacing-right-medium:3.84%;--awb-spacing-left-medium:3.84%;--awb-width-small:100%;--awb-order-small:0;--awb-spacing-right-small:1.92%;--awb-spacing-left-small:1.92%;\" data-scroll-devices=\"small-visibility,medium-visibility,large-visibility\"><div class=\"fusion-column-wrapper fusion-column-has-shadow fusion-flex-justify-content-flex-start fusion-content-layout-column fusion-empty-column-bg-image fusion-column-has-bg-image\" data-bg-url=\"https:\/\/tramasconsulting.com\/wp-content\/uploads\/2025\/09\/IMG_20250902_191158-scaled.jpg\"><img decoding=\"async\" class=\"fusion-empty-dims-img-placeholder fusion-no-large-visibility fusion-no-medium-visibility\" aria-label=\"IMG_20250902_191158\" src=\"data:image\/svg+xml,%3Csvg%20xmlns%3D%27http%3A%2F%2Fwww.w3.org%2F2000%2Fsvg%27%20width%3D%271920%27%20height%3D%272560%27%20viewBox%3D%270%200%201920%202560%27%3E%3Crect%20width%3D%271920%27%20height%3D%272560%27%20fill-opacity%3D%220%22%2F%3E%3C%2Fsvg%3E\"><\/div><\/div><\/div><\/div><\/p>\n","protected":false},"excerpt":{"rendered":"","protected":false},"author":1,"featured_media":0,"parent":0,"menu_order":0,"comment_status":"closed","ping_status":"closed","template":"100-width.php","meta":{"footnotes":""},"class_list":["post-19287","page","type-page","status-publish","hentry"],"yoast_head":"<!-- This site is optimized with the Yoast SEO plugin v27.4 - https:\/\/yoast.com\/product\/yoast-seo-wordpress\/ -->\n<title>Nuestros Servicios \u2013 Consultor\u00eda Social y de Salud para la Equidad y el Impacto<\/title>\n<meta name=\"description\" content=\"Descubra c\u00f3mo TramAS apoya la transformaci\u00f3n social y de salud a trav\u00e9s del dise\u00f1o de investigaci\u00f3n, an\u00e1lisis de datos, evaluaci\u00f3n de impacto y transferencia de conocimiento.\" \/>\n<meta name=\"robots\" content=\"index, follow, max-snippet:-1, max-image-preview:large, max-video-preview:-1\" \/>\n<link rel=\"canonical\" href=\"https:\/\/tramasconsulting.com\/es\/nuestros-servicios\/\" \/>\n<meta property=\"og:locale\" content=\"es_ES\" \/>\n<meta property=\"og:type\" content=\"article\" \/>\n<meta property=\"og:title\" content=\"Nuestros Servicios \u2013 Consultor\u00eda Social y de Salud para la Equidad y el Impacto\" \/>\n<meta property=\"og:description\" content=\"Descubra c\u00f3mo TramAS apoya la transformaci\u00f3n social y de salud a trav\u00e9s del dise\u00f1o de investigaci\u00f3n, an\u00e1lisis de datos, evaluaci\u00f3n de impacto y transferencia de conocimiento.\" \/>\n<meta property=\"og:url\" content=\"https:\/\/tramasconsulting.com\/es\/nuestros-servicios\/\" \/>\n<meta property=\"og:site_name\" content=\"Amalia Carmen Romero Pe\u00f1alver\" \/>\n<meta property=\"article:modified_time\" content=\"2025-09-22T13:24:26+00:00\" \/>\n<meta name=\"twitter:card\" content=\"summary_large_image\" \/>\n<meta name=\"twitter:label1\" content=\"Tiempo de lectura\" \/>\n\t<meta name=\"twitter:data1\" content=\"2 minutos\" \/>\n<script type=\"application\/ld+json\" class=\"yoast-schema-graph\">{\"@context\":\"https:\\\/\\\/schema.org\",\"@graph\":[{\"@type\":\"WebPage\",\"@id\":\"https:\\\/\\\/tramasconsulting.com\\\/es\\\/nuestros-servicios\\\/\",\"url\":\"https:\\\/\\\/tramasconsulting.com\\\/es\\\/nuestros-servicios\\\/\",\"name\":\"Nuestros Servicios \u2013 Consultor\u00eda Social y de Salud para la Equidad y el Impacto\",\"isPartOf\":{\"@id\":\"https:\\\/\\\/tramasconsulting.com\\\/#website\"},\"datePublished\":\"2025-06-04T14:46:41+00:00\",\"dateModified\":\"2025-09-22T13:24:26+00:00\",\"description\":\"Descubra c\u00f3mo TramAS apoya la transformaci\u00f3n social y de salud a trav\u00e9s del dise\u00f1o de investigaci\u00f3n, an\u00e1lisis de datos, evaluaci\u00f3n de impacto y transferencia de conocimiento.\",\"breadcrumb\":{\"@id\":\"https:\\\/\\\/tramasconsulting.com\\\/es\\\/nuestros-servicios\\\/#breadcrumb\"},\"inLanguage\":\"es\",\"potentialAction\":[{\"@type\":\"ReadAction\",\"target\":[\"https:\\\/\\\/tramasconsulting.com\\\/es\\\/nuestros-servicios\\\/\"]}]},{\"@type\":\"BreadcrumbList\",\"@id\":\"https:\\\/\\\/tramasconsulting.com\\\/es\\\/nuestros-servicios\\\/#breadcrumb\",\"itemListElement\":[{\"@type\":\"ListItem\",\"position\":1,\"name\":\"Portada\",\"item\":\"https:\\\/\\\/tramasconsulting.com\\\/es\\\/\"},{\"@type\":\"ListItem\",\"position\":2,\"name\":\"Nuestros servicios\"}]},{\"@type\":\"WebSite\",\"@id\":\"https:\\\/\\\/tramasconsulting.com\\\/#website\",\"url\":\"https:\\\/\\\/tramasconsulting.com\\\/\",\"name\":\"Amalia Carmen Romero Pe\u00f1alver\",\"description\":\"Social and Health Consulting\",\"potentialAction\":[{\"@type\":\"SearchAction\",\"target\":{\"@type\":\"EntryPoint\",\"urlTemplate\":\"https:\\\/\\\/tramasconsulting.com\\\/?s={search_term_string}\"},\"query-input\":{\"@type\":\"PropertyValueSpecification\",\"valueRequired\":true,\"valueName\":\"search_term_string\"}}],\"inLanguage\":\"es\"},{\"@type\":\"ImageObject\",\"inLanguage\":\"es\",\"@id\":\"https:\\\/\\\/tramasconsulting.com\\\/es\\\/nuestros-servicios\\\/#local-main-organization-logo\",\"url\":\"\",\"contentUrl\":\"\",\"caption\":\"Amalia Carmen Romero Pe\u00f1alver\"}]}<\/script>\n<!-- \/ Yoast SEO plugin. -->","yoast_head_json":{"title":"Nuestros Servicios \u2013 Consultor\u00eda Social y de Salud para la Equidad y el Impacto","description":"Descubra c\u00f3mo TramAS apoya la transformaci\u00f3n social y de salud a trav\u00e9s del dise\u00f1o de investigaci\u00f3n, an\u00e1lisis de datos, evaluaci\u00f3n de impacto y transferencia de conocimiento.","robots":{"index":"index","follow":"follow","max-snippet":"max-snippet:-1","max-image-preview":"max-image-preview:large","max-video-preview":"max-video-preview:-1"},"canonical":"https:\/\/tramasconsulting.com\/es\/nuestros-servicios\/","og_locale":"es_ES","og_type":"article","og_title":"Nuestros Servicios \u2013 Consultor\u00eda Social y de Salud para la Equidad y el Impacto","og_description":"Descubra c\u00f3mo TramAS apoya la transformaci\u00f3n social y de salud a trav\u00e9s del dise\u00f1o de investigaci\u00f3n, an\u00e1lisis de datos, evaluaci\u00f3n de impacto y transferencia de conocimiento.","og_url":"https:\/\/tramasconsulting.com\/es\/nuestros-servicios\/","og_site_name":"Amalia Carmen Romero Pe\u00f1alver","article_modified_time":"2025-09-22T13:24:26+00:00","twitter_card":"summary_large_image","twitter_misc":{"Tiempo de lectura":"2 minutos"},"schema":{"@context":"https:\/\/schema.org","@graph":[{"@type":"WebPage","@id":"https:\/\/tramasconsulting.com\/es\/nuestros-servicios\/","url":"https:\/\/tramasconsulting.com\/es\/nuestros-servicios\/","name":"Nuestros Servicios \u2013 Consultor\u00eda Social y de Salud para la Equidad y el Impacto","isPartOf":{"@id":"https:\/\/tramasconsulting.com\/#website"},"datePublished":"2025-06-04T14:46:41+00:00","dateModified":"2025-09-22T13:24:26+00:00","description":"Descubra c\u00f3mo TramAS apoya la transformaci\u00f3n social y de salud a trav\u00e9s del dise\u00f1o de investigaci\u00f3n, an\u00e1lisis de datos, evaluaci\u00f3n de impacto y transferencia de conocimiento.","breadcrumb":{"@id":"https:\/\/tramasconsulting.com\/es\/nuestros-servicios\/#breadcrumb"},"inLanguage":"es","potentialAction":[{"@type":"ReadAction","target":["https:\/\/tramasconsulting.com\/es\/nuestros-servicios\/"]}]},{"@type":"BreadcrumbList","@id":"https:\/\/tramasconsulting.com\/es\/nuestros-servicios\/#breadcrumb","itemListElement":[{"@type":"ListItem","position":1,"name":"Portada","item":"https:\/\/tramasconsulting.com\/es\/"},{"@type":"ListItem","position":2,"name":"Nuestros servicios"}]},{"@type":"WebSite","@id":"https:\/\/tramasconsulting.com\/#website","url":"https:\/\/tramasconsulting.com\/","name":"Amalia Carmen Romero Pe\u00f1alver","description":"Social and Health Consulting","potentialAction":[{"@type":"SearchAction","target":{"@type":"EntryPoint","urlTemplate":"https:\/\/tramasconsulting.com\/?s={search_term_string}"},"query-input":{"@type":"PropertyValueSpecification","valueRequired":true,"valueName":"search_term_string"}}],"inLanguage":"es"},{"@type":"ImageObject","inLanguage":"es","@id":"https:\/\/tramasconsulting.com\/es\/nuestros-servicios\/#local-main-organization-logo","url":"","contentUrl":"","caption":"Amalia Carmen Romero Pe\u00f1alver"}]}},"_links":{"self":[{"href":"https:\/\/tramasconsulting.com\/es\/wp-json\/wp\/v2\/pages\/19287","targetHints":{"allow":["GET"]}}],"collection":[{"href":"https:\/\/tramasconsulting.com\/es\/wp-json\/wp\/v2\/pages"}],"about":[{"href":"https:\/\/tramasconsulting.com\/es\/wp-json\/wp\/v2\/types\/page"}],"author":[{"embeddable":true,"href":"https:\/\/tramasconsulting.com\/es\/wp-json\/wp\/v2\/users\/1"}],"replies":[{"embeddable":true,"href":"https:\/\/tramasconsulting.com\/es\/wp-json\/wp\/v2\/comments?post=19287"}],"version-history":[{"count":9,"href":"https:\/\/tramasconsulting.com\/es\/wp-json\/wp\/v2\/pages\/19287\/revisions"}],"predecessor-version":[{"id":19719,"href":"https:\/\/tramasconsulting.com\/es\/wp-json\/wp\/v2\/pages\/19287\/revisions\/19719"}],"wp:attachment":[{"href":"https:\/\/tramasconsulting.com\/es\/wp-json\/wp\/v2\/media?parent=19287"}],"curies":[{"name":"wp","href":"https:\/\/api.w.org\/{rel}","templated":true}]}}