{"id":19291,"date":"2025-06-09T17:48:55","date_gmt":"2025-06-09T15:48:55","guid":{"rendered":"https:\/\/tramasconsulting.com\/our-team\/"},"modified":"2025-09-13T20:06:30","modified_gmt":"2025-09-13T18:06:30","slug":"nuestro-equipo","status":"publish","type":"page","link":"https:\/\/tramasconsulting.com\/es\/nuestro-equipo\/","title":{"rendered":"Nuestro equipo"},"content":{"rendered":"<p><div class=\"fusion-fullwidth fullwidth-box fusion-builder-row-1 fusion-flex-container has-pattern-background has-mask-background nonhundred-percent-fullwidth non-hundred-percent-height-scrolling\" style=\"--awb-border-radius-top-left:0px;--awb-border-radius-top-right:0px;--awb-border-radius-bottom-right:0px;--awb-border-radius-bottom-left:0px;--awb-padding-top:44px;--awb-padding-bottom:24px;--awb-background-color:var(--awb-color6);--awb-flex-wrap:wrap;\" ><div class=\"fusion-builder-row fusion-row fusion-flex-align-items-flex-start fusion-flex-content-wrap\" style=\"max-width:1144px;margin-left: calc(-4% \/ 2 );margin-right: calc(-4% \/ 2 );\"><div class=\"fusion-layout-column fusion_builder_column fusion-builder-column-0 fusion_builder_column_1_1 1_1 fusion-flex-column fusion-flex-align-self-center\" style=\"--awb-bg-size:cover;--awb-width-large:100%;--awb-margin-top-large:0px;--awb-spacing-right-large:1.92%;--awb-margin-bottom-large:20px;--awb-spacing-left-large:1.92%;--awb-width-medium:100%;--awb-order-medium:0;--awb-spacing-right-medium:1.92%;--awb-spacing-left-medium:1.92%;--awb-width-small:100%;--awb-order-small:0;--awb-spacing-right-small:1.92%;--awb-spacing-left-small:1.92%;\" data-scroll-devices=\"small-visibility,medium-visibility,large-visibility\"><div class=\"fusion-column-wrapper fusion-column-has-shadow fusion-flex-justify-content-center fusion-content-layout-column\"><div class=\"fusion-title title fusion-title-1 fusion-sep-none fusion-title-center fusion-title-text fusion-title-size-two\" style=\"--awb-text-color:var(--awb-color5);\"><h2 class=\"fusion-title-heading title-heading-center\" style=\"margin:0;\">Conozca a los profesionales que combinan conocimiento, experiencia y compromiso en soluciones impactantes<\/h2><\/div><\/div><\/div><\/div><\/div><div class=\"fusion-fullwidth fullwidth-box fusion-builder-row-2 fusion-flex-container has-pattern-background has-mask-background nonhundred-percent-fullwidth non-hundred-percent-height-scrolling\" style=\"--awb-border-radius-top-left:0px;--awb-border-radius-top-right:0px;--awb-border-radius-bottom-right:0px;--awb-border-radius-bottom-left:0px;--awb-background-color:var(--awb-color6);--awb-flex-wrap:wrap;\" ><div class=\"fusion-builder-row fusion-row fusion-flex-align-items-stretch fusion-flex-content-wrap\" style=\"max-width:1144px;margin-left: calc(-4% \/ 2 );margin-right: calc(-4% \/ 2 );\"><div class=\"fusion-layout-column fusion_builder_column fusion-builder-column-1 fusion_builder_column_1_1 1_1 fusion-flex-column fusion-flex-align-self-stretch\" style=\"--awb-bg-size:cover;--awb-width-large:100%;--awb-margin-top-large:0px;--awb-spacing-right-large:1.92%;--awb-margin-bottom-large:20px;--awb-spacing-left-large:1.92%;--awb-width-medium:100%;--awb-order-medium:0;--awb-spacing-right-medium:1.92%;--awb-spacing-left-medium:1.92%;--awb-width-small:100%;--awb-order-small:0;--awb-spacing-right-small:1.92%;--awb-spacing-left-small:1.92%;\" data-scroll-devices=\"small-visibility,medium-visibility,large-visibility\"><div class=\"fusion-column-wrapper fusion-column-has-shadow fusion-flex-justify-content-flex-start fusion-content-layout-column\"><div class=\"fusion-flip-boxes flip-boxes row fusion-columns-2 flip-effect-classic\"><div class=\"fusion-flip-box-wrapper fusion-column col-lg-6 col-md-6 col-sm-6\"><div class=\"fusion-flip-box flip-right\" tabindex=\"0\"><div class=\"flip-box-inner-wrapper\"><div class=\"flip-box-front\" style=\"--awb-background-color-front:var(--awb-color5);--awb-background-image-front:url(&#039;https:\/\/tramasconsulting.com\/wp-content\/uploads\/2025\/08\/Amalia.jpg&#039;);\"><div class=\"flip-box-front-inner\"><div class=\"flip-box-grafix flip-box-image\"><img decoding=\"async\" src=\"https:\/\/tramasconsulting.com\/wp-content\/uploads\/2025\/08\/file_000000007fa061f49669e83489a7d797__1_-removebg-preview-1.png\" width=\"500\" height=\"500\" alt=\"\" \/><\/div><h2 class=\"flip-box-heading without-text\">Amalia Romero Pe\u00f1alver<\/h2><\/div><\/div><div class=\"flip-box-back\"><div class=\"flip-box-back-inner\"><h5 class=\"flip-box-heading-back\">Soci\u00f3loga especializada en Migraci\u00f3n Internacional, Salud P\u00fablica y An\u00e1lisis de Datos. Su trayectoria profesional combina la investigaci\u00f3n aplicada y el trabajo de campo con un enfoque orientado al cambio social, la igualdad y los derechos humanos. Ha colaborado con instituciones p\u00fablicas, organizaciones sociales y organizaciones internacionales en el desarrollo y la colaboraci\u00f3n en diagn\u00f3sticos, an\u00e1lisis de datos y evaluaciones de proyectos. Le interesa especialmente contribuir a los procesos de transformaci\u00f3n social, tanto mediante procesos de acompa\u00f1amiento que aplican la teor\u00eda del cambio como mediante el an\u00e1lisis riguroso y accesible de datos cuantitativos y cualitativos, siempre con enfoques participativos e interseccionales. Actualmente, colabora como investigadora y consultora en proyectos centrados en la justicia social, las pol\u00edticas p\u00fablicas y los derechos de las personas migrantes.<\/h5><\/div><\/div><\/div><\/div><\/div><div class=\"fusion-flip-box-wrapper fusion-column col-lg-6 col-md-6 col-sm-6\"><div class=\"fusion-flip-box flip-right\" tabindex=\"0\"><div class=\"flip-box-inner-wrapper\"><div class=\"flip-box-front\" style=\"--awb-background-color-front:var(--awb-color5);--awb-background-image-front:url(&#039;https:\/\/tramasconsulting.com\/wp-content\/uploads\/2025\/08\/Sheila.jpg&#039;);\"><div class=\"flip-box-front-inner\"><div class=\"flip-box-grafix flip-box-image\"><img decoding=\"async\" src=\"https:\/\/tramasconsulting.com\/wp-content\/uploads\/2025\/08\/file_000000007fa061f49669e83489a7d797__1_-removebg-preview-1.png\" width=\"500\" height=\"500\" alt=\"\" \/><\/div><h2 class=\"flip-box-heading without-text\">Sheila L\u00f3pez Moreira<\/h2><\/div><\/div><div class=\"flip-box-back\"><div class=\"flip-box-back-inner\"><h5 class=\"flip-box-heading-back\">M\u00e9dica y especialista en Medicina Preventiva y Salud P\u00fablica, con un M\u00e1ster en Salud P\u00fablica y Gesti\u00f3n Sanitaria. Su trabajo conecta la investigaci\u00f3n epidemiol\u00f3gica con el an\u00e1lisis de las desigualdades en salud, centr\u00e1ndose en los determinantes sociales de la salud, los sistemas de vigilancia y la equidad. Ha colaborado en proyectos oficiales de investigaci\u00f3n en salud p\u00fablica, como la VI Encuesta de Salud de Andaluc\u00eda, contribuyendo a la evaluaci\u00f3n de la calidad de los datos, su interpretaci\u00f3n y la adaptaci\u00f3n de las pol\u00edticas sanitarias. Su experiencia tambi\u00e9n abarca la docencia acad\u00e9mica, la detecci\u00f3n de brotes y la elaboraci\u00f3n de informes anal\u00edticos para la toma de decisiones. Le interesa especialmente explorar las causas profundas de la salud y la enfermedad desde una perspectiva comunitaria y de promoci\u00f3n de la salud, integrando enfoques de g\u00e9nero e interseccionales en la investigaci\u00f3n en salud p\u00fablica. Tambi\u00e9n disfruta escuchando m\u00fasica con sus gatos mientras lee o idea proyectos creativos.<\/h5><\/div><\/div><\/div><\/div><\/div><div class=\"fusion-flip-box-wrapper fusion-column col-lg-6 col-md-6 col-sm-6\"><div class=\"fusion-flip-box flip-right\" tabindex=\"0\"><div class=\"flip-box-inner-wrapper\"><div class=\"flip-box-front\" style=\"--awb-background-color-front:var(--awb-color5);--awb-background-image-front:url(&#039;https:\/\/tramasconsulting.com\/wp-content\/uploads\/2025\/08\/IMG-20250709-WA0004.jpg&#039;);\"><div class=\"flip-box-front-inner\"><div class=\"flip-box-grafix flip-box-image\"><img decoding=\"async\" src=\"https:\/\/tramasconsulting.com\/wp-content\/uploads\/2025\/08\/file_000000007fa061f49669e83489a7d797__1_-removebg-preview-1.png\" width=\"500\" height=\"500\" alt=\"\" \/><\/div><h2 class=\"flip-box-heading without-text\">Bianca Goncalves Tasca<\/h2><\/div><\/div><div class=\"flip-box-back\"><div class=\"flip-box-back-inner\"><h5 class=\"flip-box-heading-back\">Psic\u00f3loga y administradora brasile\u00f1a, residente en Salud Colectiva y con doble maestr\u00eda en Salud P\u00fablica y Epidemiolog\u00eda. Su carrera se basa en una firme convicci\u00f3n en la atenci\u00f3n sanitaria universal y un compromiso con la reducci\u00f3n de las desigualdades sociales y sanitarias. Ha trabajado con sistemas de informaci\u00f3n sanitaria y como investigadora en salud p\u00fablica, realizando estudios cualitativos y cuantitativos, gestionando grandes conjuntos de datos, desarrollando protocolos y propuestas de subvenci\u00f3n, y evaluando el impacto de las intervenciones. Sus principales intereses incluyen los determinantes sociales de la salud, la reducci\u00f3n de la pobreza y la epidemiolog\u00eda social. En su tiempo libre, disfruta leyendo una buena novela.<\/h5><\/div><\/div><\/div><\/div><\/div><div class=\"fusion-flip-box-wrapper fusion-column col-lg-6 col-md-6 col-sm-6\"><div class=\"fusion-flip-box flip-right\" tabindex=\"0\"><div class=\"flip-box-inner-wrapper\"><div class=\"flip-box-front\" style=\"--awb-background-color-front:var(--awb-color5);--awb-background-image-front:url(&#039;https:\/\/tramasconsulting.com\/wp-content\/uploads\/2025\/08\/IMG-20250709-WA0001.jpg&#039;);\"><div class=\"flip-box-front-inner\"><div class=\"flip-box-grafix flip-box-image\"><img decoding=\"async\" src=\"https:\/\/tramasconsulting.com\/wp-content\/uploads\/2025\/08\/file_000000007fa061f49669e83489a7d797__1_-removebg-preview-1.png\" width=\"500\" height=\"500\" alt=\"\" \/><\/div><h2 class=\"flip-box-heading without-text\">Carmen Aguilar Romero<\/h2><\/div><\/div><div class=\"flip-box-back\"><div class=\"flip-box-back-inner\"><h5 class=\"flip-box-heading-back\">M\u00e9dica especialista en Medicina Preventiva, Salud P\u00fablica y Psiquiatr\u00eda, con un diploma en Salud Mental en Situaciones de Violencia Pol\u00edtica y Desastres, un M\u00e1ster en Salud P\u00fablica y Gesti\u00f3n Sanitaria y un Experto Universitario en Modelizaci\u00f3n y Miner\u00eda de Datos. Tiene un fuerte inter\u00e9s en la salud global, el an\u00e1lisis de datos y la intersecci\u00f3n de la atenci\u00f3n cl\u00ednica con la justicia social. Su trayectoria profesional abarca la salud p\u00fablica hospitalaria, la vigilancia epidemiol\u00f3gica y la colaboraci\u00f3n internacional en crisis humanitarias. Ha trabajado con instituciones como ISGlobal y AECID, contribuyendo a la formulaci\u00f3n de pol\u00edticas, el desarrollo, la preparaci\u00f3n y la atenci\u00f3n en salud mental en contextos de emergencia. Asimismo, ha combinado la docencia acad\u00e9mica con la investigaci\u00f3n en desigualdades en salud y migraci\u00f3n, y cuenta con formaci\u00f3n avanzada en an\u00e1lisis de datos y sistemas de salud p\u00fablica. Su trabajo se basa en la equidad, las pol\u00edticas basadas en la evidencia y el compromiso de hacer accesibles los datos complejos para la toma de decisiones.<\/h5><\/div><\/div><\/div><\/div><\/div><\/div><\/div><\/div><\/div><\/div><\/p>\n","protected":false},"excerpt":{"rendered":"","protected":false},"author":1,"featured_media":0,"parent":0,"menu_order":0,"comment_status":"closed","ping_status":"closed","template":"100-width.php","meta":{"footnotes":""},"class_list":["post-19291","page","type-page","status-publish","hentry"],"yoast_head":"<!-- This site is optimized with the Yoast SEO plugin v27.4 - https:\/\/yoast.com\/product\/yoast-seo-wordpress\/ -->\n<title>\u00c1reas de trabajo principales | Consultor\u00eda Sociosanitaria de TramAS<\/title>\n<meta name=\"description\" content=\"Descubra las principales \u00e1reas de trabajo de TramAS, como migraci\u00f3n, educaci\u00f3n, salud p\u00fablica y equidad social. Descubra c\u00f3mo nuestros servicios de investigaci\u00f3n y consultor\u00eda a medida impulsan un cambio social positivo.\" \/>\n<meta name=\"robots\" content=\"index, follow, max-snippet:-1, max-image-preview:large, max-video-preview:-1\" \/>\n<link rel=\"canonical\" href=\"https:\/\/tramasconsulting.com\/es\/nuestro-equipo\/\" \/>\n<meta property=\"og:locale\" content=\"es_ES\" \/>\n<meta property=\"og:type\" content=\"article\" \/>\n<meta property=\"og:title\" content=\"\u00c1reas de trabajo principales | Consultor\u00eda Sociosanitaria de TramAS\" \/>\n<meta property=\"og:description\" content=\"Descubra las principales \u00e1reas de trabajo de TramAS, como migraci\u00f3n, educaci\u00f3n, salud p\u00fablica y equidad social. Descubra c\u00f3mo nuestros servicios de investigaci\u00f3n y consultor\u00eda a medida impulsan un cambio social positivo.\" \/>\n<meta property=\"og:url\" content=\"https:\/\/tramasconsulting.com\/es\/nuestro-equipo\/\" \/>\n<meta property=\"og:site_name\" content=\"Amalia Carmen Romero Pe\u00f1alver\" \/>\n<meta property=\"article:modified_time\" content=\"2025-09-13T18:06:30+00:00\" \/>\n<meta name=\"twitter:card\" content=\"summary_large_image\" \/>\n<meta name=\"twitter:label1\" content=\"Tiempo de lectura\" \/>\n\t<meta name=\"twitter:data1\" content=\"4 minutos\" \/>\n<script type=\"application\/ld+json\" class=\"yoast-schema-graph\">{\"@context\":\"https:\\\/\\\/schema.org\",\"@graph\":[{\"@type\":\"WebPage\",\"@id\":\"https:\\\/\\\/tramasconsulting.com\\\/es\\\/nuestro-equipo\\\/\",\"url\":\"https:\\\/\\\/tramasconsulting.com\\\/es\\\/nuestro-equipo\\\/\",\"name\":\"\u00c1reas de trabajo principales | Consultor\u00eda Sociosanitaria de TramAS\",\"isPartOf\":{\"@id\":\"https:\\\/\\\/tramasconsulting.com\\\/#website\"},\"datePublished\":\"2025-06-09T15:48:55+00:00\",\"dateModified\":\"2025-09-13T18:06:30+00:00\",\"description\":\"Descubra las principales \u00e1reas de trabajo de TramAS, como migraci\u00f3n, educaci\u00f3n, salud p\u00fablica y equidad social. Descubra c\u00f3mo nuestros servicios de investigaci\u00f3n y consultor\u00eda a medida impulsan un cambio social positivo.\",\"breadcrumb\":{\"@id\":\"https:\\\/\\\/tramasconsulting.com\\\/es\\\/nuestro-equipo\\\/#breadcrumb\"},\"inLanguage\":\"es\",\"potentialAction\":[{\"@type\":\"ReadAction\",\"target\":[\"https:\\\/\\\/tramasconsulting.com\\\/es\\\/nuestro-equipo\\\/\"]}]},{\"@type\":\"BreadcrumbList\",\"@id\":\"https:\\\/\\\/tramasconsulting.com\\\/es\\\/nuestro-equipo\\\/#breadcrumb\",\"itemListElement\":[{\"@type\":\"ListItem\",\"position\":1,\"name\":\"Portada\",\"item\":\"https:\\\/\\\/tramasconsulting.com\\\/es\\\/\"},{\"@type\":\"ListItem\",\"position\":2,\"name\":\"Nuestro equipo\"}]},{\"@type\":\"WebSite\",\"@id\":\"https:\\\/\\\/tramasconsulting.com\\\/#website\",\"url\":\"https:\\\/\\\/tramasconsulting.com\\\/\",\"name\":\"Amalia Carmen Romero Pe\u00f1alver\",\"description\":\"Social and Health Consulting\",\"potentialAction\":[{\"@type\":\"SearchAction\",\"target\":{\"@type\":\"EntryPoint\",\"urlTemplate\":\"https:\\\/\\\/tramasconsulting.com\\\/?s={search_term_string}\"},\"query-input\":{\"@type\":\"PropertyValueSpecification\",\"valueRequired\":true,\"valueName\":\"search_term_string\"}}],\"inLanguage\":\"es\"},{\"@type\":\"ImageObject\",\"inLanguage\":\"es\",\"@id\":\"https:\\\/\\\/tramasconsulting.com\\\/es\\\/nuestro-equipo\\\/#local-main-organization-logo\",\"url\":\"\",\"contentUrl\":\"\",\"caption\":\"Amalia Carmen Romero Pe\u00f1alver\"}]}<\/script>\n<!-- \/ Yoast SEO plugin. -->","yoast_head_json":{"title":"\u00c1reas de trabajo principales | Consultor\u00eda Sociosanitaria de TramAS","description":"Descubra las principales \u00e1reas de trabajo de TramAS, como migraci\u00f3n, educaci\u00f3n, salud p\u00fablica y equidad social. Descubra c\u00f3mo nuestros servicios de investigaci\u00f3n y consultor\u00eda a medida impulsan un cambio social positivo.","robots":{"index":"index","follow":"follow","max-snippet":"max-snippet:-1","max-image-preview":"max-image-preview:large","max-video-preview":"max-video-preview:-1"},"canonical":"https:\/\/tramasconsulting.com\/es\/nuestro-equipo\/","og_locale":"es_ES","og_type":"article","og_title":"\u00c1reas de trabajo principales | Consultor\u00eda Sociosanitaria de TramAS","og_description":"Descubra las principales \u00e1reas de trabajo de TramAS, como migraci\u00f3n, educaci\u00f3n, salud p\u00fablica y equidad social. Descubra c\u00f3mo nuestros servicios de investigaci\u00f3n y consultor\u00eda a medida impulsan un cambio social positivo.","og_url":"https:\/\/tramasconsulting.com\/es\/nuestro-equipo\/","og_site_name":"Amalia Carmen Romero Pe\u00f1alver","article_modified_time":"2025-09-13T18:06:30+00:00","twitter_card":"summary_large_image","twitter_misc":{"Tiempo de lectura":"4 minutos"},"schema":{"@context":"https:\/\/schema.org","@graph":[{"@type":"WebPage","@id":"https:\/\/tramasconsulting.com\/es\/nuestro-equipo\/","url":"https:\/\/tramasconsulting.com\/es\/nuestro-equipo\/","name":"\u00c1reas de trabajo principales | Consultor\u00eda Sociosanitaria de TramAS","isPartOf":{"@id":"https:\/\/tramasconsulting.com\/#website"},"datePublished":"2025-06-09T15:48:55+00:00","dateModified":"2025-09-13T18:06:30+00:00","description":"Descubra las principales \u00e1reas de trabajo de TramAS, como migraci\u00f3n, educaci\u00f3n, salud p\u00fablica y equidad social. Descubra c\u00f3mo nuestros servicios de investigaci\u00f3n y consultor\u00eda a medida impulsan un cambio social positivo.","breadcrumb":{"@id":"https:\/\/tramasconsulting.com\/es\/nuestro-equipo\/#breadcrumb"},"inLanguage":"es","potentialAction":[{"@type":"ReadAction","target":["https:\/\/tramasconsulting.com\/es\/nuestro-equipo\/"]}]},{"@type":"BreadcrumbList","@id":"https:\/\/tramasconsulting.com\/es\/nuestro-equipo\/#breadcrumb","itemListElement":[{"@type":"ListItem","position":1,"name":"Portada","item":"https:\/\/tramasconsulting.com\/es\/"},{"@type":"ListItem","position":2,"name":"Nuestro equipo"}]},{"@type":"WebSite","@id":"https:\/\/tramasconsulting.com\/#website","url":"https:\/\/tramasconsulting.com\/","name":"Amalia Carmen Romero Pe\u00f1alver","description":"Social and Health Consulting","potentialAction":[{"@type":"SearchAction","target":{"@type":"EntryPoint","urlTemplate":"https:\/\/tramasconsulting.com\/?s={search_term_string}"},"query-input":{"@type":"PropertyValueSpecification","valueRequired":true,"valueName":"search_term_string"}}],"inLanguage":"es"},{"@type":"ImageObject","inLanguage":"es","@id":"https:\/\/tramasconsulting.com\/es\/nuestro-equipo\/#local-main-organization-logo","url":"","contentUrl":"","caption":"Amalia Carmen Romero Pe\u00f1alver"}]}},"_links":{"self":[{"href":"https:\/\/tramasconsulting.com\/es\/wp-json\/wp\/v2\/pages\/19291","targetHints":{"allow":["GET"]}}],"collection":[{"href":"https:\/\/tramasconsulting.com\/es\/wp-json\/wp\/v2\/pages"}],"about":[{"href":"https:\/\/tramasconsulting.com\/es\/wp-json\/wp\/v2\/types\/page"}],"author":[{"embeddable":true,"href":"https:\/\/tramasconsulting.com\/es\/wp-json\/wp\/v2\/users\/1"}],"replies":[{"embeddable":true,"href":"https:\/\/tramasconsulting.com\/es\/wp-json\/wp\/v2\/comments?post=19291"}],"version-history":[{"count":6,"href":"https:\/\/tramasconsulting.com\/es\/wp-json\/wp\/v2\/pages\/19291\/revisions"}],"predecessor-version":[{"id":19631,"href":"https:\/\/tramasconsulting.com\/es\/wp-json\/wp\/v2\/pages\/19291\/revisions\/19631"}],"wp:attachment":[{"href":"https:\/\/tramasconsulting.com\/es\/wp-json\/wp\/v2\/media?parent=19291"}],"curies":[{"name":"wp","href":"https:\/\/api.w.org\/{rel}","templated":true}]}}