{"id":19299,"date":"2025-06-14T07:32:41","date_gmt":"2025-06-14T05:32:41","guid":{"rendered":"https:\/\/tramasconsulting.com\/privacy-policy\/"},"modified":"2025-08-13T13:49:21","modified_gmt":"2025-08-13T11:49:21","slug":"politica-de-privacidad","status":"publish","type":"page","link":"https:\/\/tramasconsulting.com\/es\/politica-de-privacidad\/","title":{"rendered":"Pol\u00edtica de privacidad"},"content":{"rendered":"<p>POL\u00cdTICA DE PROTECCI\u00d3N DE DATOS<br \/>\nEn cumplimiento de lo dispuesto en la Ley 34\/2002 LSSICE y el REGLAMENTO (UE) 2016\/679 DEL PARLAMENTO EUROPEO Y DEL CONSEJO, de 27 de abril de 2016, relativo a la protecci\u00f3n de las personas f\u00edsicas en lo que respecta al tratamiento de datos personales y a la libre circulaci\u00f3n de estos datos, le informamos que:<\/p>\n<p>Normalmente, puede utilizar nuestro sitio web sin proporcionar datos personales. Si sus datos personales (por ejemplo, nombre, direcci\u00f3n o correo electr\u00f3nico) se recopilan en nuestros sitios web, esto es opcional, siempre que sea posible.<\/p>\n<p>A continuaci\u00f3n, explicamos cu\u00e1ndo recopilamos datos, qui\u00e9n es el responsable de los mismos, la legitimaci\u00f3n de dicha recopilaci\u00f3n, con qu\u00e9 finalidad, qu\u00e9 hacemos con sus datos, c\u00f3mo los protegemos y c\u00f3mo puede ejercer sus derechos.<\/p>\n<p>Lo m\u00e1s importante: No compartiremos, venderemos ni alquilaremos su informaci\u00f3n personal a terceros. Podr\u00edamos compartir cierta informaci\u00f3n con proveedores de servicios externos autorizados, necesaria para la prestaci\u00f3n de nuestros servicios.<\/p>\n<h3><strong>1. Responsable del tratamiento de sus datos y a qui\u00e9n los proporciona:<\/strong><\/h3>\n<p>tramasconsulting.com, propiedad de:<\/p>\n<p>AMALIA CARMEN ROMERO PE\u00d1ALVER<\/p>\n<p>ID 45329007D<\/p>\n<p>C. Pernaleros Bajo, 17, Albaic\u00edn, 18010 Granada<\/p>\n<p>(en adelante, \u201ctramasconsulting.com\u201d), es responsable del tratamiento de los datos recopilados a trav\u00e9s de este sitio web, aplicaciones y otros medios digitales o impresos donde tramasconsulting.com solicita datos personales.<\/p>\n<h3><strong>2 Resumen de c\u00f3mo usamos sus datos<\/strong><\/h3>\n<p>tramasconsulting.com utiliza sus datos personales para diversas finalidades, dependiendo de su relaci\u00f3n con tramasconsulting.com, ya sea para gestionar su relaci\u00f3n con el cliente, adquirir nuestros servicios, gestionar la facturaci\u00f3n, garantizar una comunicaci\u00f3n eficiente con usted, enviarle informaci\u00f3n como suscriptor o responder a sus consultas, solicitudes de informaci\u00f3n o presupuestos, etc.<\/p>\n<h3><strong>Sistemas de recogida de datos, finalidades, base legal y duraci\u00f3n del tratamiento:<\/strong><\/h3>\n<p>Si ha rellenado un formulario de contacto para realizar una consulta, solicitar informaci\u00f3n o presupuestos y ha marcado la casilla de aceptaci\u00f3n correspondiente, la base legal o legitimaci\u00f3n para el tratamiento de sus datos es su consentimiento. En este caso, sus datos solo se tratar\u00e1n para responder a su consulta, se eliminar\u00e1n 7 d\u00edas despu\u00e9s de la \u00faltima comunicaci\u00f3n con usted y solo se conservar\u00e1n registros estad\u00edsticos e hist\u00f3ricos.<\/p>\n<p>Si se registra en el sitio web a trav\u00e9s del formulario de registro para crear una cuenta de usuario y acceder a \u00e1reas que requieren nombre de usuario y contrase\u00f1a, y ha marcado la casilla de aceptaci\u00f3n, contamos con su consentimiento expl\u00edcito e informado. La base legal para el tratamiento de sus datos es su consentimiento. El objetivo es autenticarlo en el sistema y permitirle acceder a \u00e1reas privadas. Sus datos se eliminar\u00e1n cuando se desactive o cancele su registro de usuario. Puede darse de baja como usuario registrado en cualquier momento.<\/p>\n<p>Si contrata alguno de nuestros servicios, la base legal para el tratamiento de sus datos es la relaci\u00f3n contractual formalizada. La finalidad ser\u00e1 realizar los tr\u00e1mites administrativos necesarios, facturaci\u00f3n, atenci\u00f3n al cliente, notificaciones t\u00e9cnicas de seguridad, soporte y actualizaciones del servicio, comunicaciones sobre cambios en los precios o condiciones del servicio, encuestas de calidad y satisfacci\u00f3n, y otras comunicaciones relacionadas con los servicios contratados, as\u00ed como obligaciones legales ante las administraciones p\u00fablicas. Sus datos se eliminar\u00e1n, seg\u00fan lo exija la ley, 6 a\u00f1os despu\u00e9s de la finalizaci\u00f3n de la relaci\u00f3n con el cliente.<\/p>\n<p>Si se suscribe a nuestra lista de correo o indica su deseo de recibir informaci\u00f3n comercial sobre nuestra empresa y nuestros servicios, y ha marcado la casilla de aceptaci\u00f3n correspondiente, la base legal es su consentimiento. El objetivo es enviarle informaci\u00f3n comercial, noticias, promociones y publicidad sobre nuestros servicios y productos. Puede darse de baja en cualquier momento enviando un correo electr\u00f3nico a bajas@tramasconsulting.com o haciendo clic en el enlace para darse de baja en cualquier correo electr\u00f3nico que reciba de nosotros.<\/p>\n<p><strong>Cookies:<\/strong> Cuando un usuario se registra o navega por este sitio web, se almacenan cookies. Los usuarios pueden consultar la pol\u00edtica de cookies en cualquier momento para obtener m\u00e1s informaci\u00f3n sobre el uso de cookies y c\u00f3mo deshabilitarlas.<\/p>\n<p><strong>Google (Analytics):<\/strong> Sistema de seguimiento utilizado en este sitio. Estas plataformas de terceros analizan las preferencias de los usuarios, sus datos demogr\u00e1ficos, sus patrones de tr\u00e1fico y otra informaci\u00f3n agregada para comprender mejor a la audiencia y sus necesidades.<\/p>\n<h3><strong>\u00bfQu\u00e9 informaci\u00f3n recopilamos y qu\u00e9 categor\u00edas de datos procesamos?<\/strong><\/h3>\n<p>Recopilamos y procesamos sus datos personales cuando interact\u00faa con nosotros y nuestros sitios web, y cuando adquiere nuestros servicios. Dependiendo de la acci\u00f3n, solicitaremos diferentes datos.<\/p>\n<p>Por ejemplo, un formulario de contacto solicitar\u00e1 su tel\u00e9fono, correo electr\u00f3nico y nombre, mientras que para un contrato tambi\u00e9n necesitaremos su NIF\/CIF o m\u00e9todos de pago.<\/p>\n<p><strong>Las categor\u00edas de datos solicitados son datos identificativos, incluyendo:<\/strong><\/p>\n<ul>\n<li>Su nombre<\/li>\n<li>Su correo electr\u00f3nico<\/li>\n<li>Su n\u00famero de tel\u00e9fono<\/li>\n<li>Su direcci\u00f3n postalss<\/li>\n<li>Sus datos de pago (incluyendo direcci\u00f3n de facturaci\u00f3n y n\u00famero de identificaci\u00f3n (DNI y\/o CIF), datos bancarios y otros, seg\u00fan corresponda)<\/li>\n<li>Informaci\u00f3n relacionada con el navegador o dispositivo que utiliza para acceder a nuestro sitio web;<\/li>\n<li>La direcci\u00f3n IP desde la que se conecta, para verificar las comunicaciones y\/o proporcionar dicha informaci\u00f3n cuando lo soliciten las Fuerzas y Cuerpos de Seguridad, Jueces, Fiscal\u00edas, Tribunales, Tribunal de Cuentas o el Defensor del Pueblo.<\/li>\n<\/ul>\n<h3><strong>MEDIDAS DE SEGURIDAD.<\/strong><\/h3>\n<p>tramasconsulting.com le informa que ha implementado las medidas de seguridad t\u00e9cnicas y organizativas necesarias para garantizar la seguridad de sus datos personales y evitar su alteraci\u00f3n, p\u00e9rdida, tratamiento y\/o acceso no autorizado, habida cuenta del estado de la tecnolog\u00eda, la naturaleza de los datos almacenados y los riesgos provenientes de la acci\u00f3n humana o de causas f\u00edsicas o naturales, de conformidad con el RGPD.<\/p>\n<p>Adem\u00e1s, tramasconsulting.com ha establecido medidas adicionales para reforzar la confidencialidad e integridad de la informaci\u00f3n en su organizaci\u00f3n, supervisando, controlando y evaluando continuamente los procesos para garantizar el respeto a la privacidad de los datos.<\/p>\n<h3><strong>\u00bfQu\u00e9 derechos tengo?<\/strong><\/h3>\n<p>Tiene derecho a solicitar una copia de sus datos personales; a corregir, eliminar o restringir (detener cualquier tratamiento activo) de sus datos personales; a obtener los datos personales que nos proporcion\u00f3 para un contrato o con su consentimiento en un formato estructurado y legible por m\u00e1quina; y a solicitarnos que compartamos (portemos) estos datos a otro responsable del tratamiento.<\/p>\n<p><strong>Adem\u00e1s, puede revocar, cancelar o eliminar el tratamiento de sus datos personales en cualquier momento.<\/strong><\/p>\n<p>Estos derechos pueden verse limitados, por ejemplo, si solicita la eliminaci\u00f3n de informaci\u00f3n que la ley nos exige conservar o si existen intereses leg\u00edtimos preponderantes.<\/p>\n<p><strong>Derechos:<\/strong><\/p>\n<ul>\n<li>Derecho de acceso a sus datos personales.<\/li>\n<li>Derecho a solicitar su rectificaci\u00f3n o supresi\u00f3n.<\/li>\n<li>Derecho a solicitar la limitaci\u00f3n del tratamiento.<\/li>\n<li>Derecho a oponerse al tratamiento de sus datos.<\/li>\n<li>Derecho a la portabilidad de los datos.<\/li>\n<li>Derecho a revocar el consentimiento prestado.<\/li>\n<\/ul>\n<p>Para ejercer cualquiera de estos derechos, puede contactarnos en info@tramasconsulting.com o mediante solicitud escrita dirigida a tramasconsulting.com, C. Pernaleros Bajo, 17, Albaic\u00edn, 18010 Granada, a la atenci\u00f3n de \u201cDepartamento de Protecci\u00f3n de Datos\u201d, indicando claramente la solicitud o el derecho que ejerce, as\u00ed como su nombre completo y direcci\u00f3n postal, adjuntando una copia de su DNI o un documento de identidad v\u00e1lido que le identifique inequ\u00edvocamente.<\/p>\n<p>Para ejercer cualquiera de estos derechos, puede contactarnos en info@tramasconsulting.com o mediante solicitud escrita dirigida a tramasconsulting.com, C. Pernaleros Bajo, 17, Albaic\u00edn, 18010 Granada, a la atenci\u00f3n de \u201cDepartamento de Protecci\u00f3n de Datos\u201d, indicando claramente la solicitud o el derecho que ejerce, as\u00ed como su nombre completo y direcci\u00f3n postal, y adjuntando una copia de su DNI o un documento de identidad v\u00e1lido que le identifique inequ\u00edvocamente.<\/p>\n<h3><strong>\u00bfA qui\u00e9n comunicamos mis datos? \u00bfQui\u00e9n m\u00e1s tiene acceso a ellos?<\/strong><\/h3>\n<p>tramasconsulting.com podr\u00e1 comunicar sus datos para cumplir con sus obligaciones con las Administraciones P\u00fablicas cuando as\u00ed lo exija la legislaci\u00f3n vigente y, en su caso, tambi\u00e9n a otros organismos como Fuerzas y Cuerpos de Seguridad, Jueces, Fiscal\u00edas, Tribunales, Tribunal de Cuentas o el Defensor del Pueblo.<\/p>\n<p>Asimismo, empresas o profesionales externos que trabajan con tramasconsulting.com (contabilidad, proveedor de alojamiento web, agencias de marketing, etc.) podr\u00e1n acceder a los datos personales del CLIENTE cuando sea necesario para la prestaci\u00f3n de servicios, como el acceso a la web, las comunicaciones a trav\u00e9s de la web, la contrataci\u00f3n de servicios, el env\u00edo de informaci\u00f3n comercial, el cumplimiento de obligaciones legales y\/o la recogida de datos.<\/p>\n<p>En ning\u00fan caso, estas empresas podr\u00e1n utilizar sus datos para fines distintos a los establecidos en el contrato de tratamiento de datos firmado con cada una de ellas.<\/p>\n<p>Terceros que procesan sus datos:<\/p>\n<p>Nuestro proveedor de alojamiento web (ZONADEWEB \u2013 Juan Vicente Navarro Garc\u00eda), como proveedor de servicios de alojamiento web y correo electr\u00f3nico, transmisi\u00f3n y almacenamiento de datos a trav\u00e9s de la web y el correo electr\u00f3nico, y como administrador de nuestros sistemas web, acceder\u00e1 a sus datos \u00fanicamente para resolver incidencias de alojamiento web, realizar pruebas de correo electr\u00f3nico, realizar actualizaciones, corregir y revisar errores de la base de datos y otras funciones t\u00e9cnicas necesarias para proporcionar correctamente el alojamiento web, el registro de dominios, el correo electr\u00f3nico y otros servicios de internet.<\/p>\n<p>Nuestro servicio de Contabilidad acceder\u00e1 a sus datos para la correcta gesti\u00f3n de facturas, contabilidad, cobros, pagos y otras funciones administrativas.<\/p>\n<p>Para prestar los servicios estrictamente necesarios para las operaciones comerciales, tramasconsulting.com tambi\u00e9n utiliza los siguientes proveedores de servicios bajo sus respectivos t\u00e9rminos de privacidad:<\/p>\n<ul>\n<li>Plataforma web: WordPress.Org<\/li>\n<li>Plataformas de temas de WordPress: Avada<\/li>\n<li>Privacidad de las fuentes de seguimiento en este sitio: Google (Analytics)<\/li>\n<\/ul>\n<p>tramasconsulting.com, como responsable del tratamiento de datos, firmar\u00e1 contratos de servicios con terceros que traten sus datos, quienes actuar\u00e1n como Encargados del Tratamiento de Datos seg\u00fan el RGPD. Estos contratos incluir\u00e1n instrucciones para el uso de los datos, los niveles y medidas de seguridad aplicables, y las garant\u00edas de uso y eliminaci\u00f3n de datos una vez finalizado el servicio contratado.<\/p>\n<h3><strong>Otros terceros con acceso a datos mediante cookies: anal\u00edtica web y redes sociales<\/strong><\/h3>\n<p>Utilizamos la herramienta estad\u00edstica Google Analytics. Estos servicios utilizan cookies para recopilar informaci\u00f3n para anal\u00edtica web y&#8230;Servicios de publicidad. Puede encontrar m\u00e1s informaci\u00f3n en nuestra Pol\u00edtica de Cookies.<\/p>\n<p>Nuestro sitio web ofrece enlaces y servicios relacionados con diversas redes sociales (por ejemplo, el bot\u00f3n &#8220;Me gusta&#8221; de Facebook). Si es miembro de una red social y hace clic en su enlace, el proveedor de la red social podr\u00eda vincular los datos de su perfil con su visita a ese sitio web.<\/p>\n<p>Facebook: En las p\u00e1ginas de tramasconsulting.com que ofrecen contenido de Facebook, Facebook utiliza cookies para seleccionar el contenido que se muestra en cada \u00e1rea. Toda la informaci\u00f3n sobre el uso de cookies por parte de Facebook est\u00e1 disponible aqu\u00ed: http:\/\/www.facebook.com\/help\/cookies?ref_type=sitefooter. Puede encontrar m\u00e1s informaci\u00f3n en nuestra Pol\u00edtica de Cookies.<\/p>\n<p>Si el usuario comparte contenido de los portales de tramasconsulting.com en ciertas redes sociales, estos sitios podr\u00edan instalar cookies durante el registro en el servicio. tramasconsulting.com no tiene control sobre la distribuci\u00f3n y gesti\u00f3n de estas cookies y recomienda a los usuarios que revisen las pol\u00edticas de privacidad de dichos sitios.<\/p>\n<p>En los portales, aplicaciones u otros medios digitales de tramasconsulting.com, se pueden incrustar fotos y v\u00eddeos de sitios como YouTube, Instagram y Flickr. Dicho contenido se inserta en nuestros sitios web, y dichos sitios de referencia pueden tener cookies. tramasconsulting.com no tiene control sobre dichas cookies y recomienda revisar las pol\u00edticas de privacidad de dichos sitios web.<\/p>\n<p>Puede acceder a las pol\u00edticas de privacidad de las redes sociales en cualquier momento y configurar su perfil para garantizar su privacidad. Le recomendamos que revise las condiciones de uso antes de usarlas:<\/p>\n<ul>\n<li>Facebook: https:\/\/www.facebook.com\/help\/323540651073243\/<\/li>\n<li>YouTube: http:\/\/www.google.es\/intl\/es\/policies\/privacy\/<\/li>\n<li>Google Plus: http:\/\/www.google.es\/intl\/es\/policies\/privacy\/<\/li>\n<li>Twitter: https:\/\/twitter.com\/privacy<\/li>\n<li>Instagram: https:\/\/help.instagram.com\/155833707900388<\/li>\n<\/ul>\n<p><strong>En cualquier caso, tramasconsulting.com se compromete a las siguientes garant\u00edas:<\/strong><\/p>\n<ol>\n<li>No divulgar los datos recopilados a terceros, salvo para las finalidades descritas en cada recopilaci\u00f3n de datos y las obligaciones legales aplicables.<\/li>\n<li>Utilizar los datos personales exclusivamente para los fines indicados. Finalidades.<\/li>\n<li>Para eliminar los datos personales del USUARIO, incluyendo los siguientes plazos de eliminaci\u00f3n: los datos se conservar\u00e1n mientras se mantenga la relaci\u00f3n con la entidad y el usuario no solicite su eliminaci\u00f3n; tambi\u00e9n se conservar\u00e1n seg\u00fan los plazos legalmente establecidos.<\/li>\n<\/ol>\n<p>Asimismo, tramasconsulting.com informa a los usuarios que cualquier otra divulgaci\u00f3n de datos que sea necesaria se comunicar\u00e1 cuando as\u00ed lo exija o autorice la legislaci\u00f3n aplicable en materia de protecci\u00f3n de datos, informando expl\u00edcitamente a los usuarios sobre los destinatarios, la finalidad y la naturaleza de los datos divulgados o solicitando previamente su consentimiento inequ\u00edvoco, espec\u00edfico e informado.<\/p>\n<h3><strong>ACEPTACI\u00d3N, CONSENTIMIENTO Y REVOCABILIDAD<\/strong><\/h3>\n<p>El Usuario declara haber sido informado de las condiciones de protecci\u00f3n de datos personales, aceptando y consintiendo el tratamiento de dichos datos por tramasconsulting.com para las finalidades indicadas en el aviso legal.<\/p>\n<p>Como se mencion\u00f3 anteriormente, puede revocar su consentimiento en cualquier momento, pero sin efectos retroactivos.<\/p>\n<h3><strong>CAMBIOS EN ESTA POL\u00cdTICA DE PRIVACIDAD<\/strong><\/h3>\n<p>tramasconsulting.com se reserva el derecho a modificar esta pol\u00edtica para adaptarla a las novedades legislativas o jurisprudenciales, as\u00ed como a las pr\u00e1cticas del sector. En tales casos, el proveedor anunciar\u00e1 los cambios en esta p\u00e1gina con suficiente antelaci\u00f3n a su aplicaci\u00f3n.<\/p>\n","protected":false},"excerpt":{"rendered":"<p>POL\u00cdTICA DE PROTECCI\u00d3N DE DATOS En cumplimiento de lo dispuesto&hellip; <a class=\"continue\" href=\"https:\/\/tramasconsulting.com\/es\/politica-de-privacidad\/\">Continuar<span> Pol\u00edtica de privacidad<\/span><\/a><\/p>\n","protected":false},"author":1,"featured_media":0,"parent":0,"menu_order":0,"comment_status":"closed","ping_status":"closed","template":"","meta":{"footnotes":""},"class_list":["post-19299","page","type-page","status-publish","hentry"],"yoast_head":"<!-- This site is optimized with the Yoast SEO plugin v27.4 - https:\/\/yoast.com\/product\/yoast-seo-wordpress\/ -->\n<title>Pol\u00edtica de privacidad: protecci\u00f3n de su informaci\u00f3n personal<\/title>\n<meta name=\"description\" content=\"Descubra c\u00f3mo recopilamos, usamos y protegemos sus datos personales. Nuestra Pol\u00edtica de Privacidad explica sus derechos y c\u00f3mo garantizamos la seguridad y confidencialidad de su informaci\u00f3n.\" \/>\n<meta name=\"robots\" content=\"index, follow, max-snippet:-1, max-image-preview:large, max-video-preview:-1\" \/>\n<link rel=\"canonical\" href=\"https:\/\/tramasconsulting.com\/es\/politica-de-privacidad\/\" \/>\n<meta property=\"og:locale\" content=\"es_ES\" \/>\n<meta property=\"og:type\" content=\"article\" \/>\n<meta property=\"og:title\" content=\"Pol\u00edtica de privacidad: protecci\u00f3n de su informaci\u00f3n personal\" \/>\n<meta property=\"og:description\" content=\"Descubra c\u00f3mo recopilamos, usamos y protegemos sus datos personales. Nuestra Pol\u00edtica de Privacidad explica sus derechos y c\u00f3mo garantizamos la seguridad y confidencialidad de su informaci\u00f3n.\" \/>\n<meta property=\"og:url\" content=\"https:\/\/tramasconsulting.com\/es\/politica-de-privacidad\/\" \/>\n<meta property=\"og:site_name\" content=\"Amalia Carmen Romero Pe\u00f1alver\" \/>\n<meta property=\"article:modified_time\" content=\"2025-08-13T11:49:21+00:00\" \/>\n<meta name=\"twitter:card\" content=\"summary_large_image\" \/>\n<meta name=\"twitter:label1\" content=\"Tiempo de lectura\" \/>\n\t<meta name=\"twitter:data1\" content=\"9 minutos\" \/>\n<script type=\"application\/ld+json\" class=\"yoast-schema-graph\">{\"@context\":\"https:\\\/\\\/schema.org\",\"@graph\":[{\"@type\":\"WebPage\",\"@id\":\"https:\\\/\\\/tramasconsulting.com\\\/es\\\/politica-de-privacidad\\\/\",\"url\":\"https:\\\/\\\/tramasconsulting.com\\\/es\\\/politica-de-privacidad\\\/\",\"name\":\"Pol\u00edtica de privacidad: protecci\u00f3n de su informaci\u00f3n personal\",\"isPartOf\":{\"@id\":\"https:\\\/\\\/tramasconsulting.com\\\/#website\"},\"datePublished\":\"2025-06-14T05:32:41+00:00\",\"dateModified\":\"2025-08-13T11:49:21+00:00\",\"description\":\"Descubra c\u00f3mo recopilamos, usamos y protegemos sus datos personales. Nuestra Pol\u00edtica de Privacidad explica sus derechos y c\u00f3mo garantizamos la seguridad y confidencialidad de su informaci\u00f3n.\",\"breadcrumb\":{\"@id\":\"https:\\\/\\\/tramasconsulting.com\\\/es\\\/politica-de-privacidad\\\/#breadcrumb\"},\"inLanguage\":\"es\",\"potentialAction\":[{\"@type\":\"ReadAction\",\"target\":[\"https:\\\/\\\/tramasconsulting.com\\\/es\\\/politica-de-privacidad\\\/\"]}]},{\"@type\":\"BreadcrumbList\",\"@id\":\"https:\\\/\\\/tramasconsulting.com\\\/es\\\/politica-de-privacidad\\\/#breadcrumb\",\"itemListElement\":[{\"@type\":\"ListItem\",\"position\":1,\"name\":\"Portada\",\"item\":\"https:\\\/\\\/tramasconsulting.com\\\/es\\\/\"},{\"@type\":\"ListItem\",\"position\":2,\"name\":\"Pol\u00edtica de privacidad\"}]},{\"@type\":\"WebSite\",\"@id\":\"https:\\\/\\\/tramasconsulting.com\\\/#website\",\"url\":\"https:\\\/\\\/tramasconsulting.com\\\/\",\"name\":\"Amalia Carmen Romero Pe\u00f1alver\",\"description\":\"Social and Health Consulting\",\"potentialAction\":[{\"@type\":\"SearchAction\",\"target\":{\"@type\":\"EntryPoint\",\"urlTemplate\":\"https:\\\/\\\/tramasconsulting.com\\\/?s={search_term_string}\"},\"query-input\":{\"@type\":\"PropertyValueSpecification\",\"valueRequired\":true,\"valueName\":\"search_term_string\"}}],\"inLanguage\":\"es\"},{\"@type\":\"ImageObject\",\"inLanguage\":\"es\",\"@id\":\"https:\\\/\\\/tramasconsulting.com\\\/es\\\/politica-de-privacidad\\\/#local-main-organization-logo\",\"url\":\"\",\"contentUrl\":\"\",\"caption\":\"Amalia Carmen Romero Pe\u00f1alver\"}]}<\/script>\n<!-- \/ Yoast SEO plugin. -->","yoast_head_json":{"title":"Pol\u00edtica de privacidad: protecci\u00f3n de su informaci\u00f3n personal","description":"Descubra c\u00f3mo recopilamos, usamos y protegemos sus datos personales. Nuestra Pol\u00edtica de Privacidad explica sus derechos y c\u00f3mo garantizamos la seguridad y confidencialidad de su informaci\u00f3n.","robots":{"index":"index","follow":"follow","max-snippet":"max-snippet:-1","max-image-preview":"max-image-preview:large","max-video-preview":"max-video-preview:-1"},"canonical":"https:\/\/tramasconsulting.com\/es\/politica-de-privacidad\/","og_locale":"es_ES","og_type":"article","og_title":"Pol\u00edtica de privacidad: protecci\u00f3n de su informaci\u00f3n personal","og_description":"Descubra c\u00f3mo recopilamos, usamos y protegemos sus datos personales. Nuestra Pol\u00edtica de Privacidad explica sus derechos y c\u00f3mo garantizamos la seguridad y confidencialidad de su informaci\u00f3n.","og_url":"https:\/\/tramasconsulting.com\/es\/politica-de-privacidad\/","og_site_name":"Amalia Carmen Romero Pe\u00f1alver","article_modified_time":"2025-08-13T11:49:21+00:00","twitter_card":"summary_large_image","twitter_misc":{"Tiempo de lectura":"9 minutos"},"schema":{"@context":"https:\/\/schema.org","@graph":[{"@type":"WebPage","@id":"https:\/\/tramasconsulting.com\/es\/politica-de-privacidad\/","url":"https:\/\/tramasconsulting.com\/es\/politica-de-privacidad\/","name":"Pol\u00edtica de privacidad: protecci\u00f3n de su informaci\u00f3n personal","isPartOf":{"@id":"https:\/\/tramasconsulting.com\/#website"},"datePublished":"2025-06-14T05:32:41+00:00","dateModified":"2025-08-13T11:49:21+00:00","description":"Descubra c\u00f3mo recopilamos, usamos y protegemos sus datos personales. Nuestra Pol\u00edtica de Privacidad explica sus derechos y c\u00f3mo garantizamos la seguridad y confidencialidad de su informaci\u00f3n.","breadcrumb":{"@id":"https:\/\/tramasconsulting.com\/es\/politica-de-privacidad\/#breadcrumb"},"inLanguage":"es","potentialAction":[{"@type":"ReadAction","target":["https:\/\/tramasconsulting.com\/es\/politica-de-privacidad\/"]}]},{"@type":"BreadcrumbList","@id":"https:\/\/tramasconsulting.com\/es\/politica-de-privacidad\/#breadcrumb","itemListElement":[{"@type":"ListItem","position":1,"name":"Portada","item":"https:\/\/tramasconsulting.com\/es\/"},{"@type":"ListItem","position":2,"name":"Pol\u00edtica de privacidad"}]},{"@type":"WebSite","@id":"https:\/\/tramasconsulting.com\/#website","url":"https:\/\/tramasconsulting.com\/","name":"Amalia Carmen Romero Pe\u00f1alver","description":"Social and Health Consulting","potentialAction":[{"@type":"SearchAction","target":{"@type":"EntryPoint","urlTemplate":"https:\/\/tramasconsulting.com\/?s={search_term_string}"},"query-input":{"@type":"PropertyValueSpecification","valueRequired":true,"valueName":"search_term_string"}}],"inLanguage":"es"},{"@type":"ImageObject","inLanguage":"es","@id":"https:\/\/tramasconsulting.com\/es\/politica-de-privacidad\/#local-main-organization-logo","url":"","contentUrl":"","caption":"Amalia Carmen Romero Pe\u00f1alver"}]}},"_links":{"self":[{"href":"https:\/\/tramasconsulting.com\/es\/wp-json\/wp\/v2\/pages\/19299","targetHints":{"allow":["GET"]}}],"collection":[{"href":"https:\/\/tramasconsulting.com\/es\/wp-json\/wp\/v2\/pages"}],"about":[{"href":"https:\/\/tramasconsulting.com\/es\/wp-json\/wp\/v2\/types\/page"}],"author":[{"embeddable":true,"href":"https:\/\/tramasconsulting.com\/es\/wp-json\/wp\/v2\/users\/1"}],"replies":[{"embeddable":true,"href":"https:\/\/tramasconsulting.com\/es\/wp-json\/wp\/v2\/comments?post=19299"}],"version-history":[{"count":2,"href":"https:\/\/tramasconsulting.com\/es\/wp-json\/wp\/v2\/pages\/19299\/revisions"}],"predecessor-version":[{"id":19301,"href":"https:\/\/tramasconsulting.com\/es\/wp-json\/wp\/v2\/pages\/19299\/revisions\/19301"}],"wp:attachment":[{"href":"https:\/\/tramasconsulting.com\/es\/wp-json\/wp\/v2\/media?parent=19299"}],"curies":[{"name":"wp","href":"https:\/\/api.w.org\/{rel}","templated":true}]}}