{"id":19303,"date":"2025-06-28T11:47:09","date_gmt":"2025-06-28T09:47:09","guid":{"rendered":"https:\/\/tramasconsulting.com\/site-map\/"},"modified":"2025-08-13T13:50:30","modified_gmt":"2025-08-13T11:50:30","slug":"mapa-del-sitio","status":"publish","type":"page","link":"https:\/\/tramasconsulting.com\/es\/mapa-del-sitio\/","title":{"rendered":"Mapa del sitio"},"content":{"rendered":"<div class=\"wsp-container\"><h2 class=\"wsp-pages-title\">P\u00e1ginas<\/h2>\n<ul class=\"wsp-pages-list\">\n<li class=\"page_item page-item-19258\"><a href=\"https:\/\/tramasconsulting.com\/es\/accesibilidad\/\">Accesibilidad<\/a><\/li>\n<li class=\"page_item page-item-19259\"><a href=\"https:\/\/tramasconsulting.com\/es\/blog\/\">Blog<\/a><\/li>\n<li class=\"page_item page-item-19306\"><a href=\"https:\/\/tramasconsulting.com\/es\/condiciones-de-uso\/\">Condiciones de uso<\/a><\/li>\n<li class=\"page_item page-item-19261\"><a href=\"https:\/\/tramasconsulting.com\/es\/contacto\/\">Contacto<\/a><\/li>\n<li class=\"page_item page-item-18839\"><a href=\"https:\/\/tramasconsulting.com\/es\/desistimiento\/\">Desistimiento<\/a><\/li>\n<li class=\"page_item page-item-19271\"><a href=\"https:\/\/tramasconsulting.com\/es\/\">Inicio<\/a><\/li>\n<li class=\"page_item page-item-19270\"><a href=\"https:\/\/tramasconsulting.com\/es\/ley-de-cookies\/\">Ley de cookies<\/a><\/li>\n<li class=\"page_item page-item-19303\"><a href=\"https:\/\/tramasconsulting.com\/es\/mapa-del-sitio\/\">Mapa del sitio<\/a><\/li>\n<li class=\"page_item page-item-19291\"><a href=\"https:\/\/tramasconsulting.com\/es\/nuestro-equipo\/\">Nuestro equipo<\/a><\/li>\n<li class=\"page_item page-item-19287\"><a href=\"https:\/\/tramasconsulting.com\/es\/nuestros-servicios\/\">Nuestros servicios<\/a><\/li>\n<li class=\"page_item page-item-19296\"><a href=\"https:\/\/tramasconsulting.com\/es\/nuestros-valores\/\">Nuestros valores<\/a><\/li>\n<li class=\"page_item page-item-19299\"><a href=\"https:\/\/tramasconsulting.com\/es\/politica-de-privacidad\/\">Pol\u00edtica de privacidad<\/a><\/li>\n<li class=\"page_item page-item-19282\"><a href=\"https:\/\/tramasconsulting.com\/es\/principales-areas-de-trabajo\/\">Principales \u00e1reas de trabajo<\/a><\/li>\n<li class=\"page_item page-item-19315\"><a href=\"https:\/\/tramasconsulting.com\/es\/que-hacemos\/\">Que hacemos<\/a><\/li>\n<li class=\"page_item page-item-19319\"><a href=\"https:\/\/tramasconsulting.com\/es\/acerca-de-los-consultores-de-desarrollo-internacional\/\">Quienes somos<\/a><\/li>\n<li class=\"page_item page-item-19310\"><a href=\"https:\/\/tramasconsulting.com\/es\/temas\/\">Temas<\/a><\/li>\n<\/ul>\n<h2 class=\"wsp-posts-title\">Posts por categor\u00eda<\/h2>\n<ul class=\"wsp-posts-list\">\n\t<li><strong class=\"wsp-category-title\">Category: <a href=\"https:\/\/tramasconsulting.com\/es\/category\/sin-categoria\/\">Sin categor\u00eda<\/a><\/strong>\n<ul class=\"wsp-posts-list\">\t\t<li class=\"wsp-post\"><a href=\"https:\/\/tramasconsulting.com\/es\/fortalecimiento-de-la-salud-publica-mediante-la-consultoria-social\/\">Fortalecimiento de la salud p\u00fablica mediante la consultor\u00eda social<\/a><\/li>\n\t\t<li class=\"wsp-post\"><a href=\"https:\/\/tramasconsulting.com\/es\/el-papel-de-la-consultoria-en-la-reduccion-de-las-desigualdades-en-salud\/\">El papel de la consultor\u00eda en la reducci\u00f3n de las desigualdades en salud<\/a><\/li>\n\t\t<li class=\"wsp-post\"><a href=\"https:\/\/tramasconsulting.com\/es\/de-los-datos-a-la-accion-como-la-consultoria-transforma-la-investigacion-sanitaria\/\">De los datos a la acci\u00f3n: c\u00f3mo la consultor\u00eda transforma la investigaci\u00f3n sanitaria<\/a><\/li>\n<\/ul><\/li>\n<\/ul>\n<h2 class=\"wsp-wpa-stats-types-title\">Tipos de estad\u00edsticas<\/h2>\n<ul class=\"wsp-wpa-stats-types-list\">\n<li><a href=\"https:\/\/tramasconsulting.com\/es\/wpa-stats-type\/android\/\">Android<\/a><\/li>\n<li><a href=\"https:\/\/tramasconsulting.com\/wpa-stats-type\/chrome\/\">Chrome<\/a><\/li>\n<li><a href=\"https:\/\/tramasconsulting.com\/es\/wpa-stats-type\/firefox\/\">Firefox<\/a><\/li>\n<li><a href=\"https:\/\/tramasconsulting.com\/wpa-stats-type\/view\/\">view<\/a><\/li>\n<li><a href=\"https:\/\/tramasconsulting.com\/wpa-stats-type\/windows\/\">Windows<\/a><\/li>\n<\/ul>\n<\/div>\n","protected":false},"excerpt":{"rendered":"","protected":false},"author":1,"featured_media":0,"parent":0,"menu_order":0,"comment_status":"closed","ping_status":"closed","template":"100-width.php","meta":{"footnotes":""},"class_list":["post-19303","page","type-page","status-publish","hentry"],"yoast_head":"<!-- This site is optimized with the Yoast SEO plugin v27.4 - https:\/\/yoast.com\/product\/yoast-seo-wordpress\/ -->\n<title>Mapa del sitio: f\u00e1cil navegaci\u00f3n en nuestro sitio web<\/title>\n<meta name=\"description\" content=\"Explora la estructura completa de nuestro sitio web con nuestro Mapa del Sitio. Encuentra r\u00e1pidamente p\u00e1ginas, secciones y contenido importante para navegar f\u00e1cilmente por nuestros servicios e informaci\u00f3n.\" \/>\n<meta name=\"robots\" content=\"index, follow, max-snippet:-1, max-image-preview:large, max-video-preview:-1\" \/>\n<link rel=\"canonical\" href=\"https:\/\/tramasconsulting.com\/es\/mapa-del-sitio\/\" \/>\n<meta property=\"og:locale\" content=\"es_ES\" \/>\n<meta property=\"og:type\" content=\"article\" \/>\n<meta property=\"og:title\" content=\"Mapa del sitio: f\u00e1cil navegaci\u00f3n en nuestro sitio web\" \/>\n<meta property=\"og:description\" content=\"Explora la estructura completa de nuestro sitio web con nuestro Mapa del Sitio. Encuentra r\u00e1pidamente p\u00e1ginas, secciones y contenido importante para navegar f\u00e1cilmente por nuestros servicios e informaci\u00f3n.\" \/>\n<meta property=\"og:url\" content=\"https:\/\/tramasconsulting.com\/es\/mapa-del-sitio\/\" \/>\n<meta property=\"og:site_name\" content=\"Amalia Carmen Romero Pe\u00f1alver\" \/>\n<meta property=\"article:modified_time\" content=\"2025-08-13T11:50:30+00:00\" \/>\n<meta name=\"twitter:card\" content=\"summary_large_image\" \/>\n<meta name=\"twitter:label1\" content=\"Tiempo de lectura\" \/>\n\t<meta name=\"twitter:data1\" content=\"1 minuto\" \/>\n<script type=\"application\/ld+json\" class=\"yoast-schema-graph\">{\"@context\":\"https:\\\/\\\/schema.org\",\"@graph\":[{\"@type\":\"WebPage\",\"@id\":\"https:\\\/\\\/tramasconsulting.com\\\/es\\\/mapa-del-sitio\\\/\",\"url\":\"https:\\\/\\\/tramasconsulting.com\\\/es\\\/mapa-del-sitio\\\/\",\"name\":\"Mapa del sitio: f\u00e1cil navegaci\u00f3n en nuestro sitio web\",\"isPartOf\":{\"@id\":\"https:\\\/\\\/tramasconsulting.com\\\/#website\"},\"datePublished\":\"2025-06-28T09:47:09+00:00\",\"dateModified\":\"2025-08-13T11:50:30+00:00\",\"description\":\"Explora la estructura completa de nuestro sitio web con nuestro Mapa del Sitio. Encuentra r\u00e1pidamente p\u00e1ginas, secciones y contenido importante para navegar f\u00e1cilmente por nuestros servicios e informaci\u00f3n.\",\"breadcrumb\":{\"@id\":\"https:\\\/\\\/tramasconsulting.com\\\/es\\\/mapa-del-sitio\\\/#breadcrumb\"},\"inLanguage\":\"es\",\"potentialAction\":[{\"@type\":\"ReadAction\",\"target\":[\"https:\\\/\\\/tramasconsulting.com\\\/es\\\/mapa-del-sitio\\\/\"]}]},{\"@type\":\"BreadcrumbList\",\"@id\":\"https:\\\/\\\/tramasconsulting.com\\\/es\\\/mapa-del-sitio\\\/#breadcrumb\",\"itemListElement\":[{\"@type\":\"ListItem\",\"position\":1,\"name\":\"Portada\",\"item\":\"https:\\\/\\\/tramasconsulting.com\\\/es\\\/\"},{\"@type\":\"ListItem\",\"position\":2,\"name\":\"Mapa del sitio\"}]},{\"@type\":\"WebSite\",\"@id\":\"https:\\\/\\\/tramasconsulting.com\\\/#website\",\"url\":\"https:\\\/\\\/tramasconsulting.com\\\/\",\"name\":\"Amalia Carmen Romero Pe\u00f1alver\",\"description\":\"Social and Health Consulting\",\"potentialAction\":[{\"@type\":\"SearchAction\",\"target\":{\"@type\":\"EntryPoint\",\"urlTemplate\":\"https:\\\/\\\/tramasconsulting.com\\\/?s={search_term_string}\"},\"query-input\":{\"@type\":\"PropertyValueSpecification\",\"valueRequired\":true,\"valueName\":\"search_term_string\"}}],\"inLanguage\":\"es\"},{\"@type\":\"ImageObject\",\"inLanguage\":\"es\",\"@id\":\"https:\\\/\\\/tramasconsulting.com\\\/es\\\/mapa-del-sitio\\\/#local-main-organization-logo\",\"url\":\"\",\"contentUrl\":\"\",\"caption\":\"Amalia Carmen Romero Pe\u00f1alver\"}]}<\/script>\n<!-- \/ Yoast SEO plugin. -->","yoast_head_json":{"title":"Mapa del sitio: f\u00e1cil navegaci\u00f3n en nuestro sitio web","description":"Explora la estructura completa de nuestro sitio web con nuestro Mapa del Sitio. Encuentra r\u00e1pidamente p\u00e1ginas, secciones y contenido importante para navegar f\u00e1cilmente por nuestros servicios e informaci\u00f3n.","robots":{"index":"index","follow":"follow","max-snippet":"max-snippet:-1","max-image-preview":"max-image-preview:large","max-video-preview":"max-video-preview:-1"},"canonical":"https:\/\/tramasconsulting.com\/es\/mapa-del-sitio\/","og_locale":"es_ES","og_type":"article","og_title":"Mapa del sitio: f\u00e1cil navegaci\u00f3n en nuestro sitio web","og_description":"Explora la estructura completa de nuestro sitio web con nuestro Mapa del Sitio. Encuentra r\u00e1pidamente p\u00e1ginas, secciones y contenido importante para navegar f\u00e1cilmente por nuestros servicios e informaci\u00f3n.","og_url":"https:\/\/tramasconsulting.com\/es\/mapa-del-sitio\/","og_site_name":"Amalia Carmen Romero Pe\u00f1alver","article_modified_time":"2025-08-13T11:50:30+00:00","twitter_card":"summary_large_image","twitter_misc":{"Tiempo de lectura":"1 minuto"},"schema":{"@context":"https:\/\/schema.org","@graph":[{"@type":"WebPage","@id":"https:\/\/tramasconsulting.com\/es\/mapa-del-sitio\/","url":"https:\/\/tramasconsulting.com\/es\/mapa-del-sitio\/","name":"Mapa del sitio: f\u00e1cil navegaci\u00f3n en nuestro sitio web","isPartOf":{"@id":"https:\/\/tramasconsulting.com\/#website"},"datePublished":"2025-06-28T09:47:09+00:00","dateModified":"2025-08-13T11:50:30+00:00","description":"Explora la estructura completa de nuestro sitio web con nuestro Mapa del Sitio. Encuentra r\u00e1pidamente p\u00e1ginas, secciones y contenido importante para navegar f\u00e1cilmente por nuestros servicios e informaci\u00f3n.","breadcrumb":{"@id":"https:\/\/tramasconsulting.com\/es\/mapa-del-sitio\/#breadcrumb"},"inLanguage":"es","potentialAction":[{"@type":"ReadAction","target":["https:\/\/tramasconsulting.com\/es\/mapa-del-sitio\/"]}]},{"@type":"BreadcrumbList","@id":"https:\/\/tramasconsulting.com\/es\/mapa-del-sitio\/#breadcrumb","itemListElement":[{"@type":"ListItem","position":1,"name":"Portada","item":"https:\/\/tramasconsulting.com\/es\/"},{"@type":"ListItem","position":2,"name":"Mapa del sitio"}]},{"@type":"WebSite","@id":"https:\/\/tramasconsulting.com\/#website","url":"https:\/\/tramasconsulting.com\/","name":"Amalia Carmen Romero Pe\u00f1alver","description":"Social and Health Consulting","potentialAction":[{"@type":"SearchAction","target":{"@type":"EntryPoint","urlTemplate":"https:\/\/tramasconsulting.com\/?s={search_term_string}"},"query-input":{"@type":"PropertyValueSpecification","valueRequired":true,"valueName":"search_term_string"}}],"inLanguage":"es"},{"@type":"ImageObject","inLanguage":"es","@id":"https:\/\/tramasconsulting.com\/es\/mapa-del-sitio\/#local-main-organization-logo","url":"","contentUrl":"","caption":"Amalia Carmen Romero Pe\u00f1alver"}]}},"_links":{"self":[{"href":"https:\/\/tramasconsulting.com\/es\/wp-json\/wp\/v2\/pages\/19303","targetHints":{"allow":["GET"]}}],"collection":[{"href":"https:\/\/tramasconsulting.com\/es\/wp-json\/wp\/v2\/pages"}],"about":[{"href":"https:\/\/tramasconsulting.com\/es\/wp-json\/wp\/v2\/types\/page"}],"author":[{"embeddable":true,"href":"https:\/\/tramasconsulting.com\/es\/wp-json\/wp\/v2\/users\/1"}],"replies":[{"embeddable":true,"href":"https:\/\/tramasconsulting.com\/es\/wp-json\/wp\/v2\/comments?post=19303"}],"version-history":[{"count":1,"href":"https:\/\/tramasconsulting.com\/es\/wp-json\/wp\/v2\/pages\/19303\/revisions"}],"predecessor-version":[{"id":19304,"href":"https:\/\/tramasconsulting.com\/es\/wp-json\/wp\/v2\/pages\/19303\/revisions\/19304"}],"wp:attachment":[{"href":"https:\/\/tramasconsulting.com\/es\/wp-json\/wp\/v2\/media?parent=19303"}],"curies":[{"name":"wp","href":"https:\/\/api.w.org\/{rel}","templated":true}]}}