{"id":19306,"date":"2025-07-05T11:56:43","date_gmt":"2025-07-05T09:56:43","guid":{"rendered":"https:\/\/tramasconsulting.com\/terms-of-use\/"},"modified":"2025-08-13T13:52:50","modified_gmt":"2025-08-13T11:52:50","slug":"condiciones-de-uso","status":"publish","type":"page","link":"https:\/\/tramasconsulting.com\/es\/condiciones-de-uso\/","title":{"rendered":"Condiciones de uso"},"content":{"rendered":"<p>1.- OBJETO<\/p>\n<p>En cumplimiento de la Ley 34\/2002, de 11 de julio, de Servicios de la Sociedad de la Informaci\u00f3n y de Comercio Electr\u00f3nico (LSSI-CE), se informa que las presentes Condiciones Generales de Acceso y Uso (en adelante, las \u00abCondiciones de Uso\u00bb) tienen por objeto regular las condiciones de uso y acceso al sitio web o sitios web ubicados en la direcci\u00f3n: tramasconsulting.com, propiedad de:<\/p>\n<p>AMALIA CARMEN ROMERO PE\u00d1ALVER<\/p>\n<p>DNI 45329007D<\/p>\n<p>C. Pernaleros Bajo, 17, Albaic\u00edn, 18010 Granada<\/p>\n<p>(en adelante, tramasconsulting.com).<\/p>\n<p>tramasconsulting.com ha sido desarrollado para divulgar y permitir el acceso a la informaci\u00f3n que contiene, con sujeci\u00f3n a las restricciones y limitaciones impuestas por estas Condiciones Generales, as\u00ed como para permitir el acceso a otras p\u00e1ginas con las que el sitio web tramasconsulting.com mantiene relaciones comerciales, profesionales o de cualquier otro tipo.<\/p>\n<p>El objeto social de tramasconsulting.com es:<\/p>\n<p>tramasconsulting.com es un sitio web de venta de servicios en l\u00ednea dedicado a impulsar el cambio social a trav\u00e9s de:<\/p>\n<p><strong>2.- DERECHOS Y OBLIGACIONES DEL USUARIO<\/strong><\/p>\n<p><strong>2.1.- CONDICIONES DE ACCESO Y USO<\/strong><\/p>\n<p>A trav\u00e9s de la direcci\u00f3n web tramasconsulting.com, cualquier usuario puede acceder libremente a la informaci\u00f3n contenida en el mencionado SITIO WEB.<\/p>\n<p>Las condiciones de acceso al sitio web est\u00e1n sujetas a la legislaci\u00f3n vigente en cada momento, as\u00ed como a los principios de buena fe y uso l\u00edcito por parte del Usuario, prohibi\u00e9ndose expresamente cualquier conducta que pueda perjudicar al Portal o a terceros.<\/p>\n<p>El sitio web no requiere suscripci\u00f3n ni registro previo para la simple navegaci\u00f3n ni para acceder o utilizar algunos de sus servicios. Por el contrario, para recibir notificaciones por correo electr\u00f3nico sobre noticias, ofertas o descuentos, es necesario suscribirse.<\/p>\n<p>Los servicios o contenidos que requieran suscripci\u00f3n para su acceso o uso ir\u00e1n acompa\u00f1ados del correspondiente aviso de la necesidad de suscripci\u00f3n. Respecto al tratamiento de datos personales, consulte la Pol\u00edtica de Privacidad de tramasconsulting.com.<\/p>\n<p>2.1.1.-ACEPTACI\u00d3N DE LAS CONDICIONES \/ SUSCRIPCI\u00d3N DEL USUARIO<\/p>\n<p>El mero uso del sitio web o la confirmaci\u00f3n del campo correspondiente en el proceso de registro como Usuario Suscriptor implica la aceptaci\u00f3n de las condiciones generales de uso de tramasconsulting.com.<\/p>\n<p>A trav\u00e9s del sitio web tramasconsulting.com, todos los Usuarios podr\u00e1n acceder al contenido, servicios y otra informaci\u00f3n relacionada con el objeto social de esta entidad.<\/p>\n<p>Las presentes condiciones de uso constituyen el acuerdo entre las partes en materia de acceso y uso.<\/p>\n<p>tramasconsulting.com est\u00e1 autorizado a modificar unilateralmente todas y cada una de las obligaciones establecidas en estas Condiciones Generales de Uso, sin previo aviso. Tambi\u00e9n est\u00e1 facultado para reestructurar, modificar o eliminar cualquier informaci\u00f3n, servicio o contenido incluido en el sitio web sin previo aviso. Las modificaciones de cualquiera de estas condiciones generales para un caso particular solo ser\u00e1n v\u00e1lidas si se registran por escrito y est\u00e1n firmadas por los representantes legales de cada parte.<\/p>\n<p>Asimismo, tramasconsulting.com se reserva el derecho a restringir el acceso o uso de algunos Servicios del sitio web, ahora o en el futuro, exigiendo, en su caso, la condici\u00f3n de Usuario Suscrito, que en tal caso se puede obtener introduciendo el correo electr\u00f3nico del usuario en la casilla de suscripci\u00f3n que tramasconsulting.com pone a disposici\u00f3n de los Usuarios que deseen suscribirse.<\/p>\n<p>Veracidad de los datos<\/p>\n<p>Al completar estos formularios, casillas de suscripci\u00f3n o herramientas similares, el USUARIO reconoce que los datos proporcionados son obtenidos directamente del usuario, veraces y exactos, y se compromete a notificar a tramasconsulting.com cualquier cambio o modificaci\u00f3n que se produzca en dichos datos.<\/p>\n<p>2.2.- CONTENIDO Y COMPORTAMIENTO DEL USUARIO<\/p>\n<p>El Usuario se compromete a hacer un uso l\u00edcito, diligente, honesto y correcto de cualquier informaci\u00f3n o contenido al que acceda a trav\u00e9s del sitio web tramasconsulting.com o de terceros previamente proporcionados por tramasconsulting.com, todo ello bajo los principios de la buena fe y respetando siempre la legislaci\u00f3n vigente.<\/p>\n<p>El Usuario deber\u00e1 abstenerse de obtener, salvo para uso personal, cualquier informaci\u00f3n (entendida como cualquier mensaje, archivo de sonido, fotograf\u00eda, dibujo, software y, en general, cualquier tipo de archivo inform\u00e1tico o gr\u00e1fico) que sea propiedad del sitio web.<\/p>\n<p>Asimismo, el Usuario se compromete a no causar da\u00f1os maliciosos o intencionados que puedan perjudicar o alterar el propio sitio web, ni a introducir o difundir los denominados \u00abvirus inform\u00e1ticos\u00bb que puedan causar alteraciones no autorizadas en los contenidos o sistemas que conforman el sitio web. Este compromiso se regir\u00e1 por el uso de los contenidos de conformidad con la ley, la moral y el orden p\u00fablico; no se podr\u00e1 copiar, reproducir, distribuir, transferir, transformar ni modificar los contenidos sin el previo consentimiento por escrito de tramasconsulting.com o de la persona en quien delegue.<\/p>\n<p>En este sentido, tramasconsulting.com queda exento de cualquier tipo de fallo o virus inform\u00e1tico introducido por terceros.<\/p>\n<p>El Usuario debe cumplir Cumple con todos los requisitos en materia de derechos de propiedad intelectual, industrial y otros derechos an\u00e1logos.<\/p>\n<p>La informaci\u00f3n proporcionada EN EL SITIO WEB nunca debe considerarse completa ni exhaustiva. tramasconsulting.com intentar\u00e1, en la medida de lo posible, actualizarla constantemente.<\/p>\n<p>tramasconsulting.com declara que el servicio\/producto ofrecido en el sitio web se corresponde con su descripci\u00f3n. Sin embargo, se exime de responsabilidad en aquellos casos en que errores t\u00e9cnicos o humanos puedan causar discrepancias o variaciones entre las im\u00e1genes, descripciones y precios. Asimismo, se advierte que las fotograf\u00edas son solo ilustrativas y pueden diferir en su apariencia f\u00edsica sin comprometer la integridad ni las caracter\u00edsticas del servicio\/producto ofrecido o solicitado.<\/p>\n<p>tramasconsulting.com se exime de cualquier responsabilidad por el contenido, la informaci\u00f3n, las opiniones o los comentarios difundidos a trav\u00e9s de su sitio web y no ser\u00e1 responsable del uso que el Usuario haga de dicha informaci\u00f3n.<\/p>\n<p>3.- DERECHOS Y OBLIGACIONES DE tramasconsulting.com<\/p>\n<p>tramasconsulting.com ser\u00e1 el \u00fanico y exclusivo responsable de los servicios que presta directamente y del contenido originado por el propio sitio web e identificado con su correspondiente copyright.<\/p>\n<p>tramasconsulting.com se compromete a adoptar las medidas necesarias para garantizar la seguridad y la privacidad de las comunicaciones. No ser\u00e1 responsable si, a pesar de las medidas de seguridad adoptadas, estas son vulneradas por agentes externos.<\/p>\n<p>tramasconsulting.com no ser\u00e1 responsable, ni indirecta ni subsidiariamente, de ning\u00fan contenido, informaci\u00f3n, opini\u00f3n o declaraci\u00f3n de ning\u00fan tipo que provenga del Usuario o de terceros o entidades que accedan, transmitan, comuniquen, procesen, muestren o vendan dicha informaci\u00f3n en el sitio web propiedad de tramasconsulting.com.<\/p>\n<p>tramasconsulting.com se reserva el derecho a suspender temporalmente el servicio sin previo aviso al Usuario cuando sea necesario para realizar tareas de mantenimiento, actualizaciones o mejoras. Tambi\u00e9n podr\u00e1 modificar las condiciones de acceso y\/o la ubicaci\u00f3n exacta del contenido del sitio web, as\u00ed como bloquear, restringir, eliminar o impedir el acceso a los servicios cuando los Usuarios no hagan un uso l\u00edcito, honesto y diligente de los servicios prestados en el sitio web. Asimismo, podr\u00e1 eliminar, bloquear o restringir el uso de contenido introducido por terceros que sea il\u00edcito, racista, delictivo, que fomente el terrorismo, atente contra los derechos humanos, difamatorio, pornogr\u00e1fico, fraudulento o que infrinja de cualquier otra forma la legislaci\u00f3n y normativa nacional o internacional aplicable.<\/p>\n<p>tramasconsulting.com no garantiza la disponibilidad y continuidad permanentes del sitio web debido a interrupciones, fallos, etc., ni ser\u00e1 responsable de los da\u00f1os causados a los Usuarios por virus inform\u00e1ticos o agentes externos que terceros puedan introducir en el sitio web o en los documentos electr\u00f3nicos y archivos almacenados en el sistema inform\u00e1tico.<\/p>\n<p>El Sitio Web proporciona a los Usuarios ciertas herramientas, como hojas, botones, banners, enlaces o hiperv\u00ednculos, para permitir el acceso a contenido u otros sitios relacionados o no con la actividad del sitio web. El objetivo final de estas herramientas es facilitar la navegaci\u00f3n del Usuario. tramasconsulting.com no se responsabiliza de los derechos de autor ni de la informaci\u00f3n proporcionada por los sitios web a los que acceda el Usuario a trav\u00e9s de su p\u00e1gina. tramasconsulting.com intentar\u00e1, en la medida de lo posible, controlar dichos hiperv\u00ednculos, restringiendo, bloqueando o suspendiendo estos botones cuando infrinjan los principios descritos en estas Condiciones Generales.<\/p>\n<p><strong>4.-PROPIEDAD INTELECTUAL<\/strong><\/p>\n<p>Todo el contenido al que se accede a trav\u00e9s del servicio prestado por tramasconsulting.com est\u00e1 sujeto a los derechos de propiedad intelectual e industrial de tramasconsulting.com o de terceros. Dicho contenido no podr\u00e1 ser utilizado, duplicado, distribuido, vendido, explotado ni utilizado de ninguna otra forma con fines comerciales o no comerciales sin el consentimiento previo y obligatorio por escrito del titular de los derechos (tramasconsulting.com).<\/p>\n<p>Asimismo, tramasconsulting.com es responsable de las marcas, logotipos y dem\u00e1s signos distintivos incorporados en cualquier parte del sitio web y propiedad de tramasconsulting.com, as\u00ed como titular o licenciatario de todos los derechos de Propiedad Intelectual o Industrial relacionados con ellos.<\/p>\n<p>Todo el contenido y los componentes del sitio web tramasconsulting.com se han incluido de buena fe, indicando que la informaci\u00f3n puede provenir, total o parcialmente, de fuentes externas, por lo que tramasconsulting.com no asume ninguna responsabilidad por inexactitudes o falta de actualizaci\u00f3n del contenido mostrado.<\/p>\n<p>Por otro lado, todo el contenido de fuentes internas estar\u00e1 debidamente identificado con su copyright. La entidad se reserva el derecho a realizar cambios en cualquier momento sin previo aviso. Todo el contenido incluido en el sitio que provenga de fuentes internas y que cuente con el copyright es responsabilidad exclusiva de tramasconsulting.com.<\/p>\n<p><strong>5.- PROTECCI\u00d3N DE DATOS<\/strong><\/p>\n<p>tramasconsulting.com es plenamente consciente del uso y tratamiento de datos personales, y de acuerdo con la legislaci\u00f3n vigente. De acuerdo con la normativa vigente en la materia (LOPD y LSSICE), ha implementado un sistema dentro de su organizaci\u00f3n para preservar la seguridad, integridad y confidencialidad de los datos personales.<\/p>\n<p>Para ello, adem\u00e1s de cumplir \u00edntegramente con todos los requisitos establecidos en la Ley Org\u00e1nica 15\/1999, de 13 de diciembre, de Protecci\u00f3n de Datos de Car\u00e1cter Personal, y la Ley 34\/2002 LSSICE, garantiza un uso l\u00edcito y leal de los datos personales, as\u00ed como un sistema adecuado para el ejercicio de los derechos de acceso, rectificaci\u00f3n, cancelaci\u00f3n y oposici\u00f3n establecidos en la citada Ley Org\u00e1nica.<\/p>\n<p>De acuerdo con la pol\u00edtica de privacidad de tramasconsulting.com, se informa que cualquier persona puede ejercer sus derechos de acceso, rectificaci\u00f3n, cancelaci\u00f3n y, en su caso, oposici\u00f3n enviando un correo electr\u00f3nico a comercial@tramasconsulting.com.<\/p>\n<p>Para m\u00e1s informaci\u00f3n, consulte la Pol\u00edtica de Privacidad del portal tramasconsulting.com.<\/p>\n<p>6.- JURISDICCI\u00d3N Y LEGISLACI\u00d3N<\/p>\n<p>Las presentes Condiciones de Uso se rigen por la legislaci\u00f3n espa\u00f1ola, que ser\u00e1 de aplicaci\u00f3n en lo relativo a su validez, interpretaci\u00f3n, ejecuci\u00f3n y cumplimiento. Todas las disputas, reclamaciones y controversias relativas a lo anterior se resolver\u00e1n entre el vendedor y el consumidor mediante la intervenci\u00f3n y asistencia de una organizaci\u00f3n de consumidores u otro organismo espa\u00f1ol de resoluci\u00f3n de litigios, que figura en https:\/\/ec.europa.eu\/consumers\/odr\/main\/?event=main.adr.show2 (todas las organizaciones de esta lista ofrecen procedimientos extrajudiciales de resoluci\u00f3n de litigios. Todas han sido homologadas con est\u00e1ndares de calidad en materia de equidad, eficiencia y accesibilidad), o mediante arbitraje de consumo.<\/p>\n<p>El Usuario declara haber le\u00eddo, comprendido y aceptado \u00edntegramente las presentes Condiciones Generales.<\/p>\n","protected":false},"excerpt":{"rendered":"<p>1.- OBJETO En cumplimiento de la Ley 34\/2002, de 11&hellip; <a class=\"continue\" href=\"https:\/\/tramasconsulting.com\/es\/condiciones-de-uso\/\">Continuar<span> Condiciones de uso<\/span><\/a><\/p>\n","protected":false},"author":1,"featured_media":0,"parent":0,"menu_order":0,"comment_status":"closed","ping_status":"closed","template":"","meta":{"footnotes":""},"class_list":["post-19306","page","type-page","status-publish","hentry"],"yoast_head":"<!-- This site is optimized with the Yoast SEO plugin v27.4 - https:\/\/yoast.com\/product\/yoast-seo-wordpress\/ -->\n<title>Amalia Carmen Romero Pe\u00f1alver - Condiciones de uso -<\/title>\n<meta name=\"description\" content=\"Amalia Carmen Romero Pe\u00f1alver - Condiciones de uso -\" \/>\n<meta name=\"robots\" content=\"index, follow, max-snippet:-1, max-image-preview:large, max-video-preview:-1\" \/>\n<link rel=\"canonical\" href=\"https:\/\/tramasconsulting.com\/es\/condiciones-de-uso\/\" \/>\n<meta property=\"og:locale\" content=\"es_ES\" \/>\n<meta property=\"og:type\" content=\"article\" \/>\n<meta property=\"og:title\" content=\"Amalia Carmen Romero Pe\u00f1alver - Condiciones de uso -\" \/>\n<meta property=\"og:description\" content=\"Amalia Carmen Romero Pe\u00f1alver - Condiciones de uso -\" \/>\n<meta property=\"og:url\" content=\"https:\/\/tramasconsulting.com\/es\/condiciones-de-uso\/\" \/>\n<meta property=\"og:site_name\" content=\"Amalia Carmen Romero Pe\u00f1alver\" \/>\n<meta property=\"article:modified_time\" content=\"2025-08-13T11:52:50+00:00\" \/>\n<meta name=\"twitter:card\" content=\"summary_large_image\" \/>\n<meta name=\"twitter:label1\" content=\"Tiempo de lectura\" \/>\n\t<meta name=\"twitter:data1\" content=\"8 minutos\" \/>\n<script type=\"application\/ld+json\" class=\"yoast-schema-graph\">{\"@context\":\"https:\\\/\\\/schema.org\",\"@graph\":[{\"@type\":\"WebPage\",\"@id\":\"https:\\\/\\\/tramasconsulting.com\\\/es\\\/condiciones-de-uso\\\/\",\"url\":\"https:\\\/\\\/tramasconsulting.com\\\/es\\\/condiciones-de-uso\\\/\",\"name\":\"Amalia Carmen Romero Pe\u00f1alver - Condiciones de uso -\",\"isPartOf\":{\"@id\":\"https:\\\/\\\/tramasconsulting.com\\\/#website\"},\"datePublished\":\"2025-07-05T09:56:43+00:00\",\"dateModified\":\"2025-08-13T11:52:50+00:00\",\"description\":\"Amalia Carmen Romero Pe\u00f1alver - Condiciones de uso -\",\"breadcrumb\":{\"@id\":\"https:\\\/\\\/tramasconsulting.com\\\/es\\\/condiciones-de-uso\\\/#breadcrumb\"},\"inLanguage\":\"es\",\"potentialAction\":[{\"@type\":\"ReadAction\",\"target\":[\"https:\\\/\\\/tramasconsulting.com\\\/es\\\/condiciones-de-uso\\\/\"]}]},{\"@type\":\"BreadcrumbList\",\"@id\":\"https:\\\/\\\/tramasconsulting.com\\\/es\\\/condiciones-de-uso\\\/#breadcrumb\",\"itemListElement\":[{\"@type\":\"ListItem\",\"position\":1,\"name\":\"Portada\",\"item\":\"https:\\\/\\\/tramasconsulting.com\\\/es\\\/\"},{\"@type\":\"ListItem\",\"position\":2,\"name\":\"Condiciones de uso\"}]},{\"@type\":\"WebSite\",\"@id\":\"https:\\\/\\\/tramasconsulting.com\\\/#website\",\"url\":\"https:\\\/\\\/tramasconsulting.com\\\/\",\"name\":\"Amalia Carmen Romero Pe\u00f1alver\",\"description\":\"Social and Health Consulting\",\"potentialAction\":[{\"@type\":\"SearchAction\",\"target\":{\"@type\":\"EntryPoint\",\"urlTemplate\":\"https:\\\/\\\/tramasconsulting.com\\\/?s={search_term_string}\"},\"query-input\":{\"@type\":\"PropertyValueSpecification\",\"valueRequired\":true,\"valueName\":\"search_term_string\"}}],\"inLanguage\":\"es\"},{\"@type\":\"ImageObject\",\"inLanguage\":\"es\",\"@id\":\"https:\\\/\\\/tramasconsulting.com\\\/es\\\/condiciones-de-uso\\\/#local-main-organization-logo\",\"url\":\"\",\"contentUrl\":\"\",\"caption\":\"Amalia Carmen Romero Pe\u00f1alver\"}]}<\/script>\n<!-- \/ Yoast SEO plugin. -->","yoast_head_json":{"title":"Amalia Carmen Romero Pe\u00f1alver - Condiciones de uso -","description":"Amalia Carmen Romero Pe\u00f1alver - Condiciones de uso -","robots":{"index":"index","follow":"follow","max-snippet":"max-snippet:-1","max-image-preview":"max-image-preview:large","max-video-preview":"max-video-preview:-1"},"canonical":"https:\/\/tramasconsulting.com\/es\/condiciones-de-uso\/","og_locale":"es_ES","og_type":"article","og_title":"Amalia Carmen Romero Pe\u00f1alver - Condiciones de uso -","og_description":"Amalia Carmen Romero Pe\u00f1alver - Condiciones de uso -","og_url":"https:\/\/tramasconsulting.com\/es\/condiciones-de-uso\/","og_site_name":"Amalia Carmen Romero Pe\u00f1alver","article_modified_time":"2025-08-13T11:52:50+00:00","twitter_card":"summary_large_image","twitter_misc":{"Tiempo de lectura":"8 minutos"},"schema":{"@context":"https:\/\/schema.org","@graph":[{"@type":"WebPage","@id":"https:\/\/tramasconsulting.com\/es\/condiciones-de-uso\/","url":"https:\/\/tramasconsulting.com\/es\/condiciones-de-uso\/","name":"Amalia Carmen Romero Pe\u00f1alver - Condiciones de uso -","isPartOf":{"@id":"https:\/\/tramasconsulting.com\/#website"},"datePublished":"2025-07-05T09:56:43+00:00","dateModified":"2025-08-13T11:52:50+00:00","description":"Amalia Carmen Romero Pe\u00f1alver - Condiciones de uso -","breadcrumb":{"@id":"https:\/\/tramasconsulting.com\/es\/condiciones-de-uso\/#breadcrumb"},"inLanguage":"es","potentialAction":[{"@type":"ReadAction","target":["https:\/\/tramasconsulting.com\/es\/condiciones-de-uso\/"]}]},{"@type":"BreadcrumbList","@id":"https:\/\/tramasconsulting.com\/es\/condiciones-de-uso\/#breadcrumb","itemListElement":[{"@type":"ListItem","position":1,"name":"Portada","item":"https:\/\/tramasconsulting.com\/es\/"},{"@type":"ListItem","position":2,"name":"Condiciones de uso"}]},{"@type":"WebSite","@id":"https:\/\/tramasconsulting.com\/#website","url":"https:\/\/tramasconsulting.com\/","name":"Amalia Carmen Romero Pe\u00f1alver","description":"Social and Health Consulting","potentialAction":[{"@type":"SearchAction","target":{"@type":"EntryPoint","urlTemplate":"https:\/\/tramasconsulting.com\/?s={search_term_string}"},"query-input":{"@type":"PropertyValueSpecification","valueRequired":true,"valueName":"search_term_string"}}],"inLanguage":"es"},{"@type":"ImageObject","inLanguage":"es","@id":"https:\/\/tramasconsulting.com\/es\/condiciones-de-uso\/#local-main-organization-logo","url":"","contentUrl":"","caption":"Amalia Carmen Romero Pe\u00f1alver"}]}},"_links":{"self":[{"href":"https:\/\/tramasconsulting.com\/es\/wp-json\/wp\/v2\/pages\/19306","targetHints":{"allow":["GET"]}}],"collection":[{"href":"https:\/\/tramasconsulting.com\/es\/wp-json\/wp\/v2\/pages"}],"about":[{"href":"https:\/\/tramasconsulting.com\/es\/wp-json\/wp\/v2\/types\/page"}],"author":[{"embeddable":true,"href":"https:\/\/tramasconsulting.com\/es\/wp-json\/wp\/v2\/users\/1"}],"replies":[{"embeddable":true,"href":"https:\/\/tramasconsulting.com\/es\/wp-json\/wp\/v2\/comments?post=19306"}],"version-history":[{"count":2,"href":"https:\/\/tramasconsulting.com\/es\/wp-json\/wp\/v2\/pages\/19306\/revisions"}],"predecessor-version":[{"id":19308,"href":"https:\/\/tramasconsulting.com\/es\/wp-json\/wp\/v2\/pages\/19306\/revisions\/19308"}],"wp:attachment":[{"href":"https:\/\/tramasconsulting.com\/es\/wp-json\/wp\/v2\/media?parent=19306"}],"curies":[{"name":"wp","href":"https:\/\/api.w.org\/{rel}","templated":true}]}}