{"id":19315,"date":"2025-07-17T13:20:38","date_gmt":"2025-07-17T11:20:38","guid":{"rendered":"https:\/\/tramasconsulting.com\/what-we-do\/"},"modified":"2025-09-22T15:44:22","modified_gmt":"2025-09-22T13:44:22","slug":"que-hacemos","status":"publish","type":"page","link":"https:\/\/tramasconsulting.com\/es\/que-hacemos\/","title":{"rendered":"Que hacemos"},"content":{"rendered":"<p><div class=\"fusion-fullwidth fullwidth-box fusion-builder-row-1 fusion-flex-container has-pattern-background has-mask-background nonhundred-percent-fullwidth non-hundred-percent-height-scrolling\" style=\"--awb-border-radius-top-left:0px;--awb-border-radius-top-right:0px;--awb-border-radius-bottom-right:0px;--awb-border-radius-bottom-left:0px;--awb-padding-top:24px;--awb-padding-bottom:24px;--awb-background-color:var(--awb-color6);--awb-flex-wrap:wrap;\" ><div class=\"fusion-builder-row fusion-row fusion-flex-align-items-stretch fusion-flex-content-wrap\" style=\"max-width:1144px;margin-left: calc(-4% \/ 2 );margin-right: calc(-4% \/ 2 );\"><div class=\"fusion-layout-column fusion_builder_column fusion-builder-column-0 fusion_builder_column_1_2 1_2 fusion-flex-column fusion-flex-align-self-stretch fusion-animated\" style=\"--awb-bg-image:url(&#039;https:\/\/tramasconsulting.com\/wp-content\/uploads\/2025\/09\/IMG_20250829_131953-scaled.jpg&#039;);--awb-bg-size:cover;--awb-width-large:50%;--awb-margin-top-large:0px;--awb-spacing-right-large:3.84%;--awb-margin-bottom-large:20px;--awb-spacing-left-large:3.84%;--awb-width-medium:50%;--awb-order-medium:0;--awb-spacing-right-medium:3.84%;--awb-spacing-left-medium:3.84%;--awb-width-small:100%;--awb-order-small:0;--awb-spacing-right-small:1.92%;--awb-spacing-left-small:1.92%;\" data-animationType=\"slideInLeft\" data-animationDuration=\"0.3\" data-animationOffset=\"top-into-view\" data-scroll-devices=\"small-visibility,medium-visibility,large-visibility\"><div class=\"fusion-column-wrapper fusion-column-has-shadow fusion-flex-justify-content-center fusion-content-layout-column fusion-empty-column-bg-image fusion-column-has-bg-image\" data-bg-url=\"https:\/\/tramasconsulting.com\/wp-content\/uploads\/2025\/09\/IMG_20250829_131953-scaled.jpg\"><img decoding=\"async\" class=\"fusion-empty-dims-img-placeholder fusion-no-large-visibility fusion-no-medium-visibility\" aria-label=\"IMG_20250829_131953\" src=\"data:image\/svg+xml,%3Csvg%20xmlns%3D%27http%3A%2F%2Fwww.w3.org%2F2000%2Fsvg%27%20width%3D%271920%27%20height%3D%272560%27%20viewBox%3D%270%200%201920%202560%27%3E%3Crect%20width%3D%271920%27%20height%3D%272560%27%20fill-opacity%3D%220%22%2F%3E%3C%2Fsvg%3E\"><\/div><\/div><div class=\"fusion-layout-column fusion_builder_column fusion-builder-column-1 fusion_builder_column_1_2 1_2 fusion-flex-column fusion-flex-align-self-center\" style=\"--awb-bg-size:cover;--awb-width-large:50%;--awb-margin-top-large:0px;--awb-spacing-right-large:3.84%;--awb-margin-bottom-large:20px;--awb-spacing-left-large:3.84%;--awb-width-medium:50%;--awb-order-medium:0;--awb-spacing-right-medium:3.84%;--awb-spacing-left-medium:3.84%;--awb-width-small:100%;--awb-order-small:0;--awb-spacing-right-small:1.92%;--awb-spacing-left-small:1.92%;\" data-scroll-devices=\"small-visibility,medium-visibility,large-visibility\"><div class=\"fusion-column-wrapper fusion-column-has-shadow fusion-flex-justify-content-center fusion-content-layout-column\"><div class=\"fusion-title title fusion-title-1 fusion-sep-none fusion-title-text fusion-title-size-three\"><h3 class=\"fusion-title-heading title-heading-left\" style=\"margin:0;\">Proyecto e investigaci\u00f3n<\/h3><\/div><div class=\"fusion-text fusion-text-1\"><p>Dise\u00f1amos y apoyamos el desarrollo de protocolos de investigaci\u00f3n, propuestas de proyectos y marcos metodol\u00f3gicos adaptados a diferentes sectores, necesidades y entornos operativos. Nuestro trabajo incluye ayudar a organizaciones y equipos a definir claramente las preguntas de investigaci\u00f3n, identificar los dise\u00f1os de estudio m\u00e1s adecuados y dise\u00f1ar estrategias s\u00f3lidas de recopilaci\u00f3n y an\u00e1lisis de datos que garanticen tanto el rigor cient\u00edfico como la relevancia pr\u00e1ctica.<\/p>\n<p>Tambi\u00e9n ayudamos a implementar sistemas eficaces de gesti\u00f3n de datos, garantizando la calidad, la integridad y el cumplimiento \u00e9tico de los datos durante todo el ciclo de vida de la investigaci\u00f3n. Ya sea que el objetivo sea evaluar una intervenci\u00f3n social, medir el impacto de un programa de salud o explorar tendencias emergentes, ofrecemos orientaci\u00f3n t\u00e9cnica basada en pr\u00e1cticas basadas en la evidencia y adaptada a las limitaciones del mundo real.<\/p>\n<\/div><\/div><\/div><\/div><\/div><div class=\"fusion-fullwidth fullwidth-box fusion-builder-row-2 fusion-flex-container has-pattern-background has-mask-background nonhundred-percent-fullwidth non-hundred-percent-height-scrolling\" style=\"--awb-border-radius-top-left:0px;--awb-border-radius-top-right:0px;--awb-border-radius-bottom-right:0px;--awb-border-radius-bottom-left:0px;--awb-padding-top:24px;--awb-padding-bottom:24px;--awb-background-color:var(--awb-color8);--awb-flex-wrap:wrap;\" ><div class=\"fusion-builder-row fusion-row fusion-flex-align-items-stretch fusion-flex-content-wrap\" style=\"max-width:1144px;margin-left: calc(-4% \/ 2 );margin-right: calc(-4% \/ 2 );\"><div class=\"fusion-layout-column fusion_builder_column fusion-builder-column-2 fusion_builder_column_1_2 1_2 fusion-flex-column fusion-flex-align-self-center\" style=\"--awb-bg-size:cover;--awb-width-large:50%;--awb-margin-top-large:0px;--awb-spacing-right-large:3.84%;--awb-margin-bottom-large:20px;--awb-spacing-left-large:3.84%;--awb-width-medium:50%;--awb-order-medium:0;--awb-spacing-right-medium:3.84%;--awb-spacing-left-medium:3.84%;--awb-width-small:100%;--awb-order-small:0;--awb-spacing-right-small:1.92%;--awb-spacing-left-small:1.92%;\" data-scroll-devices=\"small-visibility,medium-visibility,large-visibility\"><div class=\"fusion-column-wrapper fusion-column-has-shadow fusion-flex-justify-content-center fusion-content-layout-column\"><div class=\"fusion-title title fusion-title-2 fusion-sep-none fusion-title-text fusion-title-size-three\" style=\"--awb-text-color:var(--awb-color6);\"><h3 class=\"fusion-title-heading title-heading-left\" style=\"margin:0;\">Datos<\/h3><\/div><div class=\"fusion-text fusion-text-2\" style=\"--awb-text-color:#000000;\"><p>Coordinamos e implementamos procesos de recopilaci\u00f3n de datos cuantitativos y cualitativos utilizando enfoques contextuales y \u00e9ticos. Contamos con experiencia en dise\u00f1o de encuestas, entrevistas con informantes clave y facilitaci\u00f3n de grupos focales.<\/p>\n<p>Ofrecemos servicios integrales de an\u00e1lisis de datos que convierten los datos brutos en informaci\u00f3n pr\u00e1ctica.<\/p>\n<ul>\n<li>An\u00e1lisis cuantitativo: Realizamos an\u00e1lisis estad\u00edsticos descriptivos e inferenciales, revisiones sistem\u00e1ticas y metaan\u00e1lisis, as\u00ed como visualizaci\u00f3n de datos para apoyar la toma de decisiones y una comunicaci\u00f3n eficaz. Trabajamos con herramientas como R, SPSS, Shiny y Tableau para convertir datos complejos en conocimiento accesible y relevante para la formulaci\u00f3n de pol\u00edticas. Nuestra experiencia incluye el an\u00e1lisis de encuestas de opini\u00f3n, datos de vigilancia de la salud p\u00fablica, diagn\u00f3sticos sociales y la realizaci\u00f3n de evaluaciones de tecnolog\u00edas sanitarias.<\/li>\n<li>An\u00e1lisis cualitativo: Realizamos an\u00e1lisis cualitativos rigurosos utilizando codificaci\u00f3n tem\u00e1tica y otras metodolog\u00edas interpretativas. Trabajamos con herramientas como ATLAS.ti y NVivo, lo que garantiza una exploraci\u00f3n exhaustiva de narrativas, experiencias y factores contextuales.<\/li>\n<\/ul>\n<\/div><\/div><\/div><div class=\"fusion-layout-column fusion_builder_column fusion-builder-column-3 fusion_builder_column_1_2 1_2 fusion-flex-column fusion-flex-align-self-stretch fusion-animated\" style=\"--awb-bg-image:url(&#039;https:\/\/tramasconsulting.com\/wp-content\/uploads\/2025\/06\/7-scaled.jpg&#039;);--awb-bg-position:center center;--awb-bg-size:cover;--awb-width-large:50%;--awb-margin-top-large:0px;--awb-spacing-right-large:3.84%;--awb-margin-bottom-large:20px;--awb-spacing-left-large:3.84%;--awb-width-medium:50%;--awb-order-medium:0;--awb-spacing-right-medium:3.84%;--awb-spacing-left-medium:3.84%;--awb-width-small:100%;--awb-order-small:0;--awb-spacing-right-small:1.92%;--awb-spacing-left-small:1.92%;\" data-animationType=\"slideInLeft\" data-animationDuration=\"0.3\" data-animationOffset=\"top-into-view\" data-scroll-devices=\"small-visibility,medium-visibility,large-visibility\"><div class=\"fusion-column-wrapper fusion-column-has-shadow fusion-flex-justify-content-center fusion-content-layout-column fusion-empty-column-bg-image fusion-column-has-bg-image\" data-bg-url=\"https:\/\/tramasconsulting.com\/wp-content\/uploads\/2025\/06\/7-scaled.jpg\"><img decoding=\"async\" class=\"fusion-empty-dims-img-placeholder fusion-no-large-visibility fusion-no-medium-visibility\" aria-label=\"7\" src=\"data:image\/svg+xml,%3Csvg%20xmlns%3D%27http%3A%2F%2Fwww.w3.org%2F2000%2Fsvg%27%20width%3D%271440%27%20height%3D%272560%27%20viewBox%3D%270%200%201440%202560%27%3E%3Crect%20width%3D%271440%27%20height%3D%272560%27%20fill-opacity%3D%220%22%2F%3E%3C%2Fsvg%3E\"><\/div><\/div><\/div><\/div><div class=\"fusion-fullwidth fullwidth-box fusion-builder-row-3 fusion-flex-container has-pattern-background has-mask-background nonhundred-percent-fullwidth non-hundred-percent-height-scrolling\" style=\"--awb-border-radius-top-left:0px;--awb-border-radius-top-right:0px;--awb-border-radius-bottom-right:0px;--awb-border-radius-bottom-left:0px;--awb-padding-top:24px;--awb-padding-bottom:24px;--awb-background-color:var(--awb-color6);--awb-flex-wrap:wrap;\" ><div class=\"fusion-builder-row fusion-row fusion-flex-align-items-stretch fusion-flex-content-wrap\" style=\"max-width:1144px;margin-left: calc(-4% \/ 2 );margin-right: calc(-4% \/ 2 );\"><div class=\"fusion-layout-column fusion_builder_column fusion-builder-column-4 fusion_builder_column_1_2 1_2 fusion-flex-column fusion-flex-align-self-stretch fusion-animated\" style=\"--awb-bg-image:url(&#039;https:\/\/tramasconsulting.com\/wp-content\/uploads\/2025\/09\/WhatsApp-Image-2025-09-10-at-12.19.20-scaled-e1758548598185.jpeg&#039;);--awb-bg-size:cover;--awb-width-large:50%;--awb-margin-top-large:0px;--awb-spacing-right-large:3.84%;--awb-margin-bottom-large:20px;--awb-spacing-left-large:3.84%;--awb-width-medium:50%;--awb-order-medium:0;--awb-spacing-right-medium:3.84%;--awb-spacing-left-medium:3.84%;--awb-width-small:100%;--awb-order-small:0;--awb-spacing-right-small:1.92%;--awb-spacing-left-small:1.92%;\" data-animationType=\"slideInLeft\" data-animationDuration=\"0.3\" data-animationOffset=\"top-into-view\" data-scroll-devices=\"small-visibility,medium-visibility,large-visibility\"><div class=\"fusion-column-wrapper fusion-column-has-shadow fusion-flex-justify-content-center fusion-content-layout-column fusion-empty-column-bg-image fusion-column-has-bg-image\" data-bg-url=\"https:\/\/tramasconsulting.com\/wp-content\/uploads\/2025\/09\/WhatsApp-Image-2025-09-10-at-12.19.20-scaled-e1758548598185.jpeg\"><img decoding=\"async\" class=\"fusion-empty-dims-img-placeholder fusion-no-large-visibility fusion-no-medium-visibility\" aria-label=\"WhatsApp Image 2025-09-10 at 12.19.20\" src=\"data:image\/svg+xml,%3Csvg%20xmlns%3D%27http%3A%2F%2Fwww.w3.org%2F2000%2Fsvg%27%20width%3D%271440%27%20height%3D%272560%27%20viewBox%3D%270%200%201440%202560%27%3E%3Crect%20width%3D%271440%27%20height%3D%272560%27%20fill-opacity%3D%220%22%2F%3E%3C%2Fsvg%3E\"><\/div><\/div><div class=\"fusion-layout-column fusion_builder_column fusion-builder-column-5 fusion_builder_column_1_2 1_2 fusion-flex-column fusion-flex-align-self-center\" style=\"--awb-bg-size:cover;--awb-width-large:50%;--awb-margin-top-large:0px;--awb-spacing-right-large:3.84%;--awb-margin-bottom-large:20px;--awb-spacing-left-large:3.84%;--awb-width-medium:50%;--awb-order-medium:0;--awb-spacing-right-medium:3.84%;--awb-spacing-left-medium:3.84%;--awb-width-small:100%;--awb-order-small:0;--awb-spacing-right-small:1.92%;--awb-spacing-left-small:1.92%;\" data-scroll-devices=\"small-visibility,medium-visibility,large-visibility\"><div class=\"fusion-column-wrapper fusion-column-has-shadow fusion-flex-justify-content-center fusion-content-layout-column\"><div class=\"fusion-title title fusion-title-3 fusion-sep-none fusion-title-text fusion-title-size-three\"><h3 class=\"fusion-title-heading title-heading-left\" style=\"margin:0;\">Evaluaci\u00f3n de impacto y proyecto<\/h3><\/div><div class=\"fusion-text fusion-text-3\"><p>Ofrecemos servicios de evaluaci\u00f3n que fomentan el aprendizaje, la rendici\u00f3n de cuentas y la reflexi\u00f3n estrat\u00e9gica para organizaciones e iniciativas de diversos sectores. Nuestro enfoque se centra no solo en la medici\u00f3n de resultados, sino tambi\u00e9n en la comprensi\u00f3n de los procesos y contextos que los configuran, ayudando a los equipos a mejorar su trabajo y a potenciar su impacto.<\/p>\n<p>Contamos con una amplia experiencia en la evaluaci\u00f3n de proyectos de cooperaci\u00f3n internacional, pol\u00edticas p\u00fablicas y campa\u00f1as de incidencia pol\u00edtica, trabajando con ONG, instituciones p\u00fablicas y organizaciones multilaterales. Cada evaluaci\u00f3n se adapta a las necesidades y objetivos de nuestros clientes, buscando un equilibrio entre rigor, flexibilidad y facilidad de uso.<\/p>\n<\/div><\/div><\/div><\/div><\/div><div class=\"fusion-fullwidth fullwidth-box fusion-builder-row-4 fusion-flex-container has-pattern-background has-mask-background nonhundred-percent-fullwidth non-hundred-percent-height-scrolling\" style=\"--awb-border-radius-top-left:0px;--awb-border-radius-top-right:0px;--awb-border-radius-bottom-right:0px;--awb-border-radius-bottom-left:0px;--awb-padding-top:24px;--awb-padding-bottom:24px;--awb-background-color:var(--awb-color8);--awb-flex-wrap:wrap;\" ><div class=\"fusion-builder-row fusion-row fusion-flex-align-items-stretch fusion-flex-content-wrap\" style=\"max-width:1144px;margin-left: calc(-4% \/ 2 );margin-right: calc(-4% \/ 2 );\"><div class=\"fusion-layout-column fusion_builder_column fusion-builder-column-6 fusion_builder_column_1_2 1_2 fusion-flex-column fusion-flex-align-self-center\" style=\"--awb-bg-size:cover;--awb-width-large:50%;--awb-margin-top-large:0px;--awb-spacing-right-large:3.84%;--awb-margin-bottom-large:20px;--awb-spacing-left-large:3.84%;--awb-width-medium:50%;--awb-order-medium:0;--awb-spacing-right-medium:3.84%;--awb-spacing-left-medium:3.84%;--awb-width-small:100%;--awb-order-small:0;--awb-spacing-right-small:1.92%;--awb-spacing-left-small:1.92%;\" data-scroll-devices=\"small-visibility,medium-visibility,large-visibility\"><div class=\"fusion-column-wrapper fusion-column-has-shadow fusion-flex-justify-content-center fusion-content-layout-column\"><div class=\"fusion-title title fusion-title-4 fusion-sep-none fusion-title-text fusion-title-size-three\" style=\"--awb-text-color:var(--awb-color6);\"><h3 class=\"fusion-title-heading title-heading-left\" style=\"margin:0;\">Transferencia de conocimiento y generaci\u00f3n de evidencia<\/h3><\/div><div class=\"fusion-text fusion-text-4\" style=\"--awb-text-color:#000000;\"><p>Apoyamos la traducci\u00f3n de la evidencia a formatos accesibles y pr\u00e1cticos, adaptados a diversos p\u00fablicos, como legisladores, profesionales, acad\u00e9micos y comunidades. Nuestro objetivo es garantizar que los datos y los hallazgos de la investigaci\u00f3n orienten las decisiones pr\u00e1cticas y contribuyan a un cambio positivo.<\/p>\n<p>Nuestro trabajo incluye la redacci\u00f3n y el dise\u00f1o de informes de pol\u00edticas, informes t\u00e9cnicos y manuscritos acad\u00e9micos, adaptando el lenguaje, la estructura y la profundidad a las necesidades de cada p\u00fablico. Tambi\u00e9n desarrollamos herramientas visuales e interactivas, como aplicaciones Shiny, paneles de control e infograf\u00edas, para optimizar la interpretaci\u00f3n, la interacci\u00f3n y el uso de los datos.<\/p>\n<\/div><\/div><\/div><div class=\"fusion-layout-column fusion_builder_column fusion-builder-column-7 fusion_builder_column_1_2 1_2 fusion-flex-column fusion-flex-align-self-stretch fusion-animated\" style=\"--awb-bg-image:url(&#039;https:\/\/tramasconsulting.com\/wp-content\/uploads\/2025\/06\/6-scaled.jpg&#039;);--awb-bg-position:center center;--awb-bg-size:cover;--awb-width-large:50%;--awb-margin-top-large:0px;--awb-spacing-right-large:3.84%;--awb-margin-bottom-large:20px;--awb-spacing-left-large:3.84%;--awb-width-medium:50%;--awb-order-medium:0;--awb-spacing-right-medium:3.84%;--awb-spacing-left-medium:3.84%;--awb-width-small:100%;--awb-order-small:0;--awb-spacing-right-small:1.92%;--awb-spacing-left-small:1.92%;\" data-animationType=\"slideInLeft\" data-animationDuration=\"0.3\" data-animationOffset=\"top-into-view\" data-scroll-devices=\"small-visibility,medium-visibility,large-visibility\"><div class=\"fusion-column-wrapper fusion-column-has-shadow fusion-flex-justify-content-center fusion-content-layout-column fusion-empty-column-bg-image fusion-column-has-bg-image\" data-bg-url=\"https:\/\/tramasconsulting.com\/wp-content\/uploads\/2025\/06\/6-scaled.jpg\"><img decoding=\"async\" class=\"fusion-empty-dims-img-placeholder fusion-no-large-visibility fusion-no-medium-visibility\" aria-label=\"6\" src=\"data:image\/svg+xml,%3Csvg%20xmlns%3D%27http%3A%2F%2Fwww.w3.org%2F2000%2Fsvg%27%20width%3D%271440%27%20height%3D%272560%27%20viewBox%3D%270%200%201440%202560%27%3E%3Crect%20width%3D%271440%27%20height%3D%272560%27%20fill-opacity%3D%220%22%2F%3E%3C%2Fsvg%3E\"><\/div><\/div><\/div><\/div><\/p>\n","protected":false},"excerpt":{"rendered":"","protected":false},"author":1,"featured_media":0,"parent":0,"menu_order":0,"comment_status":"closed","ping_status":"closed","template":"100-width.php","meta":{"footnotes":""},"class_list":["post-19315","page","type-page","status-publish","hentry"],"yoast_head":"<!-- This site is optimized with the Yoast SEO plugin v27.4 - https:\/\/yoast.com\/product\/yoast-seo-wordpress\/ -->\n<title>Evaluaciones de expertos, investigaci\u00f3n, desarrollo de capacidades y asistencia t\u00e9cnica en desarrollo internacional<\/title>\n<meta name=\"description\" content=\"Servicios integrales que incluyen evaluaciones, investigaci\u00f3n social, desarrollo de capacidades y asistencia t\u00e9cnica adaptada a campa\u00f1as de promoci\u00f3n y proyectos de desarrollo internacional.\" \/>\n<meta name=\"robots\" content=\"index, follow, max-snippet:-1, max-image-preview:large, max-video-preview:-1\" \/>\n<link rel=\"canonical\" href=\"https:\/\/tramasconsulting.com\/es\/que-hacemos\/\" \/>\n<meta property=\"og:locale\" content=\"es_ES\" \/>\n<meta property=\"og:type\" content=\"article\" \/>\n<meta property=\"og:title\" content=\"Evaluaciones de expertos, investigaci\u00f3n, desarrollo de capacidades y asistencia t\u00e9cnica en desarrollo internacional\" \/>\n<meta property=\"og:description\" content=\"Servicios integrales que incluyen evaluaciones, investigaci\u00f3n social, desarrollo de capacidades y asistencia t\u00e9cnica adaptada a campa\u00f1as de promoci\u00f3n y proyectos de desarrollo internacional.\" \/>\n<meta property=\"og:url\" content=\"https:\/\/tramasconsulting.com\/es\/que-hacemos\/\" \/>\n<meta property=\"og:site_name\" content=\"Amalia Carmen Romero Pe\u00f1alver\" \/>\n<meta property=\"article:modified_time\" content=\"2025-09-22T13:44:22+00:00\" \/>\n<meta name=\"twitter:card\" content=\"summary_large_image\" \/>\n<meta name=\"twitter:label1\" content=\"Tiempo de lectura\" \/>\n\t<meta name=\"twitter:data1\" content=\"4 minutos\" \/>\n<script type=\"application\/ld+json\" class=\"yoast-schema-graph\">{\"@context\":\"https:\\\/\\\/schema.org\",\"@graph\":[{\"@type\":\"WebPage\",\"@id\":\"https:\\\/\\\/tramasconsulting.com\\\/es\\\/que-hacemos\\\/\",\"url\":\"https:\\\/\\\/tramasconsulting.com\\\/es\\\/que-hacemos\\\/\",\"name\":\"Evaluaciones de expertos, investigaci\u00f3n, desarrollo de capacidades y asistencia t\u00e9cnica en desarrollo internacional\",\"isPartOf\":{\"@id\":\"https:\\\/\\\/tramasconsulting.com\\\/#website\"},\"datePublished\":\"2025-07-17T11:20:38+00:00\",\"dateModified\":\"2025-09-22T13:44:22+00:00\",\"description\":\"Servicios integrales que incluyen evaluaciones, investigaci\u00f3n social, desarrollo de capacidades y asistencia t\u00e9cnica adaptada a campa\u00f1as de promoci\u00f3n y proyectos de desarrollo internacional.\",\"breadcrumb\":{\"@id\":\"https:\\\/\\\/tramasconsulting.com\\\/es\\\/que-hacemos\\\/#breadcrumb\"},\"inLanguage\":\"es\",\"potentialAction\":[{\"@type\":\"ReadAction\",\"target\":[\"https:\\\/\\\/tramasconsulting.com\\\/es\\\/que-hacemos\\\/\"]}]},{\"@type\":\"BreadcrumbList\",\"@id\":\"https:\\\/\\\/tramasconsulting.com\\\/es\\\/que-hacemos\\\/#breadcrumb\",\"itemListElement\":[{\"@type\":\"ListItem\",\"position\":1,\"name\":\"Portada\",\"item\":\"https:\\\/\\\/tramasconsulting.com\\\/es\\\/\"},{\"@type\":\"ListItem\",\"position\":2,\"name\":\"Que hacemos\"}]},{\"@type\":\"WebSite\",\"@id\":\"https:\\\/\\\/tramasconsulting.com\\\/#website\",\"url\":\"https:\\\/\\\/tramasconsulting.com\\\/\",\"name\":\"Amalia Carmen Romero Pe\u00f1alver\",\"description\":\"Social and Health Consulting\",\"potentialAction\":[{\"@type\":\"SearchAction\",\"target\":{\"@type\":\"EntryPoint\",\"urlTemplate\":\"https:\\\/\\\/tramasconsulting.com\\\/?s={search_term_string}\"},\"query-input\":{\"@type\":\"PropertyValueSpecification\",\"valueRequired\":true,\"valueName\":\"search_term_string\"}}],\"inLanguage\":\"es\"},{\"@type\":\"ImageObject\",\"inLanguage\":\"es\",\"@id\":\"https:\\\/\\\/tramasconsulting.com\\\/es\\\/que-hacemos\\\/#local-main-organization-logo\",\"url\":\"\",\"contentUrl\":\"\",\"caption\":\"Amalia Carmen Romero Pe\u00f1alver\"}]}<\/script>\n<!-- \/ Yoast SEO plugin. -->","yoast_head_json":{"title":"Evaluaciones de expertos, investigaci\u00f3n, desarrollo de capacidades y asistencia t\u00e9cnica en desarrollo internacional","description":"Servicios integrales que incluyen evaluaciones, investigaci\u00f3n social, desarrollo de capacidades y asistencia t\u00e9cnica adaptada a campa\u00f1as de promoci\u00f3n y proyectos de desarrollo internacional.","robots":{"index":"index","follow":"follow","max-snippet":"max-snippet:-1","max-image-preview":"max-image-preview:large","max-video-preview":"max-video-preview:-1"},"canonical":"https:\/\/tramasconsulting.com\/es\/que-hacemos\/","og_locale":"es_ES","og_type":"article","og_title":"Evaluaciones de expertos, investigaci\u00f3n, desarrollo de capacidades y asistencia t\u00e9cnica en desarrollo internacional","og_description":"Servicios integrales que incluyen evaluaciones, investigaci\u00f3n social, desarrollo de capacidades y asistencia t\u00e9cnica adaptada a campa\u00f1as de promoci\u00f3n y proyectos de desarrollo internacional.","og_url":"https:\/\/tramasconsulting.com\/es\/que-hacemos\/","og_site_name":"Amalia Carmen Romero Pe\u00f1alver","article_modified_time":"2025-09-22T13:44:22+00:00","twitter_card":"summary_large_image","twitter_misc":{"Tiempo de lectura":"4 minutos"},"schema":{"@context":"https:\/\/schema.org","@graph":[{"@type":"WebPage","@id":"https:\/\/tramasconsulting.com\/es\/que-hacemos\/","url":"https:\/\/tramasconsulting.com\/es\/que-hacemos\/","name":"Evaluaciones de expertos, investigaci\u00f3n, desarrollo de capacidades y asistencia t\u00e9cnica en desarrollo internacional","isPartOf":{"@id":"https:\/\/tramasconsulting.com\/#website"},"datePublished":"2025-07-17T11:20:38+00:00","dateModified":"2025-09-22T13:44:22+00:00","description":"Servicios integrales que incluyen evaluaciones, investigaci\u00f3n social, desarrollo de capacidades y asistencia t\u00e9cnica adaptada a campa\u00f1as de promoci\u00f3n y proyectos de desarrollo internacional.","breadcrumb":{"@id":"https:\/\/tramasconsulting.com\/es\/que-hacemos\/#breadcrumb"},"inLanguage":"es","potentialAction":[{"@type":"ReadAction","target":["https:\/\/tramasconsulting.com\/es\/que-hacemos\/"]}]},{"@type":"BreadcrumbList","@id":"https:\/\/tramasconsulting.com\/es\/que-hacemos\/#breadcrumb","itemListElement":[{"@type":"ListItem","position":1,"name":"Portada","item":"https:\/\/tramasconsulting.com\/es\/"},{"@type":"ListItem","position":2,"name":"Que hacemos"}]},{"@type":"WebSite","@id":"https:\/\/tramasconsulting.com\/#website","url":"https:\/\/tramasconsulting.com\/","name":"Amalia Carmen Romero Pe\u00f1alver","description":"Social and Health Consulting","potentialAction":[{"@type":"SearchAction","target":{"@type":"EntryPoint","urlTemplate":"https:\/\/tramasconsulting.com\/?s={search_term_string}"},"query-input":{"@type":"PropertyValueSpecification","valueRequired":true,"valueName":"search_term_string"}}],"inLanguage":"es"},{"@type":"ImageObject","inLanguage":"es","@id":"https:\/\/tramasconsulting.com\/es\/que-hacemos\/#local-main-organization-logo","url":"","contentUrl":"","caption":"Amalia Carmen Romero Pe\u00f1alver"}]}},"_links":{"self":[{"href":"https:\/\/tramasconsulting.com\/es\/wp-json\/wp\/v2\/pages\/19315","targetHints":{"allow":["GET"]}}],"collection":[{"href":"https:\/\/tramasconsulting.com\/es\/wp-json\/wp\/v2\/pages"}],"about":[{"href":"https:\/\/tramasconsulting.com\/es\/wp-json\/wp\/v2\/types\/page"}],"author":[{"embeddable":true,"href":"https:\/\/tramasconsulting.com\/es\/wp-json\/wp\/v2\/users\/1"}],"replies":[{"embeddable":true,"href":"https:\/\/tramasconsulting.com\/es\/wp-json\/wp\/v2\/comments?post=19315"}],"version-history":[{"count":3,"href":"https:\/\/tramasconsulting.com\/es\/wp-json\/wp\/v2\/pages\/19315\/revisions"}],"predecessor-version":[{"id":19723,"href":"https:\/\/tramasconsulting.com\/es\/wp-json\/wp\/v2\/pages\/19315\/revisions\/19723"}],"wp:attachment":[{"href":"https:\/\/tramasconsulting.com\/es\/wp-json\/wp\/v2\/media?parent=19315"}],"curies":[{"name":"wp","href":"https:\/\/api.w.org\/{rel}","templated":true}]}}