{"id":19319,"date":"2025-07-26T10:51:31","date_gmt":"2025-07-26T08:51:31","guid":{"rendered":"https:\/\/tramasconsulting.com\/about-international-development-consultants\/"},"modified":"2025-09-22T15:57:37","modified_gmt":"2025-09-22T13:57:37","slug":"acerca-de-los-consultores-de-desarrollo-internacional","status":"publish","type":"page","link":"https:\/\/tramasconsulting.com\/es\/acerca-de-los-consultores-de-desarrollo-internacional\/","title":{"rendered":"Quienes somos"},"content":{"rendered":"<p><div class=\"fusion-fullwidth fullwidth-box fusion-builder-row-1 fusion-flex-container has-pattern-background has-mask-background nonhundred-percent-fullwidth non-hundred-percent-height-scrolling\" style=\"--awb-border-radius-top-left:0px;--awb-border-radius-top-right:0px;--awb-border-radius-bottom-right:0px;--awb-border-radius-bottom-left:0px;--awb-padding-top:24px;--awb-padding-bottom:24px;--awb-background-color:var(--awb-color8);--awb-flex-wrap:wrap;\" ><div class=\"fusion-builder-row fusion-row fusion-flex-align-items-flex-start fusion-flex-content-wrap\" style=\"max-width:1144px;margin-left: calc(-4% \/ 2 );margin-right: calc(-4% \/ 2 );\"><div class=\"fusion-layout-column fusion_builder_column fusion-builder-column-0 fusion_builder_column_1_2 1_2 fusion-flex-column fusion-flex-align-self-stretch fusion-animated\" style=\"--awb-bg-image:url(&#039;https:\/\/tramasconsulting.com\/wp-content\/uploads\/2025\/09\/WhatsApp-Image-2025-09-10-at-12.19.12-scaled-e1758549448842.jpeg&#039;);--awb-bg-size:cover;--awb-width-large:50%;--awb-margin-top-large:0px;--awb-spacing-right-large:3.84%;--awb-margin-bottom-large:20px;--awb-spacing-left-large:3.84%;--awb-width-medium:50%;--awb-order-medium:0;--awb-spacing-right-medium:3.84%;--awb-spacing-left-medium:3.84%;--awb-width-small:100%;--awb-order-small:0;--awb-spacing-right-small:1.92%;--awb-spacing-left-small:1.92%;\" data-animationType=\"slideInLeft\" data-animationDuration=\"0.3\" data-animationOffset=\"top-into-view\" data-scroll-devices=\"small-visibility,medium-visibility,large-visibility\"><div class=\"fusion-column-wrapper fusion-column-has-shadow fusion-flex-justify-content-center fusion-content-layout-column fusion-empty-column-bg-image fusion-column-has-bg-image\" data-bg-url=\"https:\/\/tramasconsulting.com\/wp-content\/uploads\/2025\/09\/WhatsApp-Image-2025-09-10-at-12.19.12-scaled-e1758549448842.jpeg\"><img decoding=\"async\" class=\"fusion-empty-dims-img-placeholder\" alt=\"Whatsapp Image 2025 09 10 At 12.19.12\" aria-label=\"Whatsapp Image 2025 09 10 At 12.19.12\" src=\"data:image\/svg+xml,%3Csvg%20xmlns%3D%27http%3A%2F%2Fwww.w3.org%2F2000%2Fsvg%27%20width%3D%271440%27%20height%3D%271480%27%20viewBox%3D%270%200%201440%201480%27%3E%3Crect%20width%3D%271440%27%20height%3D%271480%27%20fill-opacity%3D%220%22%2F%3E%3C%2Fsvg%3E\"><\/div><\/div><div class=\"fusion-layout-column fusion_builder_column fusion-builder-column-1 fusion_builder_column_1_2 1_2 fusion-flex-column fusion-flex-align-self-center\" style=\"--awb-bg-size:cover;--awb-width-large:50%;--awb-margin-top-large:0px;--awb-spacing-right-large:3.84%;--awb-margin-bottom-large:20px;--awb-spacing-left-large:3.84%;--awb-width-medium:50%;--awb-order-medium:0;--awb-spacing-right-medium:3.84%;--awb-spacing-left-medium:3.84%;--awb-width-small:100%;--awb-order-small:0;--awb-spacing-right-small:1.92%;--awb-spacing-left-small:1.92%;\" data-scroll-devices=\"small-visibility,medium-visibility,large-visibility\"><div class=\"fusion-column-wrapper fusion-column-has-shadow fusion-flex-justify-content-center fusion-content-layout-column\"><div class=\"fusion-title title fusion-title-1 fusion-sep-none fusion-title-text fusion-title-size-three\" style=\"--awb-text-color:var(--awb-color6);\"><h3 class=\"fusion-title-heading title-heading-left\" style=\"margin:0;\">Tejiendo el cambio: Una visi\u00f3n compartida para un mundo m\u00e1s justo y equitativo<\/h3><\/div><div class=\"fusion-text fusion-text-1\" style=\"--awb-text-color:#000000;\"><p>Somos cuatro mujeres que conectamos en Granada, Espa\u00f1a, durante nuestra especializaci\u00f3n profesional. En un mundo incierto, descubrimos una visi\u00f3n compartida: un mundo m\u00e1s igualitario, justo y compasivo, que trabaja activamente para reducir las desigualdades sociales, con una perspectiva de g\u00e9nero y un enfoque interseccional. Si bien cada una aporta diferentes \u00e1reas de enfoque, metodolog\u00edas y pasiones a nuestro trabajo, este conjunto de valores comunes nos ha motivado a unir fuerzas como colaboradoras, comprometidas a convertir nuestras creencias en acci\u00f3n, juntas.<\/p>\n<p>A partir de esta visi\u00f3n compartida, hemos creado TramAS &#8211; Consultor\u00eda Social y de Salud: un grupo dedicado a promover la equidad social y sanitaria a trav\u00e9s de proyectos impactantes y con valor.<\/p>\n<\/div><\/div><\/div><\/div><\/div><div class=\"fusion-fullwidth fullwidth-box fusion-builder-row-2 fusion-flex-container has-pattern-background has-mask-background nonhundred-percent-fullwidth non-hundred-percent-height-scrolling\" style=\"--awb-border-radius-top-left:0px;--awb-border-radius-top-right:0px;--awb-border-radius-bottom-right:0px;--awb-border-radius-bottom-left:0px;--awb-padding-top:24px;--awb-padding-bottom:24px;--awb-background-color:var(--awb-color6);--awb-flex-wrap:wrap;\" ><div class=\"fusion-builder-row fusion-row fusion-flex-align-items-stretch fusion-flex-content-wrap\" style=\"max-width:1144px;margin-left: calc(-4% \/ 2 );margin-right: calc(-4% \/ 2 );\"><div class=\"fusion-layout-column fusion_builder_column fusion-builder-column-2 fusion_builder_column_1_2 1_2 fusion-flex-column fusion-flex-align-self-center\" style=\"--awb-bg-size:cover;--awb-width-large:50%;--awb-margin-top-large:0px;--awb-spacing-right-large:3.84%;--awb-margin-bottom-large:20px;--awb-spacing-left-large:3.84%;--awb-width-medium:50%;--awb-order-medium:0;--awb-spacing-right-medium:3.84%;--awb-spacing-left-medium:3.84%;--awb-width-small:100%;--awb-order-small:0;--awb-spacing-right-small:1.92%;--awb-spacing-left-small:1.92%;\" data-scroll-devices=\"small-visibility,medium-visibility,large-visibility\"><div class=\"fusion-column-wrapper fusion-column-has-shadow fusion-flex-justify-content-center fusion-content-layout-column\"><div class=\"fusion-title title fusion-title-2 fusion-sep-none fusion-title-text fusion-title-size-three\" style=\"--awb-text-color:var(--awb-color8);\"><h3 class=\"fusion-title-heading title-heading-left\" style=\"margin:0;\">TramAS<\/h3><\/div><div class=\"fusion-text fusion-text-2\"><p>En espa\u00f1ol, &#8220;tramas&#8221; se refiere al conjunto de hilos horizontales que se entrelazan con los verticales \u2014conocidos como &#8220;urdimbre&#8221;\u2014 para formar la tela en un telar. Juntos, la trama y el urdimbre crean la base de cualquier tejido.<\/p>\n<p>Esta met\u00e1fora es la esencia de nuestra consultor\u00eda. As\u00ed como los hilos deben unirse con intenci\u00f3n y tensi\u00f3n para crear una tela fuerte y resiliente, creemos que un cambio significativo y duradero solo es posible cuando las personas, las organizaciones y las ideas se entrelazan intencionalmente.<\/p>\n<p>En TramAS, trabajamos para tejer comunidades de cambio, reuniendo a diversos actores, perspectivas y recursos para crear soluciones interconectadas que son m\u00e1s fuertes que la suma de sus partes.<\/p>\n<\/div><\/div><\/div><div class=\"fusion-layout-column fusion_builder_column fusion-builder-column-3 fusion_builder_column_1_2 1_2 fusion-flex-column fusion-flex-align-self-stretch fusion-animated\" style=\"--awb-bg-image:url(&#039;https:\/\/tramasconsulting.com\/wp-content\/uploads\/2025\/09\/IMG_20250822_205008-scaled.jpg&#039;);--awb-bg-position:center center;--awb-bg-size:cover;--awb-width-large:50%;--awb-margin-top-large:0px;--awb-spacing-right-large:3.84%;--awb-margin-bottom-large:20px;--awb-spacing-left-large:3.84%;--awb-width-medium:50%;--awb-order-medium:0;--awb-spacing-right-medium:3.84%;--awb-spacing-left-medium:3.84%;--awb-width-small:100%;--awb-order-small:0;--awb-spacing-right-small:1.92%;--awb-spacing-left-small:1.92%;\" data-animationType=\"slideInLeft\" data-animationDuration=\"0.3\" data-animationOffset=\"top-into-view\" data-scroll-devices=\"small-visibility,medium-visibility,large-visibility\"><div class=\"fusion-column-wrapper fusion-column-has-shadow fusion-flex-justify-content-center fusion-content-layout-column fusion-empty-column-bg-image fusion-column-has-bg-image\" data-bg-url=\"https:\/\/tramasconsulting.com\/wp-content\/uploads\/2025\/09\/IMG_20250822_205008-scaled.jpg\"><img decoding=\"async\" class=\"fusion-empty-dims-img-placeholder fusion-no-large-visibility fusion-no-medium-visibility\" aria-label=\"IMG_20250822_205008\" src=\"data:image\/svg+xml,%3Csvg%20xmlns%3D%27http%3A%2F%2Fwww.w3.org%2F2000%2Fsvg%27%20width%3D%271920%27%20height%3D%272560%27%20viewBox%3D%270%200%201920%202560%27%3E%3Crect%20width%3D%271920%27%20height%3D%272560%27%20fill-opacity%3D%220%22%2F%3E%3C%2Fsvg%3E\"><\/div><\/div><\/div><\/div><\/p>\n","protected":false},"excerpt":{"rendered":"","protected":false},"author":1,"featured_media":0,"parent":0,"menu_order":0,"comment_status":"closed","ping_status":"closed","template":"100-width.php","meta":{"footnotes":""},"class_list":["post-19319","page","type-page","status-publish","hentry"],"yoast_head":"<!-- This site is optimized with the Yoast SEO plugin v27.4 - https:\/\/yoast.com\/product\/yoast-seo-wordpress\/ -->\n<title>Qui\u00e9nes somos: conozca al equipo detr\u00e1s del trabajo transformador<\/title>\n<meta name=\"description\" content=\"Descubra qui\u00e9nes somos: un equipo de profesionales apasionados y comprometidos con la justicia social\" \/>\n<meta name=\"robots\" content=\"index, follow, max-snippet:-1, max-image-preview:large, max-video-preview:-1\" \/>\n<link rel=\"canonical\" href=\"https:\/\/tramasconsulting.com\/es\/acerca-de-los-consultores-de-desarrollo-internacional\/\" \/>\n<meta property=\"og:locale\" content=\"es_ES\" \/>\n<meta property=\"og:type\" content=\"article\" \/>\n<meta property=\"og:title\" content=\"Qui\u00e9nes somos: conozca al equipo detr\u00e1s del trabajo transformador\" \/>\n<meta property=\"og:description\" content=\"Descubra qui\u00e9nes somos: un equipo de profesionales apasionados y comprometidos con la justicia social\" \/>\n<meta property=\"og:url\" content=\"https:\/\/tramasconsulting.com\/es\/acerca-de-los-consultores-de-desarrollo-internacional\/\" \/>\n<meta property=\"og:site_name\" content=\"Amalia Carmen Romero Pe\u00f1alver\" \/>\n<meta property=\"article:modified_time\" content=\"2025-09-22T13:57:37+00:00\" \/>\n<meta name=\"twitter:card\" content=\"summary_large_image\" \/>\n<meta name=\"twitter:label1\" content=\"Tiempo de lectura\" \/>\n\t<meta name=\"twitter:data1\" content=\"2 minutos\" \/>\n<script type=\"application\/ld+json\" class=\"yoast-schema-graph\">{\"@context\":\"https:\\\/\\\/schema.org\",\"@graph\":[{\"@type\":\"WebPage\",\"@id\":\"https:\\\/\\\/tramasconsulting.com\\\/es\\\/acerca-de-los-consultores-de-desarrollo-internacional\\\/\",\"url\":\"https:\\\/\\\/tramasconsulting.com\\\/es\\\/acerca-de-los-consultores-de-desarrollo-internacional\\\/\",\"name\":\"Qui\u00e9nes somos: conozca al equipo detr\u00e1s del trabajo transformador\",\"isPartOf\":{\"@id\":\"https:\\\/\\\/tramasconsulting.com\\\/#website\"},\"datePublished\":\"2025-07-26T08:51:31+00:00\",\"dateModified\":\"2025-09-22T13:57:37+00:00\",\"description\":\"Descubra qui\u00e9nes somos: un equipo de profesionales apasionados y comprometidos con la justicia social\",\"breadcrumb\":{\"@id\":\"https:\\\/\\\/tramasconsulting.com\\\/es\\\/acerca-de-los-consultores-de-desarrollo-internacional\\\/#breadcrumb\"},\"inLanguage\":\"es\",\"potentialAction\":[{\"@type\":\"ReadAction\",\"target\":[\"https:\\\/\\\/tramasconsulting.com\\\/es\\\/acerca-de-los-consultores-de-desarrollo-internacional\\\/\"]}]},{\"@type\":\"BreadcrumbList\",\"@id\":\"https:\\\/\\\/tramasconsulting.com\\\/es\\\/acerca-de-los-consultores-de-desarrollo-internacional\\\/#breadcrumb\",\"itemListElement\":[{\"@type\":\"ListItem\",\"position\":1,\"name\":\"Portada\",\"item\":\"https:\\\/\\\/tramasconsulting.com\\\/es\\\/\"},{\"@type\":\"ListItem\",\"position\":2,\"name\":\"Quienes somos\"}]},{\"@type\":\"WebSite\",\"@id\":\"https:\\\/\\\/tramasconsulting.com\\\/#website\",\"url\":\"https:\\\/\\\/tramasconsulting.com\\\/\",\"name\":\"Amalia Carmen Romero Pe\u00f1alver\",\"description\":\"Social and Health Consulting\",\"potentialAction\":[{\"@type\":\"SearchAction\",\"target\":{\"@type\":\"EntryPoint\",\"urlTemplate\":\"https:\\\/\\\/tramasconsulting.com\\\/?s={search_term_string}\"},\"query-input\":{\"@type\":\"PropertyValueSpecification\",\"valueRequired\":true,\"valueName\":\"search_term_string\"}}],\"inLanguage\":\"es\"},{\"@type\":\"ImageObject\",\"inLanguage\":\"es\",\"@id\":\"https:\\\/\\\/tramasconsulting.com\\\/es\\\/acerca-de-los-consultores-de-desarrollo-internacional\\\/#local-main-organization-logo\",\"url\":\"\",\"contentUrl\":\"\",\"caption\":\"Amalia Carmen Romero Pe\u00f1alver\"}]}<\/script>\n<!-- \/ Yoast SEO plugin. -->","yoast_head_json":{"title":"Qui\u00e9nes somos: conozca al equipo detr\u00e1s del trabajo transformador","description":"Descubra qui\u00e9nes somos: un equipo de profesionales apasionados y comprometidos con la justicia social","robots":{"index":"index","follow":"follow","max-snippet":"max-snippet:-1","max-image-preview":"max-image-preview:large","max-video-preview":"max-video-preview:-1"},"canonical":"https:\/\/tramasconsulting.com\/es\/acerca-de-los-consultores-de-desarrollo-internacional\/","og_locale":"es_ES","og_type":"article","og_title":"Qui\u00e9nes somos: conozca al equipo detr\u00e1s del trabajo transformador","og_description":"Descubra qui\u00e9nes somos: un equipo de profesionales apasionados y comprometidos con la justicia social","og_url":"https:\/\/tramasconsulting.com\/es\/acerca-de-los-consultores-de-desarrollo-internacional\/","og_site_name":"Amalia Carmen Romero Pe\u00f1alver","article_modified_time":"2025-09-22T13:57:37+00:00","twitter_card":"summary_large_image","twitter_misc":{"Tiempo de lectura":"2 minutos"},"schema":{"@context":"https:\/\/schema.org","@graph":[{"@type":"WebPage","@id":"https:\/\/tramasconsulting.com\/es\/acerca-de-los-consultores-de-desarrollo-internacional\/","url":"https:\/\/tramasconsulting.com\/es\/acerca-de-los-consultores-de-desarrollo-internacional\/","name":"Qui\u00e9nes somos: conozca al equipo detr\u00e1s del trabajo transformador","isPartOf":{"@id":"https:\/\/tramasconsulting.com\/#website"},"datePublished":"2025-07-26T08:51:31+00:00","dateModified":"2025-09-22T13:57:37+00:00","description":"Descubra qui\u00e9nes somos: un equipo de profesionales apasionados y comprometidos con la justicia social","breadcrumb":{"@id":"https:\/\/tramasconsulting.com\/es\/acerca-de-los-consultores-de-desarrollo-internacional\/#breadcrumb"},"inLanguage":"es","potentialAction":[{"@type":"ReadAction","target":["https:\/\/tramasconsulting.com\/es\/acerca-de-los-consultores-de-desarrollo-internacional\/"]}]},{"@type":"BreadcrumbList","@id":"https:\/\/tramasconsulting.com\/es\/acerca-de-los-consultores-de-desarrollo-internacional\/#breadcrumb","itemListElement":[{"@type":"ListItem","position":1,"name":"Portada","item":"https:\/\/tramasconsulting.com\/es\/"},{"@type":"ListItem","position":2,"name":"Quienes somos"}]},{"@type":"WebSite","@id":"https:\/\/tramasconsulting.com\/#website","url":"https:\/\/tramasconsulting.com\/","name":"Amalia Carmen Romero Pe\u00f1alver","description":"Social and Health Consulting","potentialAction":[{"@type":"SearchAction","target":{"@type":"EntryPoint","urlTemplate":"https:\/\/tramasconsulting.com\/?s={search_term_string}"},"query-input":{"@type":"PropertyValueSpecification","valueRequired":true,"valueName":"search_term_string"}}],"inLanguage":"es"},{"@type":"ImageObject","inLanguage":"es","@id":"https:\/\/tramasconsulting.com\/es\/acerca-de-los-consultores-de-desarrollo-internacional\/#local-main-organization-logo","url":"","contentUrl":"","caption":"Amalia Carmen Romero Pe\u00f1alver"}]}},"_links":{"self":[{"href":"https:\/\/tramasconsulting.com\/es\/wp-json\/wp\/v2\/pages\/19319","targetHints":{"allow":["GET"]}}],"collection":[{"href":"https:\/\/tramasconsulting.com\/es\/wp-json\/wp\/v2\/pages"}],"about":[{"href":"https:\/\/tramasconsulting.com\/es\/wp-json\/wp\/v2\/types\/page"}],"author":[{"embeddable":true,"href":"https:\/\/tramasconsulting.com\/es\/wp-json\/wp\/v2\/users\/1"}],"replies":[{"embeddable":true,"href":"https:\/\/tramasconsulting.com\/es\/wp-json\/wp\/v2\/comments?post=19319"}],"version-history":[{"count":7,"href":"https:\/\/tramasconsulting.com\/es\/wp-json\/wp\/v2\/pages\/19319\/revisions"}],"predecessor-version":[{"id":19725,"href":"https:\/\/tramasconsulting.com\/es\/wp-json\/wp\/v2\/pages\/19319\/revisions\/19725"}],"wp:attachment":[{"href":"https:\/\/tramasconsulting.com\/es\/wp-json\/wp\/v2\/media?parent=19319"}],"curies":[{"name":"wp","href":"https:\/\/api.w.org\/{rel}","templated":true}]}}